{"id":5804,"date":"2026-02-01T13:34:58","date_gmt":"2026-02-01T10:34:58","guid":{"rendered":"https:\/\/studiokook.ee\/?page_id=5804"},"modified":"2026-04-26T09:23:13","modified_gmt":"2026-04-26T06:23:13","slug":"fenix","status":"publish","type":"page","link":"https:\/\/studiokook.ee\/en\/fassaadid\/fenix\/","title":{"rendered":"Fenix facade materials"},"content":{"rendered":"<p class=\"lead\">FENIX is an innovative nanotechnology-based matte surface material, manufactured in Italy. It is made from low-pressure laminate (HPL) and coated with next-generation acrylic resins that give it an extraordinary matte appearance and a velvety soft touch.<\/p>\n<h2>FENIX advantages<\/h2>\n<ul>\n<li><strong>Fingerprint-resistant<\/strong> \u2014 the matte surface does not leave visible fingerprints<\/li>\n<li><strong>Self-healing scratches<\/strong> \u2014 superficial scratches disappear with heat treatment<\/li>\n<li><strong>Antibacterial<\/strong> \u2014 hygienic and easy to maintain<\/li>\n<li><strong>Low light reflection<\/strong> \u2014 elegant matte appearance<\/li>\n<li><strong>Soft touch<\/strong> \u2014 pleasant velvety texture<\/li>\n<\/ul>\n<p>FENIX is ideally suited for kitchen countertops, facades and furniture elements where a modern and practical finish is desired.<\/p>\nngg_shortcode_0_placeholder","protected":false},"excerpt":{"rendered":"<p>FENIX on innovaatiline nanotehnoloogial p\u00f5hinev matt pinnamaterjal, mida toodetakse Itaalias. See on valmistatud madala r\u00f5huga laminaadist (HPL) ja kaetud j\u00e4rgmise [&hellip;]<\/p>","protected":false},"author":1,"featured_media":0,"parent":5800,"menu_order":0,"comment_status":"closed","ping_status":"closed","template":"","meta":{"_yoast_wpseo_focuskw":"","_yoast_wpseo_title":"Fenix NTM k\u00f6\u00f6gifassaadid | Nanopind | Studiok\u00f6\u00f6k","_yoast_wpseo_metadesc":"Fenix NTM k\u00f6\u00f6gifassaadid: nanotehnoloogia, matt pind, s\u00f5rmej\u00e4ljevaba. Iseparanevad mikrokriimud. Itaalia kvaliteet. Studiok\u00f6\u00f6k.","site-sidebar-layout":"default","site-content-layout":"","ast-site-content-layout":"","site-content-style":"default","site-sidebar-style":"default","ast-global-header-display":"","ast-banner-title-visibility":"","ast-main-header-display":"","ast-hfb-above-header-display":"","ast-hfb-below-header-display":"","ast-hfb-mobile-header-display":"","site-post-title":"","ast-breadcrumbs-content":"","ast-featured-img":"","footer-sml-layout":"","theme-transparent-header-meta":"","adv-header-id-meta":"","stick-header-meta":"","header-above-stick-meta":"","header-main-stick-meta":"","header-below-stick-meta":"","astra-migrate-meta-layouts":"default","ast-page-background-enabled":"default","ast-page-background-meta":{"desktop":{"background-color":"var(--ast-global-color-4)","background-image":"","background-repeat":"repeat","background-position":"center center","background-size":"auto","background-attachment":"scroll","background-type":"","background-media":"","overlay-type":"","overlay-color":"","overlay-opacity":"","overlay-gradient":""},"tablet":{"background-color":"","background-image":"","background-repeat":"repeat","background-position":"center center","background-size":"auto","background-attachment":"scroll","background-type":"","background-media":"","overlay-type":"","overlay-color":"","overlay-opacity":"","overlay-gradient":""},"mobile":{"background-color":"","background-image":"","background-repeat":"repeat","background-position":"center center","background-size":"auto","background-attachment":"scroll","background-type":"","background-media":"","overlay-type":"","overlay-color":"","overlay-opacity":"","overlay-gradient":""}},"ast-content-background-meta":{"desktop":{"background-color":"var(--ast-global-color-5)","background-image":"","background-repeat":"repeat","background-position":"center center","background-size":"auto","background-attachment":"scroll","background-type":"","background-media":"","overlay-type":"","overlay-color":"","overlay-opacity":"","overlay-gradient":""},"tablet":{"background-color":"var(--ast-global-color-5)","background-image":"","background-repeat":"repeat","background-position":"center center","background-size":"auto","background-attachment":"scroll","background-type":"","background-media":"","overlay-type":"","overlay-color":"","overlay-opacity":"","overlay-gradient":""},"mobile":{"background-color":"var(--ast-global-color-5)","background-image":"","background-repeat":"repeat","background-position":"center center","background-size":"auto","background-attachment":"scroll","background-type":"","background-media":"","overlay-type":"","overlay-color":"","overlay-opacity":"","overlay-gradient":""}},"ngg_post_thumbnail":0,"footnotes":""},"class_list":["post-5804","page","type-page","status-publish","hentry"],"yoast_head":"<!-- This site is optimized with the Yoast SEO plugin v26.3 - https:\/\/yoast.com\/wordpress\/plugins\/seo\/ -->\n<title>Fenix NTM k\u00f6\u00f6gifassaadid | Nanopind | Studiok\u00f6\u00f6k<\/title>\n<meta name=\"description\" content=\"Fenix NTM k\u00f6\u00f6gifassaadid: nanotehnoloogia, matt pind, s\u00f5rmej\u00e4ljevaba. Iseparanevad mikrokriimud. Itaalia kvaliteet. Studiok\u00f6\u00f6k.\" \/>\n<meta name=\"robots\" content=\"index, follow, max-snippet:-1, max-image-preview:large, max-video-preview:-1\" \/>\n<link rel=\"canonical\" href=\"https:\/\/studiokook.ee\/en\/fassaadid\/fenix\/\" \/>\n<meta property=\"og:locale\" content=\"en_GB\" \/>\n<meta property=\"og:type\" content=\"article\" \/>\n<meta property=\"og:title\" content=\"Fenix NTM k\u00f6\u00f6gifassaadid | Nanopind | Studiok\u00f6\u00f6k\" \/>\n<meta property=\"og:description\" content=\"Fenix NTM k\u00f6\u00f6gifassaadid: nanotehnoloogia, matt pind, s\u00f5rmej\u00e4ljevaba. Iseparanevad mikrokriimud. Itaalia kvaliteet. Studiok\u00f6\u00f6k.\" \/>\n<meta property=\"og:url\" content=\"https:\/\/studiokook.ee\/en\/fassaadid\/fenix\/\" \/>\n<meta property=\"og:site_name\" content=\"Studiok\u00f6\u00f6k\" \/>\n<meta property=\"article:modified_time\" content=\"2026-04-26T06:23:13+00:00\" \/>\n<meta property=\"og:image\" content=\"https:\/\/studiokook.ee\/wp-content\/uploads\/2024\/02\/IKL3101-scaled-1.webp\" \/>\n\t<meta property=\"og:image:width\" content=\"2560\" \/>\n\t<meta property=\"og:image:height\" content=\"1708\" \/>\n\t<meta property=\"og:image:type\" content=\"image\/webp\" \/>\n<meta name=\"twitter:card\" content=\"summary_large_image\" \/>\n<script type=\"application\/ld+json\" class=\"yoast-schema-graph\">{\"@context\":\"https:\/\/schema.org\",\"@graph\":[{\"@type\":\"WebPage\",\"@id\":\"https:\/\/studiokook.ee\/fassaadid\/fenix\/\",\"url\":\"https:\/\/studiokook.ee\/fassaadid\/fenix\/\",\"name\":\"Fenix NTM k\u00f6\u00f6gifassaadid | Nanopind | Studiok\u00f6\u00f6k\",\"isPartOf\":{\"@id\":\"https:\/\/studiokook.ee\/#website\"},\"datePublished\":\"2026-02-01T10:34:58+00:00\",\"dateModified\":\"2026-04-26T06:23:13+00:00\",\"description\":\"Custom kitchen furniture in Tallinn. Bespoke kitchens with individual measurements and designs. Austrian hardware, 5-year warranty.\",\"breadcrumb\":{\"@id\":\"https:\/\/studiokook.ee\/fassaadid\/fenix\/#breadcrumb\"},\"inLanguage\":\"en-GB\",\"potentialAction\":[{\"@type\":\"ReadAction\",\"target\":[\"https:\/\/studiokook.ee\/fassaadid\/fenix\/\"]}]},{\"@type\":\"WebSite\",\"@id\":\"https:\/\/studiokook.ee\/#website\",\"url\":\"https:\/\/studiokook.ee\/\",\"name\":\"Studiok\u00f6\u00f6k\",\"description\":\"\",\"potentialAction\":[{\"@type\":\"SearchAction\",\"target\":{\"@type\":\"EntryPoint\",\"urlTemplate\":\"https:\/\/studiokook.ee\/?s={search_term_string}\"},\"query-input\":{\"@type\":\"PropertyValueSpecification\",\"valueRequired\":true,\"valueName\":\"search_term_string\"}}],\"inLanguage\":\"en-GB\"}]}<\/script>\n<!-- \/ Yoast SEO plugin. -->","yoast_head_json":{"title":"Fenix NTM k\u00f6\u00f6gifassaadid | Nanopind | Studiok\u00f6\u00f6k","description":"Fenix NTM k\u00f6\u00f6gifassaadid: nanotehnoloogia, matt pind, s\u00f5rmej\u00e4ljevaba. Iseparanevad mikrokriimud. Itaalia kvaliteet. Studiok\u00f6\u00f6k.","robots":{"index":"index","follow":"follow","max-snippet":"max-snippet:-1","max-image-preview":"max-image-preview:large","max-video-preview":"max-video-preview:-1"},"canonical":"https:\/\/studiokook.ee\/en\/fassaadid\/fenix\/","og_locale":"en_GB","og_type":"article","og_title":"Fenix NTM k\u00f6\u00f6gifassaadid | Nanopind | Studiok\u00f6\u00f6k","og_description":"Fenix NTM k\u00f6\u00f6gifassaadid: nanotehnoloogia, matt pind, s\u00f5rmej\u00e4ljevaba. Iseparanevad mikrokriimud. Itaalia kvaliteet. Studiok\u00f6\u00f6k.","og_url":"https:\/\/studiokook.ee\/en\/fassaadid\/fenix\/","og_site_name":"Studiok\u00f6\u00f6k","article_modified_time":"2026-04-26T06:23:13+00:00","og_image":[{"width":2560,"height":1708,"url":"https:\/\/studiokook.ee\/wp-content\/uploads\/2024\/02\/IKL3101-scaled-1.webp","type":"image\/webp"}],"twitter_card":"summary_large_image","schema":{"@context":"https:\/\/schema.org","@graph":[{"@type":"WebPage","@id":"https:\/\/studiokook.ee\/fassaadid\/fenix\/","url":"https:\/\/studiokook.ee\/fassaadid\/fenix\/","name":"Fenix NTM k\u00f6\u00f6gifassaadid | Nanopind | Studiok\u00f6\u00f6k","isPartOf":{"@id":"https:\/\/studiokook.ee\/#website"},"datePublished":"2026-02-01T10:34:58+00:00","dateModified":"2026-04-26T06:23:13+00:00","description":"Custom kitchen furniture in Tallinn. Bespoke kitchens with individual measurements and designs. Austrian hardware, 5-year warranty.","breadcrumb":{"@id":"https:\/\/studiokook.ee\/fassaadid\/fenix\/#breadcrumb"},"inLanguage":"en-GB","potentialAction":[{"@type":"ReadAction","target":["https:\/\/studiokook.ee\/fassaadid\/fenix\/"]}]},{"@type":"WebSite","@id":"https:\/\/studiokook.ee\/#website","url":"https:\/\/studiokook.ee\/","name":"Studiok\u00f6\u00f6k","description":"","potentialAction":[{"@type":"SearchAction","target":{"@type":"EntryPoint","urlTemplate":"https:\/\/studiokook.ee\/?s={search_term_string}"},"query-input":{"@type":"PropertyValueSpecification","valueRequired":true,"valueName":"search_term_string"}}],"inLanguage":"en-GB"}]}},"_links":{"self":[{"href":"https:\/\/studiokook.ee\/en\/wp-json\/wp\/v2\/pages\/5804","targetHints":{"allow":["GET"]}}],"collection":[{"href":"https:\/\/studiokook.ee\/en\/wp-json\/wp\/v2\/pages"}],"about":[{"href":"https:\/\/studiokook.ee\/en\/wp-json\/wp\/v2\/types\/page"}],"author":[{"embeddable":true,"href":"https:\/\/studiokook.ee\/en\/wp-json\/wp\/v2\/users\/1"}],"replies":[{"embeddable":true,"href":"https:\/\/studiokook.ee\/en\/wp-json\/wp\/v2\/comments?post=5804"}],"version-history":[{"count":3,"href":"https:\/\/studiokook.ee\/en\/wp-json\/wp\/v2\/pages\/5804\/revisions"}],"predecessor-version":[{"id":6370,"href":"https:\/\/studiokook.ee\/en\/wp-json\/wp\/v2\/pages\/5804\/revisions\/6370"}],"up":[{"embeddable":true,"href":"https:\/\/studiokook.ee\/en\/wp-json\/wp\/v2\/pages\/5800"}],"wp:attachment":[{"href":"https:\/\/studiokook.ee\/en\/wp-json\/wp\/v2\/media?parent=5804"}],"curies":[{"name":"wp","href":"https:\/\/api.w.org\/{rel}","templated":true}]}}