{"id":6291,"date":"2026-02-01T22:54:17","date_gmt":"2026-02-01T19:54:17","guid":{"rendered":"https:\/\/studiokook.ee\/?page_id=6291"},"modified":"2026-02-01T23:03:52","modified_gmt":"2026-02-01T20:03:52","slug":"kivi","status":"publish","type":"page","link":"https:\/\/studiokook.ee\/en\/egger\/kivi\/","title":{"rendered":"Stone"},"content":{"rendered":"","protected":false},"excerpt":{"rendered":"","protected":false},"author":1,"featured_media":0,"parent":5802,"menu_order":0,"comment_status":"closed","ping_status":"closed","template":"","meta":{"_yoast_wpseo_focuskw":"","_yoast_wpseo_title":"Kivitekstuursed Egger t\u00f6\u00f6tasapinnad | Studiok\u00f6\u00f6k","_yoast_wpseo_metadesc":"Kivitekstuursed EGGER t\u00f6\u00f6tasapinnad k\u00f6\u00f6gim\u00f6\u00f6blile \u2014 marmor, graniit ja teised kivimustrid. Vastupidav ja elegantne valik k\u00f6\u00f6gile. Tutvuge valikuga Studiok\u00f6\u00f6gi salonist.","site-sidebar-layout":"default","site-content-layout":"","ast-site-content-layout":"","site-content-style":"default","site-sidebar-style":"default","ast-global-header-display":"","ast-banner-title-visibility":"","ast-main-header-display":"","ast-hfb-above-header-display":"","ast-hfb-below-header-display":"","ast-hfb-mobile-header-display":"","site-post-title":"","ast-breadcrumbs-content":"","ast-featured-img":"","footer-sml-layout":"","theme-transparent-header-meta":"","adv-header-id-meta":"","stick-header-meta":"","header-above-stick-meta":"","header-main-stick-meta":"","header-below-stick-meta":"","astra-migrate-meta-layouts":"default","ast-page-background-enabled":"default","ast-page-background-meta":{"desktop":{"background-color":"var(--ast-global-color-4)","background-image":"","background-repeat":"repeat","background-position":"center center","background-size":"auto","background-attachment":"scroll","background-type":"","background-media":"","overlay-type":"","overlay-color":"","overlay-opacity":"","overlay-gradient":""},"tablet":{"background-color":"","background-image":"","background-repeat":"repeat","background-position":"center center","background-size":"auto","background-attachment":"scroll","background-type":"","background-media":"","overlay-type":"","overlay-color":"","overlay-opacity":"","overlay-gradient":""},"mobile":{"background-color":"","background-image":"","background-repeat":"repeat","background-position":"center center","background-size":"auto","background-attachment":"scroll","background-type":"","background-media":"","overlay-type":"","overlay-color":"","overlay-opacity":"","overlay-gradient":""}},"ast-content-background-meta":{"desktop":{"background-color":"var(--ast-global-color-5)","background-image":"","background-repeat":"repeat","background-position":"center center","background-size":"auto","background-attachment":"scroll","background-type":"","background-media":"","overlay-type":"","overlay-color":"","overlay-opacity":"","overlay-gradient":""},"tablet":{"background-color":"var(--ast-global-color-5)","background-image":"","background-repeat":"repeat","background-position":"center center","background-size":"auto","background-attachment":"scroll","background-type":"","background-media":"","overlay-type":"","overlay-color":"","overlay-opacity":"","overlay-gradient":""},"mobile":{"background-color":"var(--ast-global-color-5)","background-image":"","background-repeat":"repeat","background-position":"center center","background-size":"auto","background-attachment":"scroll","background-type":"","background-media":"","overlay-type":"","overlay-color":"","overlay-opacity":"","overlay-gradient":""}},"ngg_post_thumbnail":0,"footnotes":""},"class_list":["post-6291","page","type-page","status-publish","hentry"],"yoast_head":"<!-- This site is optimized with the Yoast SEO plugin v26.3 - https:\/\/yoast.com\/wordpress\/plugins\/seo\/ -->\n<title>Kivitekstuursed Egger t\u00f6\u00f6tasapinnad | Studiok\u00f6\u00f6k<\/title>\n<meta name=\"description\" content=\"Kivitekstuursed EGGER t\u00f6\u00f6tasapinnad k\u00f6\u00f6gim\u00f6\u00f6blile \u2014 marmor, graniit ja teised kivimustrid. Vastupidav ja elegantne valik k\u00f6\u00f6gile. Tutvuge valikuga Studiok\u00f6\u00f6gi salonist.\" \/>\n<meta name=\"robots\" content=\"index, follow, max-snippet:-1, max-image-preview:large, max-video-preview:-1\" \/>\n<link rel=\"canonical\" href=\"https:\/\/studiokook.ee\/en\/egger\/kivi\/\" \/>\n<meta property=\"og:locale\" content=\"en_GB\" \/>\n<meta property=\"og:type\" content=\"article\" \/>\n<meta property=\"og:title\" content=\"Kivitekstuursed Egger t\u00f6\u00f6tasapinnad | Studiok\u00f6\u00f6k\" \/>\n<meta property=\"og:description\" content=\"Kivitekstuursed EGGER t\u00f6\u00f6tasapinnad k\u00f6\u00f6gim\u00f6\u00f6blile \u2014 marmor, graniit ja teised kivimustrid. Vastupidav ja elegantne valik k\u00f6\u00f6gile. Tutvuge valikuga Studiok\u00f6\u00f6gi salonist.\" \/>\n<meta property=\"og:url\" content=\"https:\/\/studiokook.ee\/en\/egger\/kivi\/\" \/>\n<meta property=\"og:site_name\" content=\"Studiok\u00f6\u00f6k\" \/>\n<meta property=\"article:modified_time\" content=\"2026-02-01T20:03:52+00:00\" \/>\n<meta property=\"og:image\" content=\"https:\/\/studiokook.ee\/wp-content\/uploads\/2024\/02\/IKL3101-scaled-1.webp\" \/>\n\t<meta property=\"og:image:width\" content=\"2560\" \/>\n\t<meta property=\"og:image:height\" content=\"1708\" \/>\n\t<meta property=\"og:image:type\" content=\"image\/webp\" \/>\n<meta name=\"twitter:card\" content=\"summary_large_image\" \/>\n<script type=\"application\/ld+json\" class=\"yoast-schema-graph\">{\"@context\":\"https:\/\/schema.org\",\"@graph\":[{\"@type\":\"WebPage\",\"@id\":\"https:\/\/studiokook.ee\/egger\/kivi\/\",\"url\":\"https:\/\/studiokook.ee\/egger\/kivi\/\",\"name\":\"Kivitekstuursed Egger t\u00f6\u00f6tasapinnad | Studiok\u00f6\u00f6k\",\"isPartOf\":{\"@id\":\"https:\/\/studiokook.ee\/#website\"},\"datePublished\":\"2026-02-01T19:54:17+00:00\",\"dateModified\":\"2026-02-01T20:03:52+00:00\",\"description\":\"Custom kitchen furniture in Tallinn. Bespoke kitchens with individual measurements and designs. Austrian hardware, 5-year warranty.\",\"breadcrumb\":{\"@id\":\"https:\/\/studiokook.ee\/egger\/kivi\/#breadcrumb\"},\"inLanguage\":\"en-GB\",\"potentialAction\":[{\"@type\":\"ReadAction\",\"target\":[\"https:\/\/studiokook.ee\/egger\/kivi\/\"]}]},{\"@type\":\"WebSite\",\"@id\":\"https:\/\/studiokook.ee\/#website\",\"url\":\"https:\/\/studiokook.ee\/\",\"name\":\"Studiok\u00f6\u00f6k\",\"description\":\"\",\"potentialAction\":[{\"@type\":\"SearchAction\",\"target\":{\"@type\":\"EntryPoint\",\"urlTemplate\":\"https:\/\/studiokook.ee\/?s={search_term_string}\"},\"query-input\":{\"@type\":\"PropertyValueSpecification\",\"valueRequired\":true,\"valueName\":\"search_term_string\"}}],\"inLanguage\":\"en-GB\"}]}<\/script>\n<!-- \/ Yoast SEO plugin. -->","yoast_head_json":{"title":"Kivitekstuursed Egger t\u00f6\u00f6tasapinnad | Studiok\u00f6\u00f6k","description":"Kivitekstuursed EGGER t\u00f6\u00f6tasapinnad k\u00f6\u00f6gim\u00f6\u00f6blile \u2014 marmor, graniit ja teised kivimustrid. Vastupidav ja elegantne valik k\u00f6\u00f6gile. Tutvuge valikuga Studiok\u00f6\u00f6gi salonist.","robots":{"index":"index","follow":"follow","max-snippet":"max-snippet:-1","max-image-preview":"max-image-preview:large","max-video-preview":"max-video-preview:-1"},"canonical":"https:\/\/studiokook.ee\/en\/egger\/kivi\/","og_locale":"en_GB","og_type":"article","og_title":"Kivitekstuursed Egger t\u00f6\u00f6tasapinnad | Studiok\u00f6\u00f6k","og_description":"Kivitekstuursed EGGER t\u00f6\u00f6tasapinnad k\u00f6\u00f6gim\u00f6\u00f6blile \u2014 marmor, graniit ja teised kivimustrid. Vastupidav ja elegantne valik k\u00f6\u00f6gile. Tutvuge valikuga Studiok\u00f6\u00f6gi salonist.","og_url":"https:\/\/studiokook.ee\/en\/egger\/kivi\/","og_site_name":"Studiok\u00f6\u00f6k","article_modified_time":"2026-02-01T20:03:52+00:00","og_image":[{"width":2560,"height":1708,"url":"https:\/\/studiokook.ee\/wp-content\/uploads\/2024\/02\/IKL3101-scaled-1.webp","type":"image\/webp"}],"twitter_card":"summary_large_image","schema":{"@context":"https:\/\/schema.org","@graph":[{"@type":"WebPage","@id":"https:\/\/studiokook.ee\/egger\/kivi\/","url":"https:\/\/studiokook.ee\/egger\/kivi\/","name":"Kivitekstuursed Egger t\u00f6\u00f6tasapinnad | Studiok\u00f6\u00f6k","isPartOf":{"@id":"https:\/\/studiokook.ee\/#website"},"datePublished":"2026-02-01T19:54:17+00:00","dateModified":"2026-02-01T20:03:52+00:00","description":"Custom kitchen furniture in Tallinn. Bespoke kitchens with individual measurements and designs. Austrian hardware, 5-year warranty.","breadcrumb":{"@id":"https:\/\/studiokook.ee\/egger\/kivi\/#breadcrumb"},"inLanguage":"en-GB","potentialAction":[{"@type":"ReadAction","target":["https:\/\/studiokook.ee\/egger\/kivi\/"]}]},{"@type":"WebSite","@id":"https:\/\/studiokook.ee\/#website","url":"https:\/\/studiokook.ee\/","name":"Studiok\u00f6\u00f6k","description":"","potentialAction":[{"@type":"SearchAction","target":{"@type":"EntryPoint","urlTemplate":"https:\/\/studiokook.ee\/?s={search_term_string}"},"query-input":{"@type":"PropertyValueSpecification","valueRequired":true,"valueName":"search_term_string"}}],"inLanguage":"en-GB"}]}},"_links":{"self":[{"href":"https:\/\/studiokook.ee\/en\/wp-json\/wp\/v2\/pages\/6291","targetHints":{"allow":["GET"]}}],"collection":[{"href":"https:\/\/studiokook.ee\/en\/wp-json\/wp\/v2\/pages"}],"about":[{"href":"https:\/\/studiokook.ee\/en\/wp-json\/wp\/v2\/types\/page"}],"author":[{"embeddable":true,"href":"https:\/\/studiokook.ee\/en\/wp-json\/wp\/v2\/users\/1"}],"replies":[{"embeddable":true,"href":"https:\/\/studiokook.ee\/en\/wp-json\/wp\/v2\/comments?post=6291"}],"version-history":[{"count":1,"href":"https:\/\/studiokook.ee\/en\/wp-json\/wp\/v2\/pages\/6291\/revisions"}],"predecessor-version":[{"id":6292,"href":"https:\/\/studiokook.ee\/en\/wp-json\/wp\/v2\/pages\/6291\/revisions\/6292"}],"up":[{"embeddable":true,"href":"https:\/\/studiokook.ee\/en\/wp-json\/wp\/v2\/pages\/5802"}],"wp:attachment":[{"href":"https:\/\/studiokook.ee\/en\/wp-json\/wp\/v2\/media?parent=6291"}],"curies":[{"name":"wp","href":"https:\/\/api.w.org\/{rel}","templated":true}]}}