{"id":2651,"date":"2024-02-20T18:16:56","date_gmt":"2024-02-20T15:16:56","guid":{"rendered":"https:\/\/studiokook.ee\/?page_id=2651"},"modified":"2024-08-04T07:41:36","modified_gmt":"2024-08-04T04:41:36","slug":"nurgamehhanismid","status":"publish","type":"page","link":"https:\/\/studiokook.ee\/fi\/nurgamehhanismid\/","title":{"rendered":"Kulmamekanismit"},"content":{"rendered":"<div data-elementor-type=\"wp-page\" data-elementor-id=\"2651\" class=\"elementor elementor-2651\">\n\t\t\t\t<div class=\"elementor-element elementor-element-c2a1224 e-flex e-con-boxed elementor-section-parallax-no e-con e-parent\" data-id=\"c2a1224\" data-element_type=\"container\" data-settings=\"{&quot;background_background&quot;:&quot;classic&quot;}\">\n\t\t\t\t\t<div class=\"e-con-inner\">\n\t\t\t\t<div class=\"elementor-element elementor-element-6ab525d elementor-position-left elementor-mobile-position-left elementor-vertical-align-middle elementor-vertical-align-bottom elementor-view-default elementor-widget elementor-widget-icon-box\" data-id=\"6ab525d\" data-element_type=\"widget\" data-widget_type=\"icon-box.default\">\n\t\t\t\t<div class=\"elementor-widget-container\">\n\t\t\t\t\t<div class=\"elementor-icon-box-wrapper\">\n\n\t\t\t\t\t\t<div class=\"elementor-icon-box-icon\">\n\t\t\t\t<span  class=\"elementor-icon elementor-animation-\">\n\t\t\t\t<i aria-hidden=\"true\" class=\"xi xi-play-store\"><\/i>\t\t\t\t<\/span>\n\t\t\t<\/div>\n\t\t\t\n\t\t\t\t\t\t<div class=\"elementor-icon-box-content\">\n\n\t\t\t\t\t\t\t\t\t<h1 class=\"elementor-icon-box-title\">\n\t\t\t\t\t\t<span  >\n\t\t\t\t\t\t\tKulmamekanismit\t\t\t\t\t\t<\/span>\n\t\t\t\t\t<\/h1>\n\t\t\t\t\n\t\t\t\t\n\t\t\t<\/div>\n\t\t\t\n\t\t<\/div>\n\t\t\t\t<\/div>\n\t\t\t\t<\/div>\n\t\t\t\t\t<\/div>\n\t\t\t\t<\/div>\n\t\t<div class=\"elementor-element elementor-element-a35cbc5 e-flex e-con-boxed elementor-section-parallax-no e-con e-parent\" data-id=\"a35cbc5\" data-element_type=\"container\">\n\t\t\t\t\t<div class=\"e-con-inner\">\n\t\t\t\t<div class=\"elementor-element elementor-element-fb3106c elementor-widget__width-initial elementor-widget elementor-widget-text-editor\" data-id=\"fb3106c\" data-element_type=\"widget\" data-widget_type=\"text-editor.default\">\n\t\t\t\t<div class=\"elementor-widget-container\">\n\t\t\t\t\t\t\t<h3 class=\"et_pb_module_header\">LeMans- Toimivuus ja mukavuus.<\/h3><div><p>LeMans-tarjottimet ovat yksi k\u00e4tevimmist\u00e4 ja ergonomisimmista ratkaisuista keitti\u00f6\u00f6si, mik\u00e4 takaa nopean p\u00e4\u00e4syn kaikkiin keitti\u00f6v\u00e4lineisiin, s\u00e4\u00e4st\u00e4\u00e4 tilaa ja on varustettu sile\u00e4ll\u00e4 ja laadukkaalla mekanismilla. 85\u00b0 avauskulma v\u00e4ltt\u00e4\u00e4 kosketuksen vierekk\u00e4isiin kaappeihin, mik\u00e4 yksinkertaistaa huomattavasti keitti\u00f6n alueen suunnittelua ja varmistaa k\u00e4yt\u00f6n helppouden. Vaikka tila on rajallinen, ei ole vaaraa vahingoittaa viereisi\u00e4 paneeleja.\u00a0<\/p><\/div>\t\t\t\t\t\t<\/div>\n\t\t\t\t<\/div>\n\t\t<div class=\"elementor-element elementor-element-6797993 e-con-full e-flex elementor-section-parallax-no e-con e-child\" data-id=\"6797993\" data-element_type=\"container\">\n\t\t\t\t<div class=\"elementor-element elementor-element-8fd9592 elementor-widget elementor-widget-image\" data-id=\"8fd9592\" data-element_type=\"widget\" data-widget_type=\"image.default\">\n\t\t\t\t<div class=\"elementor-widget-container\">\n\t\t\t\t\t\t\t\t\t\t\t\t\t<img fetchpriority=\"high\" decoding=\"async\" width=\"599\" height=\"598\" src=\"https:\/\/studiokook.ee\/wp-content\/uploads\/2024\/02\/Le-Mans.webp\" class=\"attachment-full size-full wp-image-2655\" alt=\"Nurgakapid v\u00e4ljat\u00f5mmatavate riiulitega k\u00f6\u00f6gim\u00f6\u00f6blis, kus hoitakse potte ja taldrikuid\" srcset=\"https:\/\/studiokook.ee\/wp-content\/uploads\/2024\/02\/Le-Mans.webp 599w, https:\/\/studiokook.ee\/wp-content\/uploads\/2024\/02\/Le-Mans-300x300.webp 300w, https:\/\/studiokook.ee\/wp-content\/uploads\/2024\/02\/Le-Mans-150x150.webp 150w\" sizes=\"(max-width: 599px) 100vw, 599px\" \/>\t\t\t\t\t\t\t\t\t\t\t\t\t<\/div>\n\t\t\t\t<\/div>\n\t\t\t\t<div class=\"elementor-element elementor-element-987450f elementor-widget__width-initial elementor-widget elementor-widget-button\" data-id=\"987450f\" data-element_type=\"widget\" data-widget_type=\"button.default\">\n\t\t\t\t<div class=\"elementor-widget-container\">\n\t\t\t\t\t\t\t<div class=\"elementor-button-wrapper\">\n\t\t\t\t\t<a class=\"elementor-button elementor-button-link elementor-size-xs\" href=\"https:\/\/studiokook.ee\/ru\/hinnaparing\/\">\n\t\t\t\t\t\t<span class=\"elementor-button-content-wrapper\">\n\t\t\t\t\t\t<span class=\"elementor-button-icon\">\n\t\t\t\t<svg aria-hidden=\"true\" class=\"e-font-icon-svg e-fas-arrow-right\" viewbox=\"0 0 448 512\" xmlns=\"http:\/\/www.w3.org\/2000\/svg\"><path d=\"M190.5 66.9l22.2-22.2c9.4-9.4 24.6-9.4 33.9 0L441 239c9.4 9.4 9.4 24.6 0 33.9L246.6 467.3c-9.4 9.4-24.6 9.4-33.9 0l-22.2-22.2c-9.5-9.5-9.3-25 .4-34.3L311.4 296H24c-13.3 0-24-10.7-24-24v-32c0-13.3 10.7-24 24-24h287.4L190.9 101.2c-9.8-9.3-10-24.8-.4-34.3z\"><\/path><\/svg>\t\t\t<\/span>\n\t\t\t\t\t\t\t\t\t<span class=\"elementor-button-text\">OLLA YHTEYDESS\u00c4<\/span>\n\t\t\t\t\t<\/span>\n\t\t\t\t\t<\/a>\n\t\t\t\t<\/div>\n\t\t\t\t\t\t<\/div>\n\t\t\t\t<\/div>\n\t\t\t\t<\/div>\n\t\t\t\t\t<\/div>\n\t\t\t\t<\/div>\n\t\t<div class=\"elementor-element elementor-element-c75b0df e-flex e-con-boxed elementor-section-parallax-no e-con e-parent\" data-id=\"c75b0df\" data-element_type=\"container\" data-settings=\"{&quot;background_background&quot;:&quot;classic&quot;}\">\n\t\t\t\t\t<div class=\"e-con-inner\">\n\t\t\t\t<div class=\"elementor-element elementor-element-5b55498 elementor-widget__width-initial elementor-widget-mobile__width-inherit elementor-widget elementor-widget-image\" data-id=\"5b55498\" data-element_type=\"widget\" data-widget_type=\"image.default\">\n\t\t\t\t<div class=\"elementor-widget-container\">\n\t\t\t\t\t\t\t\t\t\t\t\t\t<img decoding=\"async\" width=\"600\" height=\"600\" src=\"https:\/\/studiokook.ee\/wp-content\/uploads\/2024\/02\/Magic-Corner.webp\" class=\"attachment-full size-full wp-image-2654\" alt=\"Eritellimusk\u00f6\u00f6k k\u00f6\u00f6gim\u00f6\u00f6bel pull-out kapi sisustus n\u00f5udepesukorbidega\" srcset=\"https:\/\/studiokook.ee\/wp-content\/uploads\/2024\/02\/Magic-Corner.webp 600w, https:\/\/studiokook.ee\/wp-content\/uploads\/2024\/02\/Magic-Corner-300x300.webp 300w, https:\/\/studiokook.ee\/wp-content\/uploads\/2024\/02\/Magic-Corner-150x150.webp 150w\" sizes=\"(max-width: 600px) 100vw, 600px\" \/>\t\t\t\t\t\t\t\t\t\t\t\t\t<\/div>\n\t\t\t\t<\/div>\n\t\t\t\t<div class=\"elementor-element elementor-element-77312ad elementor-widget__width-initial elementor-widget-mobile__width-inherit elementor-widget elementor-widget-text-editor\" data-id=\"77312ad\" data-element_type=\"widget\" data-widget_type=\"text-editor.default\">\n\t\t\t\t<div class=\"elementor-widget-container\">\n\t\t\t\t\t\t\t<h3 class=\"et_pb_module_header\">Magic Corner - Upea tekniikka.<\/h3><div><p>Kaappia avattaessa etuoveen kiinnitetty kori ty\u00f6nnet\u00e4\u00e4n ensin sivuun, sitten toinen laatikko tulee ulos. Korien tasainen irtoaminen on varmistettu nykyaikaisilla varusteilla.\u00a0<\/p><p>Tehokas ja ergonominen tilank\u00e4ytt\u00f6 takaa p\u00e4\u00e4syn keitti\u00f6kaapin vaikeap\u00e4\u00e4syisimpiin paikkoihin. N Magic Cornerin avulla voit asentaa kaksi t\u00e4ysimittaista lohkoa vierekk\u00e4in yhteen kulmakaappiin.<\/p><\/div>\t\t\t\t\t\t<\/div>\n\t\t\t\t<\/div>\n\t\t\t\t\t<\/div>\n\t\t\t\t<\/div>\n\t\t\t\t<\/div>","protected":false},"excerpt":{"rendered":"<p>Nurgamehhanismid LeMans- Funktsionaalsus ja mugavus. LeMans alused on Teie\u00a0k\u00f6\u00f6gi\u00a0\u00fcheks k\u00f5ige mugavamaks ja ergonoomilisemaks lahenduseks, tagades kiire juurdep\u00e4\u00e4su mistahes k\u00f6\u00f6gitarvetele, hoiavad [&hellip;]<\/p>","protected":false},"author":1,"featured_media":2655,"parent":0,"menu_order":0,"comment_status":"closed","ping_status":"closed","template":"","meta":{"_yoast_wpseo_focuskw":"","_yoast_wpseo_title":"","_yoast_wpseo_metadesc":"Siit leiate laia valiku kvaliteetseid ja funktsionaalseid nurgamehhanisme, mis on loodud spetsiaalselt k\u00f6\u00f6gikappide t\u00f5husaks ja mugavaks kasutamiseks.","site-sidebar-layout":"no-sidebar","site-content-layout":"","ast-site-content-layout":"full-width-container","site-content-style":"default","site-sidebar-style":"default","ast-global-header-display":"","ast-banner-title-visibility":"","ast-main-header-display":"","ast-hfb-above-header-display":"","ast-hfb-below-header-display":"","ast-hfb-mobile-header-display":"","site-post-title":"disabled","ast-breadcrumbs-content":"","ast-featured-img":"disabled","footer-sml-layout":"","theme-transparent-header-meta":"","adv-header-id-meta":"","stick-header-meta":"","header-above-stick-meta":"","header-main-stick-meta":"","header-below-stick-meta":"","astra-migrate-meta-layouts":"default","ast-page-background-enabled":"default","ast-page-background-meta":{"desktop":{"background-color":"var(--ast-global-color-4)","background-image":"","background-repeat":"repeat","background-position":"center center","background-size":"auto","background-attachment":"scroll","background-type":"","background-media":"","overlay-type":"","overlay-color":"","overlay-opacity":"","overlay-gradient":""},"tablet":{"background-color":"","background-image":"","background-repeat":"repeat","background-position":"center center","background-size":"auto","background-attachment":"scroll","background-type":"","background-media":"","overlay-type":"","overlay-color":"","overlay-opacity":"","overlay-gradient":""},"mobile":{"background-color":"","background-image":"","background-repeat":"repeat","background-position":"center center","background-size":"auto","background-attachment":"scroll","background-type":"","background-media":"","overlay-type":"","overlay-color":"","overlay-opacity":"","overlay-gradient":""}},"ast-content-background-meta":{"desktop":{"background-color":"var(--ast-global-color-5)","background-image":"","background-repeat":"repeat","background-position":"center center","background-size":"auto","background-attachment":"scroll","background-type":"","background-media":"","overlay-type":"","overlay-color":"","overlay-opacity":"","overlay-gradient":""},"tablet":{"background-color":"var(--ast-global-color-5)","background-image":"","background-repeat":"repeat","background-position":"center center","background-size":"auto","background-attachment":"scroll","background-type":"","background-media":"","overlay-type":"","overlay-color":"","overlay-opacity":"","overlay-gradient":""},"mobile":{"background-color":"var(--ast-global-color-5)","background-image":"","background-repeat":"repeat","background-position":"center center","background-size":"auto","background-attachment":"scroll","background-type":"","background-media":"","overlay-type":"","overlay-color":"","overlay-opacity":"","overlay-gradient":""}},"ngg_post_thumbnail":0,"footnotes":""},"class_list":["post-2651","page","type-page","status-publish","has-post-thumbnail","hentry"],"yoast_head":"<!-- This site is optimized with the Yoast SEO plugin v26.3 - https:\/\/yoast.com\/wordpress\/plugins\/seo\/ -->\n<title>Nurgamehhanismid - Studiok\u00f6\u00f6k<\/title>\n<meta name=\"description\" content=\"Siit leiate laia valiku kvaliteetseid ja funktsionaalseid nurgamehhanisme, mis on loodud spetsiaalselt k\u00f6\u00f6gikappide t\u00f5husaks ja mugavaks kasutamiseks.\" \/>\n<meta name=\"robots\" content=\"index, follow, max-snippet:-1, max-image-preview:large, max-video-preview:-1\" \/>\n<link rel=\"canonical\" href=\"https:\/\/studiokook.ee\/fi\/nurgamehhanismid\/\" \/>\n<meta property=\"og:locale\" content=\"fi_FI\" \/>\n<meta property=\"og:type\" content=\"article\" \/>\n<meta property=\"og:title\" content=\"Nurgamehhanismid - Studiok\u00f6\u00f6k\" \/>\n<meta property=\"og:description\" content=\"Siit leiate laia valiku kvaliteetseid ja funktsionaalseid nurgamehhanisme, mis on loodud spetsiaalselt k\u00f6\u00f6gikappide t\u00f5husaks ja mugavaks kasutamiseks.\" \/>\n<meta property=\"og:url\" content=\"https:\/\/studiokook.ee\/fi\/nurgamehhanismid\/\" \/>\n<meta property=\"og:site_name\" content=\"Studiok\u00f6\u00f6k\" \/>\n<meta property=\"article:modified_time\" content=\"2024-08-04T04:41:36+00:00\" \/>\n<meta property=\"og:image\" content=\"https:\/\/studiokook.ee\/wp-content\/uploads\/2024\/02\/Le-Mans.webp\" \/>\n\t<meta property=\"og:image:width\" content=\"599\" \/>\n\t<meta property=\"og:image:height\" content=\"598\" \/>\n\t<meta property=\"og:image:type\" content=\"image\/webp\" \/>\n<meta name=\"twitter:card\" content=\"summary_large_image\" \/>\n<meta name=\"twitter:label1\" content=\"Arvioitu lukuaika\" \/>\n\t<meta name=\"twitter:data1\" content=\"1 minuutti\" \/>\n<script type=\"application\/ld+json\" class=\"yoast-schema-graph\">{\"@context\":\"https:\/\/schema.org\",\"@graph\":[{\"@type\":\"WebPage\",\"@id\":\"https:\/\/studiokook.ee\/nurgamehhanismid\/\",\"url\":\"https:\/\/studiokook.ee\/nurgamehhanismid\/\",\"name\":\"Nurgamehhanismid - Studiok\u00f6\u00f6k\",\"isPartOf\":{\"@id\":\"https:\/\/studiokook.ee\/#website\"},\"primaryImageOfPage\":{\"@id\":\"https:\/\/studiokook.ee\/nurgamehhanismid\/#primaryimage\"},\"image\":{\"@id\":\"https:\/\/studiokook.ee\/nurgamehhanismid\/#primaryimage\"},\"thumbnailUrl\":\"https:\/\/studiokook.ee\/wp-content\/uploads\/2024\/02\/Le-Mans.webp\",\"datePublished\":\"2024-02-20T15:16:56+00:00\",\"dateModified\":\"2024-08-04T04:41:36+00:00\",\"description\":\"Mittatilauskeitt\u00f6kalusteet Tallinnassa. Yksil\u00f6lliset keitt\u00f6t mittojen ja suunnittelun mukaan. It\u00e4valtalaiset helat, 5 vuoden takuu.\",\"breadcrumb\":{\"@id\":\"https:\/\/studiokook.ee\/nurgamehhanismid\/#breadcrumb\"},\"inLanguage\":\"fi\",\"potentialAction\":[{\"@type\":\"ReadAction\",\"target\":[\"https:\/\/studiokook.ee\/nurgamehhanismid\/\"]}]},{\"@type\":\"ImageObject\",\"inLanguage\":\"fi\",\"@id\":\"https:\/\/studiokook.ee\/nurgamehhanismid\/#primaryimage\",\"url\":\"https:\/\/studiokook.ee\/wp-content\/uploads\/2024\/02\/Le-Mans.webp\",\"contentUrl\":\"https:\/\/studiokook.ee\/wp-content\/uploads\/2024\/02\/Le-Mans.webp\",\"width\":599,\"height\":598,\"caption\":\"Nurgakapid v\u00e4ljat\u00f5mmatavate riiulitega k\u00f6\u00f6gim\u00f6\u00f6blis, kus hoitakse potte ja taldrikuid\"},{\"@type\":\"WebSite\",\"@id\":\"https:\/\/studiokook.ee\/#website\",\"url\":\"https:\/\/studiokook.ee\/\",\"name\":\"Studiok\u00f6\u00f6k\",\"description\":\"\",\"potentialAction\":[{\"@type\":\"SearchAction\",\"target\":{\"@type\":\"EntryPoint\",\"urlTemplate\":\"https:\/\/studiokook.ee\/?s={search_term_string}\"},\"query-input\":{\"@type\":\"PropertyValueSpecification\",\"valueRequired\":true,\"valueName\":\"search_term_string\"}}],\"inLanguage\":\"fi\"}]}<\/script>\n<!-- \/ Yoast SEO plugin. -->","yoast_head_json":{"title":"Nurgamehhanismid - Studiok\u00f6\u00f6k","description":"Siit leiate laia valiku kvaliteetseid ja funktsionaalseid nurgamehhanisme, mis on loodud spetsiaalselt k\u00f6\u00f6gikappide t\u00f5husaks ja mugavaks kasutamiseks.","robots":{"index":"index","follow":"follow","max-snippet":"max-snippet:-1","max-image-preview":"max-image-preview:large","max-video-preview":"max-video-preview:-1"},"canonical":"https:\/\/studiokook.ee\/fi\/nurgamehhanismid\/","og_locale":"fi_FI","og_type":"article","og_title":"Nurgamehhanismid - Studiok\u00f6\u00f6k","og_description":"Siit leiate laia valiku kvaliteetseid ja funktsionaalseid nurgamehhanisme, mis on loodud spetsiaalselt k\u00f6\u00f6gikappide t\u00f5husaks ja mugavaks kasutamiseks.","og_url":"https:\/\/studiokook.ee\/fi\/nurgamehhanismid\/","og_site_name":"Studiok\u00f6\u00f6k","article_modified_time":"2024-08-04T04:41:36+00:00","og_image":[{"width":599,"height":598,"url":"https:\/\/studiokook.ee\/wp-content\/uploads\/2024\/02\/Le-Mans.webp","type":"image\/webp"}],"twitter_card":"summary_large_image","twitter_misc":{"Arvioitu lukuaika":"1 minuutti"},"schema":{"@context":"https:\/\/schema.org","@graph":[{"@type":"WebPage","@id":"https:\/\/studiokook.ee\/nurgamehhanismid\/","url":"https:\/\/studiokook.ee\/nurgamehhanismid\/","name":"Nurgamehhanismid - Studiok\u00f6\u00f6k","isPartOf":{"@id":"https:\/\/studiokook.ee\/#website"},"primaryImageOfPage":{"@id":"https:\/\/studiokook.ee\/nurgamehhanismid\/#primaryimage"},"image":{"@id":"https:\/\/studiokook.ee\/nurgamehhanismid\/#primaryimage"},"thumbnailUrl":"https:\/\/studiokook.ee\/wp-content\/uploads\/2024\/02\/Le-Mans.webp","datePublished":"2024-02-20T15:16:56+00:00","dateModified":"2024-08-04T04:41:36+00:00","description":"Mittatilauskeitt\u00f6kalusteet Tallinnassa. Yksil\u00f6lliset keitt\u00f6t mittojen ja suunnittelun mukaan. It\u00e4valtalaiset helat, 5 vuoden takuu.","breadcrumb":{"@id":"https:\/\/studiokook.ee\/nurgamehhanismid\/#breadcrumb"},"inLanguage":"fi","potentialAction":[{"@type":"ReadAction","target":["https:\/\/studiokook.ee\/nurgamehhanismid\/"]}]},{"@type":"ImageObject","inLanguage":"fi","@id":"https:\/\/studiokook.ee\/nurgamehhanismid\/#primaryimage","url":"https:\/\/studiokook.ee\/wp-content\/uploads\/2024\/02\/Le-Mans.webp","contentUrl":"https:\/\/studiokook.ee\/wp-content\/uploads\/2024\/02\/Le-Mans.webp","width":599,"height":598,"caption":"Nurgakapid v\u00e4ljat\u00f5mmatavate riiulitega k\u00f6\u00f6gim\u00f6\u00f6blis, kus hoitakse potte ja taldrikuid"},{"@type":"WebSite","@id":"https:\/\/studiokook.ee\/#website","url":"https:\/\/studiokook.ee\/","name":"Studiok\u00f6\u00f6k","description":"","potentialAction":[{"@type":"SearchAction","target":{"@type":"EntryPoint","urlTemplate":"https:\/\/studiokook.ee\/?s={search_term_string}"},"query-input":{"@type":"PropertyValueSpecification","valueRequired":true,"valueName":"search_term_string"}}],"inLanguage":"fi"}]}},"_links":{"self":[{"href":"https:\/\/studiokook.ee\/fi\/wp-json\/wp\/v2\/pages\/2651","targetHints":{"allow":["GET"]}}],"collection":[{"href":"https:\/\/studiokook.ee\/fi\/wp-json\/wp\/v2\/pages"}],"about":[{"href":"https:\/\/studiokook.ee\/fi\/wp-json\/wp\/v2\/types\/page"}],"author":[{"embeddable":true,"href":"https:\/\/studiokook.ee\/fi\/wp-json\/wp\/v2\/users\/1"}],"replies":[{"embeddable":true,"href":"https:\/\/studiokook.ee\/fi\/wp-json\/wp\/v2\/comments?post=2651"}],"version-history":[{"count":13,"href":"https:\/\/studiokook.ee\/fi\/wp-json\/wp\/v2\/pages\/2651\/revisions"}],"predecessor-version":[{"id":4233,"href":"https:\/\/studiokook.ee\/fi\/wp-json\/wp\/v2\/pages\/2651\/revisions\/4233"}],"wp:featuredmedia":[{"embeddable":true,"href":"https:\/\/studiokook.ee\/fi\/wp-json\/wp\/v2\/media\/2655"}],"wp:attachment":[{"href":"https:\/\/studiokook.ee\/fi\/wp-json\/wp\/v2\/media?parent=2651"}],"curies":[{"name":"wp","href":"https:\/\/api.w.org\/{rel}","templated":true}]}}