{"id":2674,"date":"2024-02-20T19:19:45","date_gmt":"2024-02-20T16:19:45","guid":{"rendered":"https:\/\/studiokook.ee\/?page_id=2674"},"modified":"2024-08-04T07:21:15","modified_gmt":"2024-08-04T04:21:15","slug":"ladustamissusteemid","status":"publish","type":"page","link":"https:\/\/studiokook.ee\/fi\/ladustamissusteemid\/","title":{"rendered":"Varastointij\u00e4rjestelm\u00e4t"},"content":{"rendered":"<div data-elementor-type=\"wp-page\" data-elementor-id=\"2674\" class=\"elementor elementor-2674\">\n\t\t\t\t<div class=\"elementor-element elementor-element-c2a1224 e-flex e-con-boxed elementor-section-parallax-no e-con e-parent\" data-id=\"c2a1224\" data-element_type=\"container\" data-settings=\"{&quot;background_background&quot;:&quot;classic&quot;}\">\n\t\t\t\t\t<div class=\"e-con-inner\">\n\t\t\t\t<div class=\"elementor-element elementor-element-6ab525d elementor-position-left elementor-mobile-position-left elementor-vertical-align-middle elementor-vertical-align-bottom elementor-view-default elementor-widget elementor-widget-icon-box\" data-id=\"6ab525d\" data-element_type=\"widget\" data-widget_type=\"icon-box.default\">\n\t\t\t\t<div class=\"elementor-widget-container\">\n\t\t\t\t\t<div class=\"elementor-icon-box-wrapper\">\n\n\t\t\t\t\t\t<div class=\"elementor-icon-box-icon\">\n\t\t\t\t<span  class=\"elementor-icon elementor-animation-\">\n\t\t\t\t<i aria-hidden=\"true\" class=\"xi xi-layers\"><\/i>\t\t\t\t<\/span>\n\t\t\t<\/div>\n\t\t\t\n\t\t\t\t\t\t<div class=\"elementor-icon-box-content\">\n\n\t\t\t\t\t\t\t\t\t<h1 class=\"elementor-icon-box-title\">\n\t\t\t\t\t\t<span  >\n\t\t\t\t\t\t\tVarastointij\u00e4rjestelm\u00e4t\t\t\t\t\t\t<\/span>\n\t\t\t\t\t<\/h1>\n\t\t\t\t\n\t\t\t\t\n\t\t\t<\/div>\n\t\t\t\n\t\t<\/div>\n\t\t\t\t<\/div>\n\t\t\t\t<\/div>\n\t\t\t\t\t<\/div>\n\t\t\t\t<\/div>\n\t\t<div class=\"elementor-element elementor-element-a35cbc5 e-flex e-con-boxed elementor-section-parallax-no e-con e-parent\" data-id=\"a35cbc5\" data-element_type=\"container\">\n\t\t\t\t\t<div class=\"e-con-inner\">\n\t\t\t\t<div class=\"elementor-element elementor-element-fb3106c elementor-widget__width-initial elementor-widget elementor-widget-text-editor\" data-id=\"fb3106c\" data-element_type=\"widget\" data-widget_type=\"text-editor.default\">\n\t\t\t\t<div class=\"elementor-widget-container\">\n\t\t\t\t\t\t\t<h3 class=\"et_pb_module_header\">Space Twin. Ergonominen ratkaisu rajoitettuun tilaan.<\/h3><div><p>Kapeat kaapit mahdollistavat pienimpienkin pintojen sis\u00e4llytt\u00e4misen ty\u00f6h\u00f6n parhaalla mahdollisella tavalla. Diagonaalisilla ohjaimilla varustettujen SPACE TWIN -kaappien ansiosta muodostuu lis\u00e4tilaa, johon voit helposti sijoittaa: pullot, mausteet, leikkuulaudat, uunilautaset.<\/p><p>SPACE TWIN -kaappi voidaan varustaa my\u00f6s laadukkailla Blum-heloilla. Ohjainten tasainen liukuminen, eri kuormituksiin mukautettu BLUMOTION-vaimennusj\u00e4rjestelm\u00e4 pehme\u00e4n ja hiljaisen sulkeutumisen takaamiseksi takaavat korkean laadun ja pitk\u00e4n k\u00e4ytt\u00f6i\u00e4n. T\u00e4ysin ulosvedett\u00e4v\u00e4t laatikot mahdollistavat helpon p\u00e4\u00e4syn sen sis\u00e4lt\u00f6\u00f6n jopa kaapin vaikeap\u00e4\u00e4syisimmill\u00e4 alueilla.<\/p><h4>Vakaus suurilla kuormilla<\/h4><p>Diagonaalisesti asennetut ohjaimet takaavat maksimaalisen sivuttaisvakauden ja kuorman jopa 20 kg molemmille hyllyille.<\/p><h4>Tasapainoinen muotoilu<\/h4><p>TANDEMBOX- ja LEGRABOX-ulosvedett\u00e4v\u00e4t j\u00e4rjestelm\u00e4t sek\u00e4 TANDEM- ja MOVENTO-ohjaimet varmistavat kaikkien huonekalujen yhten\u00e4isen suunnittelun.<\/p><h4>Mahdollisuuksien monipuolisuus<\/h4><p>SPACE TWIN -kaappia voidaan t\u00e4ydent\u00e4\u00e4 laadukkailla LEGRABOX- ja TANDEMBOX-ty\u00f6nt\u00f6j\u00e4rjestelmill\u00e4 sek\u00e4 MOVENTO- ja TANDEM-ohjaimilla, jotka varmistavat koko rakenteen kest\u00e4vyyden. Blumin laaja valikoima laadukkaita kalusteita mahdollistaa muiden huonekalujen yleisen tyylin s\u00e4ilytt\u00e4misen.<\/p><\/div>\t\t\t\t\t\t<\/div>\n\t\t\t\t<\/div>\n\t\t<div class=\"elementor-element elementor-element-6797993 e-con-full e-flex elementor-section-parallax-no e-con e-child\" data-id=\"6797993\" data-element_type=\"container\">\n\t\t\t\t<div class=\"elementor-element elementor-element-0cac36a elementor-widget elementor-widget-image\" data-id=\"0cac36a\" data-element_type=\"widget\" data-widget_type=\"image.default\">\n\t\t\t\t<div class=\"elementor-widget-container\">\n\t\t\t\t\t\t\t\t\t\t\t\t\t<img fetchpriority=\"high\" decoding=\"async\" width=\"1440\" height=\"540\" src=\"https:\/\/studiokook.ee\/wp-content\/uploads\/2024\/02\/DS0334_DS_FRD_FO_BAU_-SALL_-APR2I_-V1_StageImageLarge.webp\" class=\"attachment-full size-full wp-image-2680\" alt=\"Valge eritellimusk\u00f6\u00f6k avatud sahtli ja k\u00f6\u00f6gim\u00f6\u00f6bli s\u00fcsteemidega\" srcset=\"https:\/\/studiokook.ee\/wp-content\/uploads\/2024\/02\/DS0334_DS_FRD_FO_BAU_-SALL_-APR2I_-V1_StageImageLarge.webp 1440w, https:\/\/studiokook.ee\/wp-content\/uploads\/2024\/02\/DS0334_DS_FRD_FO_BAU_-SALL_-APR2I_-V1_StageImageLarge-300x113.webp 300w, https:\/\/studiokook.ee\/wp-content\/uploads\/2024\/02\/DS0334_DS_FRD_FO_BAU_-SALL_-APR2I_-V1_StageImageLarge-1024x384.webp 1024w, https:\/\/studiokook.ee\/wp-content\/uploads\/2024\/02\/DS0334_DS_FRD_FO_BAU_-SALL_-APR2I_-V1_StageImageLarge-768x288.webp 768w\" sizes=\"(max-width: 1440px) 100vw, 1440px\" \/>\t\t\t\t\t\t\t\t\t\t\t\t\t<\/div>\n\t\t\t\t<\/div>\n\t\t\t\t<div class=\"elementor-element elementor-element-987450f elementor-widget__width-initial elementor-widget elementor-widget-button\" data-id=\"987450f\" data-element_type=\"widget\" data-widget_type=\"button.default\">\n\t\t\t\t<div class=\"elementor-widget-container\">\n\t\t\t\t\t\t\t<div class=\"elementor-button-wrapper\">\n\t\t\t\t\t<a class=\"elementor-button elementor-button-link elementor-size-xs\" href=\"https:\/\/studiokook.ee\/fi\/hinnaparing\/\">\n\t\t\t\t\t\t<span class=\"elementor-button-content-wrapper\">\n\t\t\t\t\t\t<span class=\"elementor-button-icon\">\n\t\t\t\t<svg aria-hidden=\"true\" class=\"e-font-icon-svg e-fas-arrow-right\" viewbox=\"0 0 448 512\" xmlns=\"http:\/\/www.w3.org\/2000\/svg\"><path d=\"M190.5 66.9l22.2-22.2c9.4-9.4 24.6-9.4 33.9 0L441 239c9.4 9.4 9.4 24.6 0 33.9L246.6 467.3c-9.4 9.4-24.6 9.4-33.9 0l-22.2-22.2c-9.5-9.5-9.3-25 .4-34.3L311.4 296H24c-13.3 0-24-10.7-24-24v-32c0-13.3 10.7-24 24-24h287.4L190.9 101.2c-9.8-9.3-10-24.8-.4-34.3z\"><\/path><\/svg>\t\t\t<\/span>\n\t\t\t\t\t\t\t\t\t<span class=\"elementor-button-text\">OLLA YHTEYDESS\u00c4<\/span>\n\t\t\t\t\t<\/span>\n\t\t\t\t\t<\/a>\n\t\t\t\t<\/div>\n\t\t\t\t\t\t<\/div>\n\t\t\t\t<\/div>\n\t\t\t\t<div class=\"elementor-element elementor-element-5f75e1f elementor-widget elementor-widget-text-editor\" data-id=\"5f75e1f\" data-element_type=\"widget\" data-widget_type=\"text-editor.default\">\n\t\t\t\t<div class=\"elementor-widget-container\">\n\t\t\t\t\t\t\t<h3 class=\"et_pb_module_header\">TANDEM Clever Storage<\/h3><div><p>Clever Storage tagab toiduainete ideaalse \u00fclevaate ja pikaajalise s\u00e4ilitamise!<\/p><p>\u0422andem on k\u00fclmkapi parendatud versioon, t\u00e4nu v\u00e4ljal\u00fckkamise mugavale s\u00fcsteemile l\u00fckkuvad tagumised riiulid automaatselt vastu.<\/p><\/div>\t\t\t\t\t\t<\/div>\n\t\t\t\t<\/div>\n\t\t\t\t<div class=\"elementor-element elementor-element-857d456 elementor-widget elementor-widget-image\" data-id=\"857d456\" data-element_type=\"widget\" data-widget_type=\"image.default\">\n\t\t\t\t<div class=\"elementor-widget-container\">\n\t\t\t\t\t\t\t\t\t\t\t\t\t<img decoding=\"async\" width=\"1200\" height=\"1328\" src=\"https:\/\/studiokook.ee\/wp-content\/uploads\/2024\/02\/920f25fe0330eb7ce646b03d39f57017.webp\" class=\"attachment-full size-full wp-image-2684\" alt=\"K\u00f6\u00f6gikapi sisemine varustatav s\u00fcsteem koos pull-out riiulitega toiduainete hoiustamiseks\" srcset=\"https:\/\/studiokook.ee\/wp-content\/uploads\/2024\/02\/920f25fe0330eb7ce646b03d39f57017.webp 1200w, https:\/\/studiokook.ee\/wp-content\/uploads\/2024\/02\/920f25fe0330eb7ce646b03d39f57017-271x300.webp 271w, https:\/\/studiokook.ee\/wp-content\/uploads\/2024\/02\/920f25fe0330eb7ce646b03d39f57017-925x1024.webp 925w, https:\/\/studiokook.ee\/wp-content\/uploads\/2024\/02\/920f25fe0330eb7ce646b03d39f57017-768x850.webp 768w\" sizes=\"(max-width: 1200px) 100vw, 1200px\" \/>\t\t\t\t\t\t\t\t\t\t\t\t\t<\/div>\n\t\t\t\t<\/div>\n\t\t\t\t<\/div>\n\t\t\t\t\t<\/div>\n\t\t\t\t<\/div>\n\t\t<div class=\"elementor-element elementor-element-c75b0df e-flex e-con-boxed elementor-section-parallax-no e-con e-parent\" data-id=\"c75b0df\" data-element_type=\"container\" data-settings=\"{&quot;background_background&quot;:&quot;classic&quot;}\">\n\t\t\t\t\t<div class=\"e-con-inner\">\n\t\t<div class=\"elementor-element elementor-element-5e414be e-con-full e-flex elementor-section-parallax-no e-con e-child\" data-id=\"5e414be\" data-element_type=\"container\">\n\t\t\t\t<div class=\"elementor-element elementor-element-9878a8c elementor-widget elementor-widget-video\" data-id=\"9878a8c\" data-element_type=\"widget\" data-settings=\"{&quot;youtube_url&quot;:&quot;https:\\\/\\\/www.youtube.com\\\/watch?v=5QXAgmL0kRA&quot;,&quot;video_type&quot;:&quot;youtube&quot;,&quot;controls&quot;:&quot;yes&quot;}\" data-widget_type=\"video.default\">\n\t\t\t\t<div class=\"elementor-widget-container\">\n\t\t\t\t\t<div class=\"elementor-wrapper elementor-open-inline\">\n\t\t\t<div class=\"elementor-video\"><\/div>\t\t<\/div>\n\t\t\t\t<\/div>\n\t\t\t\t<\/div>\n\t\t\t\t<div class=\"elementor-element elementor-element-c34dd6d elementor-widget elementor-widget-image\" data-id=\"c34dd6d\" data-element_type=\"widget\" data-widget_type=\"image.default\">\n\t\t\t\t<div class=\"elementor-widget-container\">\n\t\t\t\t\t\t\t\t\t\t\t\t\t<img decoding=\"async\" width=\"880\" height=\"832\" src=\"https:\/\/studiokook.ee\/wp-content\/uploads\/2024\/02\/7aa7067840ea9ffe9a85b63e5165.webp\" class=\"attachment-full size-full wp-image-2691\" alt=\"Valge eritellimusk\u00f6\u00f6k v\u00e4ljat\u00f5mmatavate sahtlitega k\u00f6\u00f6gim\u00f6\u00f6bel ja nutika hoiustamisega\" srcset=\"https:\/\/studiokook.ee\/wp-content\/uploads\/2024\/02\/7aa7067840ea9ffe9a85b63e5165.webp 880w, https:\/\/studiokook.ee\/wp-content\/uploads\/2024\/02\/7aa7067840ea9ffe9a85b63e5165-300x284.webp 300w, https:\/\/studiokook.ee\/wp-content\/uploads\/2024\/02\/7aa7067840ea9ffe9a85b63e5165-768x726.webp 768w\" sizes=\"(max-width: 880px) 100vw, 880px\" \/>\t\t\t\t\t\t\t\t\t\t\t\t\t<\/div>\n\t\t\t\t<\/div>\n\t\t\t\t<\/div>\n\t\t\t\t<div class=\"elementor-element elementor-element-77312ad elementor-widget__width-initial elementor-widget-mobile__width-inherit elementor-widget elementor-widget-text-editor\" data-id=\"77312ad\" data-element_type=\"widget\" data-widget_type=\"text-editor.default\">\n\t\t\t\t<div class=\"elementor-widget-container\">\n\t\t\t\t\t\t\t<h3>AVARUUSTORNI. Varaosien kaappi.<\/h3><div><p>Blumin tilava varaosien kaappi takaa helpon p\u00e4\u00e4syn sis\u00e4lt\u00f6\u00f6n. Laatikoiden mitat voidaan valita yksil\u00f6llisten mieltymysten mukaan. SPACE TOWER \u2013 se on mukavuus ja ergonomia yhdess\u00e4 mallissa.<\/p><h4>P\u00e4\u00e4sy joka puolelta<\/h4><p>Laatikoiden t\u00e4ysi laajennus varmistaa p\u00e4\u00e4syn varaosiin kaikilta puolilta: vasemmalta, oikealta, ylh\u00e4\u00e4lt\u00e4 ja jopa edest\u00e4.<\/p><h4>Valinta<\/h4><p>SPACE TOWER ottaa huomioon kaikki asiakkaiden mieltymykset. Kaappi voi olla eri korkeus, leveys ja syvyys riippuen\u00a0<a href=\"https:\/\/studiokook.ee\/fi\/koogid\/\">keitti\u00f6\u00f6n<\/a>\u00a0kujundusest ja suurusest.<\/p><h4>Ergonominen s\u00e4ilytystila<\/h4><p>SPACE TOWER varmistaa kaikkien varaosien organisoidun varastoinnin yhdess\u00e4 paikassa.<\/p><h4>P\u00e4\u00e4sy sis\u00e4lt\u00f6\u00f6n<\/h4><p>Jokaisen laatikon sis\u00e4lt\u00f6 on katsottavissa kaikilta puolilta, jolloin saat tarvittavat asetukset ilman pitki\u00e4 hakuja.<\/p><h4>Huonej\u00e4rjestely<\/h4><p>Jakeluj\u00e4rjestelm\u00e4t j\u00e4rjest\u00e4v\u00e4t asiantuntevasti kaapien sis\u00e4tilan, mik\u00e4 takaa k\u00e4tev\u00e4n yleiskuvan sis\u00e4ll\u00f6st\u00e4 ja turvallisen s\u00e4ilytyksen.<\/p><h4>Suuri dynaaminen kuormitus<\/h4><p>Laatikot pysyv\u00e4t vakaina jopa 70 kg:n kuormituksella, mik\u00e4 mahdollistaa painavienkin varaosien, kuten juomien tai isojen rouhepakkausten, s\u00e4ilytyksen.<\/p><p><a href=\"https:\/\/studiokook.ee\/fi\/hinnaparing\/\">OLLA YHTEYDESS\u00c4<\/a><\/p><\/div>\t\t\t\t\t\t<\/div>\n\t\t\t\t<\/div>\n\t\t\t\t\t<\/div>\n\t\t\t\t<\/div>\n\t\t<div class=\"elementor-element elementor-element-1a35757 e-flex e-con-boxed elementor-section-parallax-no e-con e-parent\" data-id=\"1a35757\" data-element_type=\"container\">\n\t\t\t\t\t<div class=\"e-con-inner\">\n\t\t\t\t<div class=\"elementor-element elementor-element-2905862 elementor-widget__width-initial elementor-widget-mobile__width-inherit elementor-widget elementor-widget-text-editor\" data-id=\"2905862\" data-element_type=\"widget\" data-widget_type=\"text-editor.default\">\n\t\t\t\t<div class=\"elementor-widget-container\">\n\t\t\t\t\t\t\t<h3>DISPENSA<\/h3><div><p>T\u00e4ydellinen yhdistelm\u00e4 rakenteellista l\u00e4pin\u00e4kyvyytt\u00e4 ja maksimaalista kapasiteettia.<\/p><p>DISPENSA-kaappi kest\u00e4\u00e4 jopa 100 kg, helppo asentaa ja puhdistaa. Huippuetuja pieness\u00e4 laatikossa!<\/p><p><a class=\"et_pb_button et_pb_promo_button\" href=\"https:\/\/studiokook.ee\/ru\/hinnaparing\/\">OLLA YHTEYDESS\u00c4<\/a><\/p><\/div>\t\t\t\t\t\t<\/div>\n\t\t\t\t<\/div>\n\t\t<div class=\"elementor-element elementor-element-bc13433 e-con-full e-flex elementor-section-parallax-no e-con e-child\" data-id=\"bc13433\" data-element_type=\"container\">\n\t\t\t\t<div class=\"elementor-element elementor-element-4a8619a elementor-widget elementor-widget-image\" data-id=\"4a8619a\" data-element_type=\"widget\" data-widget_type=\"image.default\">\n\t\t\t\t<div class=\"elementor-widget-container\">\n\t\t\t\t\t\t\t\t\t\t\t\t\t<img loading=\"lazy\" decoding=\"async\" width=\"1000\" height=\"900\" src=\"https:\/\/studiokook.ee\/wp-content\/uploads\/2024\/02\/DISPENSA-edition-0482.webp\" class=\"attachment-full size-full wp-image-2696\" alt=\"K\u00f6\u00f6gim\u00f6\u00f6bli eritellimusk\u00f6\u00f6k valge k\u00f5rge kapp avatud sahtliga pantrisse\" srcset=\"https:\/\/studiokook.ee\/wp-content\/uploads\/2024\/02\/DISPENSA-edition-0482.webp 1000w, https:\/\/studiokook.ee\/wp-content\/uploads\/2024\/02\/DISPENSA-edition-0482-300x270.webp 300w, https:\/\/studiokook.ee\/wp-content\/uploads\/2024\/02\/DISPENSA-edition-0482-768x691.webp 768w\" sizes=\"(max-width: 1000px) 100vw, 1000px\" \/>\t\t\t\t\t\t\t\t\t\t\t\t\t<\/div>\n\t\t\t\t<\/div>\n\t\t\t\t<\/div>\n\t\t\t\t\t<\/div>\n\t\t\t\t<\/div>\n\t\t\t\t<\/div>","protected":false},"excerpt":{"rendered":"<p>Ladustamiss\u00fcsteemid SPACE TWIN. Ergonoomiline lahendus v\u00e4hese ruumi korral. Kitsad kapid v\u00f5imaldavad maksimaalse kasuga kaasata t\u00f6\u00f6sse isegi k\u00f5ige v\u00e4iksemaid pindasid. T\u00e4nu [&hellip;]<\/p>","protected":false},"author":1,"featured_media":2680,"parent":0,"menu_order":0,"comment_status":"closed","ping_status":"closed","template":"","meta":{"_yoast_wpseo_focuskw":"","_yoast_wpseo_title":"","_yoast_wpseo_metadesc":"Siit leiate laia valiku nutikaid ja funktsionaalseid lahendusi, mis aitavad teie k\u00f6\u00f6gis korda luua ja ruumi maksimaalselt \u00e4ra kasutada.","site-sidebar-layout":"no-sidebar","site-content-layout":"","ast-site-content-layout":"full-width-container","site-content-style":"default","site-sidebar-style":"default","ast-global-header-display":"","ast-banner-title-visibility":"","ast-main-header-display":"","ast-hfb-above-header-display":"","ast-hfb-below-header-display":"","ast-hfb-mobile-header-display":"","site-post-title":"disabled","ast-breadcrumbs-content":"","ast-featured-img":"","footer-sml-layout":"","theme-transparent-header-meta":"","adv-header-id-meta":"","stick-header-meta":"","header-above-stick-meta":"","header-main-stick-meta":"","header-below-stick-meta":"","astra-migrate-meta-layouts":"default","ast-page-background-enabled":"default","ast-page-background-meta":{"desktop":{"background-color":"var(--ast-global-color-4)","background-image":"","background-repeat":"repeat","background-position":"center center","background-size":"auto","background-attachment":"scroll","background-type":"","background-media":"","overlay-type":"","overlay-color":"","overlay-opacity":"","overlay-gradient":""},"tablet":{"background-color":"","background-image":"","background-repeat":"repeat","background-position":"center center","background-size":"auto","background-attachment":"scroll","background-type":"","background-media":"","overlay-type":"","overlay-color":"","overlay-opacity":"","overlay-gradient":""},"mobile":{"background-color":"","background-image":"","background-repeat":"repeat","background-position":"center center","background-size":"auto","background-attachment":"scroll","background-type":"","background-media":"","overlay-type":"","overlay-color":"","overlay-opacity":"","overlay-gradient":""}},"ast-content-background-meta":{"desktop":{"background-color":"var(--ast-global-color-5)","background-image":"","background-repeat":"repeat","background-position":"center center","background-size":"auto","background-attachment":"scroll","background-type":"","background-media":"","overlay-type":"","overlay-color":"","overlay-opacity":"","overlay-gradient":""},"tablet":{"background-color":"var(--ast-global-color-5)","background-image":"","background-repeat":"repeat","background-position":"center center","background-size":"auto","background-attachment":"scroll","background-type":"","background-media":"","overlay-type":"","overlay-color":"","overlay-opacity":"","overlay-gradient":""},"mobile":{"background-color":"var(--ast-global-color-5)","background-image":"","background-repeat":"repeat","background-position":"center center","background-size":"auto","background-attachment":"scroll","background-type":"","background-media":"","overlay-type":"","overlay-color":"","overlay-opacity":"","overlay-gradient":""}},"ngg_post_thumbnail":0,"footnotes":""},"class_list":["post-2674","page","type-page","status-publish","has-post-thumbnail","hentry"],"yoast_head":"<!-- This site is optimized with the Yoast SEO plugin v26.3 - https:\/\/yoast.com\/wordpress\/plugins\/seo\/ -->\n<title>Ladustamiss\u00fcsteemid - Studiok\u00f6\u00f6k<\/title>\n<meta name=\"description\" content=\"Siit leiate laia valiku nutikaid ja funktsionaalseid lahendusi, mis aitavad teie k\u00f6\u00f6gis korda luua ja ruumi maksimaalselt \u00e4ra kasutada.\" \/>\n<meta name=\"robots\" content=\"index, follow, max-snippet:-1, max-image-preview:large, max-video-preview:-1\" \/>\n<link rel=\"canonical\" href=\"https:\/\/studiokook.ee\/fi\/ladustamissusteemid\/\" \/>\n<meta property=\"og:locale\" content=\"fi_FI\" \/>\n<meta property=\"og:type\" content=\"article\" \/>\n<meta property=\"og:title\" content=\"Ladustamiss\u00fcsteemid - Studiok\u00f6\u00f6k\" \/>\n<meta property=\"og:description\" content=\"Siit leiate laia valiku nutikaid ja funktsionaalseid lahendusi, mis aitavad teie k\u00f6\u00f6gis korda luua ja ruumi maksimaalselt \u00e4ra kasutada.\" \/>\n<meta property=\"og:url\" content=\"https:\/\/studiokook.ee\/fi\/ladustamissusteemid\/\" \/>\n<meta property=\"og:site_name\" content=\"Studiok\u00f6\u00f6k\" \/>\n<meta property=\"article:modified_time\" content=\"2024-08-04T04:21:15+00:00\" \/>\n<meta property=\"og:image\" content=\"https:\/\/studiokook.ee\/wp-content\/uploads\/2024\/02\/DS0334_DS_FRD_FO_BAU_-SALL_-APR2I_-V1_StageImageLarge.webp\" \/>\n\t<meta property=\"og:image:width\" content=\"1440\" \/>\n\t<meta property=\"og:image:height\" content=\"540\" \/>\n\t<meta property=\"og:image:type\" content=\"image\/webp\" \/>\n<meta name=\"twitter:card\" content=\"summary_large_image\" \/>\n<meta name=\"twitter:label1\" content=\"Arvioitu lukuaika\" \/>\n\t<meta name=\"twitter:data1\" content=\"3 minuuttia\" \/>\n<script type=\"application\/ld+json\" class=\"yoast-schema-graph\">{\"@context\":\"https:\/\/schema.org\",\"@graph\":[{\"@type\":\"WebPage\",\"@id\":\"https:\/\/studiokook.ee\/ladustamissusteemid\/\",\"url\":\"https:\/\/studiokook.ee\/ladustamissusteemid\/\",\"name\":\"Ladustamiss\u00fcsteemid - Studiok\u00f6\u00f6k\",\"isPartOf\":{\"@id\":\"https:\/\/studiokook.ee\/#website\"},\"primaryImageOfPage\":{\"@id\":\"https:\/\/studiokook.ee\/ladustamissusteemid\/#primaryimage\"},\"image\":{\"@id\":\"https:\/\/studiokook.ee\/ladustamissusteemid\/#primaryimage\"},\"thumbnailUrl\":\"https:\/\/studiokook.ee\/wp-content\/uploads\/2024\/02\/DS0334_DS_FRD_FO_BAU_-SALL_-APR2I_-V1_StageImageLarge.webp\",\"datePublished\":\"2024-02-20T16:19:45+00:00\",\"dateModified\":\"2024-08-04T04:21:15+00:00\",\"description\":\"Mittatilauskeitt\u00f6kalusteet Tallinnassa. Yksil\u00f6lliset keitt\u00f6t mittojen ja suunnittelun mukaan. It\u00e4valtalaiset helat, 5 vuoden takuu.\",\"breadcrumb\":{\"@id\":\"https:\/\/studiokook.ee\/ladustamissusteemid\/#breadcrumb\"},\"inLanguage\":\"fi\",\"potentialAction\":[{\"@type\":\"ReadAction\",\"target\":[\"https:\/\/studiokook.ee\/ladustamissusteemid\/\"]}]},{\"@type\":\"ImageObject\",\"inLanguage\":\"fi\",\"@id\":\"https:\/\/studiokook.ee\/ladustamissusteemid\/#primaryimage\",\"url\":\"https:\/\/studiokook.ee\/wp-content\/uploads\/2024\/02\/DS0334_DS_FRD_FO_BAU_-SALL_-APR2I_-V1_StageImageLarge.webp\",\"contentUrl\":\"https:\/\/studiokook.ee\/wp-content\/uploads\/2024\/02\/DS0334_DS_FRD_FO_BAU_-SALL_-APR2I_-V1_StageImageLarge.webp\",\"width\":1440,\"height\":540,\"caption\":\"Valge eritellimusk\u00f6\u00f6k avatud sahtli ja k\u00f6\u00f6gim\u00f6\u00f6bli s\u00fcsteemidega\"},{\"@type\":\"WebSite\",\"@id\":\"https:\/\/studiokook.ee\/#website\",\"url\":\"https:\/\/studiokook.ee\/\",\"name\":\"Studiok\u00f6\u00f6k\",\"description\":\"\",\"potentialAction\":[{\"@type\":\"SearchAction\",\"target\":{\"@type\":\"EntryPoint\",\"urlTemplate\":\"https:\/\/studiokook.ee\/?s={search_term_string}\"},\"query-input\":{\"@type\":\"PropertyValueSpecification\",\"valueRequired\":true,\"valueName\":\"search_term_string\"}}],\"inLanguage\":\"fi\"}]}<\/script>\n<!-- \/ Yoast SEO plugin. -->","yoast_head_json":{"title":"Ladustamiss\u00fcsteemid - Studiok\u00f6\u00f6k","description":"Siit leiate laia valiku nutikaid ja funktsionaalseid lahendusi, mis aitavad teie k\u00f6\u00f6gis korda luua ja ruumi maksimaalselt \u00e4ra kasutada.","robots":{"index":"index","follow":"follow","max-snippet":"max-snippet:-1","max-image-preview":"max-image-preview:large","max-video-preview":"max-video-preview:-1"},"canonical":"https:\/\/studiokook.ee\/fi\/ladustamissusteemid\/","og_locale":"fi_FI","og_type":"article","og_title":"Ladustamiss\u00fcsteemid - Studiok\u00f6\u00f6k","og_description":"Siit leiate laia valiku nutikaid ja funktsionaalseid lahendusi, mis aitavad teie k\u00f6\u00f6gis korda luua ja ruumi maksimaalselt \u00e4ra kasutada.","og_url":"https:\/\/studiokook.ee\/fi\/ladustamissusteemid\/","og_site_name":"Studiok\u00f6\u00f6k","article_modified_time":"2024-08-04T04:21:15+00:00","og_image":[{"width":1440,"height":540,"url":"https:\/\/studiokook.ee\/wp-content\/uploads\/2024\/02\/DS0334_DS_FRD_FO_BAU_-SALL_-APR2I_-V1_StageImageLarge.webp","type":"image\/webp"}],"twitter_card":"summary_large_image","twitter_misc":{"Arvioitu lukuaika":"3 minuuttia"},"schema":{"@context":"https:\/\/schema.org","@graph":[{"@type":"WebPage","@id":"https:\/\/studiokook.ee\/ladustamissusteemid\/","url":"https:\/\/studiokook.ee\/ladustamissusteemid\/","name":"Ladustamiss\u00fcsteemid - Studiok\u00f6\u00f6k","isPartOf":{"@id":"https:\/\/studiokook.ee\/#website"},"primaryImageOfPage":{"@id":"https:\/\/studiokook.ee\/ladustamissusteemid\/#primaryimage"},"image":{"@id":"https:\/\/studiokook.ee\/ladustamissusteemid\/#primaryimage"},"thumbnailUrl":"https:\/\/studiokook.ee\/wp-content\/uploads\/2024\/02\/DS0334_DS_FRD_FO_BAU_-SALL_-APR2I_-V1_StageImageLarge.webp","datePublished":"2024-02-20T16:19:45+00:00","dateModified":"2024-08-04T04:21:15+00:00","description":"Mittatilauskeitt\u00f6kalusteet Tallinnassa. Yksil\u00f6lliset keitt\u00f6t mittojen ja suunnittelun mukaan. It\u00e4valtalaiset helat, 5 vuoden takuu.","breadcrumb":{"@id":"https:\/\/studiokook.ee\/ladustamissusteemid\/#breadcrumb"},"inLanguage":"fi","potentialAction":[{"@type":"ReadAction","target":["https:\/\/studiokook.ee\/ladustamissusteemid\/"]}]},{"@type":"ImageObject","inLanguage":"fi","@id":"https:\/\/studiokook.ee\/ladustamissusteemid\/#primaryimage","url":"https:\/\/studiokook.ee\/wp-content\/uploads\/2024\/02\/DS0334_DS_FRD_FO_BAU_-SALL_-APR2I_-V1_StageImageLarge.webp","contentUrl":"https:\/\/studiokook.ee\/wp-content\/uploads\/2024\/02\/DS0334_DS_FRD_FO_BAU_-SALL_-APR2I_-V1_StageImageLarge.webp","width":1440,"height":540,"caption":"Valge eritellimusk\u00f6\u00f6k avatud sahtli ja k\u00f6\u00f6gim\u00f6\u00f6bli s\u00fcsteemidega"},{"@type":"WebSite","@id":"https:\/\/studiokook.ee\/#website","url":"https:\/\/studiokook.ee\/","name":"Studiok\u00f6\u00f6k","description":"","potentialAction":[{"@type":"SearchAction","target":{"@type":"EntryPoint","urlTemplate":"https:\/\/studiokook.ee\/?s={search_term_string}"},"query-input":{"@type":"PropertyValueSpecification","valueRequired":true,"valueName":"search_term_string"}}],"inLanguage":"fi"}]}},"_links":{"self":[{"href":"https:\/\/studiokook.ee\/fi\/wp-json\/wp\/v2\/pages\/2674","targetHints":{"allow":["GET"]}}],"collection":[{"href":"https:\/\/studiokook.ee\/fi\/wp-json\/wp\/v2\/pages"}],"about":[{"href":"https:\/\/studiokook.ee\/fi\/wp-json\/wp\/v2\/types\/page"}],"author":[{"embeddable":true,"href":"https:\/\/studiokook.ee\/fi\/wp-json\/wp\/v2\/users\/1"}],"replies":[{"embeddable":true,"href":"https:\/\/studiokook.ee\/fi\/wp-json\/wp\/v2\/comments?post=2674"}],"version-history":[{"count":36,"href":"https:\/\/studiokook.ee\/fi\/wp-json\/wp\/v2\/pages\/2674\/revisions"}],"predecessor-version":[{"id":4230,"href":"https:\/\/studiokook.ee\/fi\/wp-json\/wp\/v2\/pages\/2674\/revisions\/4230"}],"wp:featuredmedia":[{"embeddable":true,"href":"https:\/\/studiokook.ee\/fi\/wp-json\/wp\/v2\/media\/2680"}],"wp:attachment":[{"href":"https:\/\/studiokook.ee\/fi\/wp-json\/wp\/v2\/media?parent=2674"}],"curies":[{"name":"wp","href":"https:\/\/api.w.org\/{rel}","templated":true}]}}