{"id":2706,"date":"2024-02-20T20:16:28","date_gmt":"2024-02-20T17:16:28","guid":{"rendered":"https:\/\/studiokook.ee\/?page_id=2706"},"modified":"2026-02-27T10:25:48","modified_gmt":"2026-02-27T07:25:48","slug":"meie-furnituur","status":"publish","type":"page","link":"https:\/\/studiokook.ee\/ru\/meie-furnituur\/","title":{"rendered":"\u0424\u0443\u0440\u043d\u0438\u0442\u0443\u0440\u0430"},"content":{"rendered":"<div data-elementor-type=\"wp-page\" data-elementor-id=\"2706\" class=\"elementor elementor-2706\">\n\t\t\t\t<div class=\"elementor-element elementor-element-c2a1224 e-flex e-con-boxed elementor-section-parallax-no e-con e-parent\" data-id=\"c2a1224\" data-element_type=\"container\" data-settings=\"{&quot;background_background&quot;:&quot;classic&quot;}\">\n\t\t\t\t\t<div class=\"e-con-inner\">\n\t\t\t\t<div class=\"elementor-element elementor-element-6ab525d elementor-position-left elementor-mobile-position-left elementor-vertical-align-middle elementor-vertical-align-bottom elementor-view-default elementor-widget elementor-widget-icon-box\" data-id=\"6ab525d\" data-element_type=\"widget\" data-widget_type=\"icon-box.default\">\n\t\t\t\t<div class=\"elementor-widget-container\">\n\t\t\t\t\t<div class=\"elementor-icon-box-wrapper\">\n\n\t\t\t\t\t\t<div class=\"elementor-icon-box-icon\">\n\t\t\t\t<span  class=\"elementor-icon elementor-animation-\">\n\t\t\t\t<i aria-hidden=\"true\" class=\"xi xi-logo-grid\"><\/i>\t\t\t\t<\/span>\n\t\t\t<\/div>\n\t\t\t\n\t\t\t\t\t\t<div class=\"elementor-icon-box-content\">\n\n\t\t\t\t\t\t\t\t\t<h1 class=\"elementor-icon-box-title\">\n\t\t\t\t\t\t<span  >\n\t\t\t\t\t\t\t\u0424\u0443\u0440\u043d\u0438\u0442\u0443\u0440\u0430\t\t\t\t\t\t<\/span>\n\t\t\t\t\t<\/h1>\n\t\t\t\t\n\t\t\t\t\n\t\t\t<\/div>\n\t\t\t\n\t\t<\/div>\n\t\t\t\t<\/div>\n\t\t\t\t<\/div>\n\t\t\t\t\t<\/div>\n\t\t\t\t<\/div>\n\t\t<div class=\"elementor-element elementor-element-6c5585c e-flex e-con-boxed elementor-section-parallax-no e-con e-parent\" data-id=\"6c5585c\" data-element_type=\"container\">\n\t\t\t\t\t<div class=\"e-con-inner\">\n\t\t\t\t<div class=\"elementor-element elementor-element-128ff6d xpro-post-grid-align-center elementor-widget elementor-widget-xpro-post-grid\" data-id=\"128ff6d\" data-element_type=\"widget\" data-settings=\"{&quot;column_grid&quot;:&quot;4&quot;,&quot;column_grid_tablet&quot;:&quot;2&quot;,&quot;column_grid_mobile&quot;:&quot;1&quot;,&quot;image_height&quot;:{&quot;unit&quot;:&quot;px&quot;,&quot;size&quot;:&quot;&quot;,&quot;sizes&quot;:[]},&quot;image_height_tablet&quot;:{&quot;unit&quot;:&quot;px&quot;,&quot;size&quot;:&quot;&quot;,&quot;sizes&quot;:[]},&quot;image_height_mobile&quot;:{&quot;unit&quot;:&quot;px&quot;,&quot;size&quot;:&quot;&quot;,&quot;sizes&quot;:[]},&quot;space_between&quot;:{&quot;unit&quot;:&quot;px&quot;,&quot;size&quot;:15,&quot;sizes&quot;:[]},&quot;space_between_tablet&quot;:{&quot;unit&quot;:&quot;px&quot;,&quot;size&quot;:15,&quot;sizes&quot;:[]},&quot;space_between_mobile&quot;:{&quot;unit&quot;:&quot;px&quot;,&quot;size&quot;:15,&quot;sizes&quot;:[]},&quot;content_height&quot;:{&quot;unit&quot;:&quot;px&quot;,&quot;size&quot;:&quot;&quot;,&quot;sizes&quot;:[]},&quot;content_height_tablet&quot;:{&quot;unit&quot;:&quot;px&quot;,&quot;size&quot;:&quot;&quot;,&quot;sizes&quot;:[]},&quot;content_height_mobile&quot;:{&quot;unit&quot;:&quot;px&quot;,&quot;size&quot;:&quot;&quot;,&quot;sizes&quot;:[]}}\" data-widget_type=\"xpro-post-grid.default\">\n\t\t\t\t<div class=\"elementor-widget-container\">\n\t\t\t\n\t\t<div class=\"xpro-post-grid-wrapper xpro-post-grid-layout-1\">\n\n\t\t\t\n\t\t\t\t<div class=\"xpro-post-grid-main cbp\">\n\n\t\t\t\t\t\n<div class=\"cbp-item xpro-post-grid-item\">\n\t\t\t<div class=\"xpro-post-grid-image\">\n\t\t\t<img fetchpriority=\"high\" decoding=\"async\" width=\"1440\" height=\"540\" src=\"https:\/\/studiokook.ee\/wp-content\/uploads\/2024\/02\/DS0334_DS_FRD_FO_BAU_-SALL_-APR2I_-V1_StageImageLarge.webp\" class=\"attachment-full size-full\" alt=\"Valge eritellimusk\u00f6\u00f6k avatud sahtli ja k\u00f6\u00f6gim\u00f6\u00f6bli s\u00fcsteemidega\" srcset=\"https:\/\/studiokook.ee\/wp-content\/uploads\/2024\/02\/DS0334_DS_FRD_FO_BAU_-SALL_-APR2I_-V1_StageImageLarge.webp 1440w, https:\/\/studiokook.ee\/wp-content\/uploads\/2024\/02\/DS0334_DS_FRD_FO_BAU_-SALL_-APR2I_-V1_StageImageLarge-300x113.webp 300w, https:\/\/studiokook.ee\/wp-content\/uploads\/2024\/02\/DS0334_DS_FRD_FO_BAU_-SALL_-APR2I_-V1_StageImageLarge-1024x384.webp 1024w, https:\/\/studiokook.ee\/wp-content\/uploads\/2024\/02\/DS0334_DS_FRD_FO_BAU_-SALL_-APR2I_-V1_StageImageLarge-768x288.webp 768w\" sizes=\"(max-width: 1440px) 100vw, 1440px\" \/>\t\t\t\t\t<\/div>\n\t\n\t<div class=\"xpro-post-grid-content\">\n\n\t\t\n\t\t\n\t\t<a href=\"https:\/\/studiokook.ee\/ru\/ladustamissusteemid\/\">\n\t\t\t<h2 class=\"xpro-post-grid-title\">\u0421\u0438\u0441\u0442\u0435\u043c\u044b \u0445\u0440\u0430\u043d\u0435\u043d\u0438\u044f<\/h2>\n\t\t<\/a>\n\n\t\t\n\t\t\t\t\t\t\n\t\t\n\t<\/div>\n<\/div>\n\n<div class=\"cbp-item xpro-post-grid-item\">\n\t\t\t<div class=\"xpro-post-grid-image\">\n\t\t\t<img decoding=\"async\" width=\"599\" height=\"598\" src=\"https:\/\/studiokook.ee\/wp-content\/uploads\/2024\/02\/Le-Mans.webp\" class=\"attachment-full size-full\" alt=\"Nurgakapid v\u00e4ljat\u00f5mmatavate riiulitega k\u00f6\u00f6gim\u00f6\u00f6blis, kus hoitakse potte ja taldrikuid\" srcset=\"https:\/\/studiokook.ee\/wp-content\/uploads\/2024\/02\/Le-Mans.webp 599w, https:\/\/studiokook.ee\/wp-content\/uploads\/2024\/02\/Le-Mans-300x300.webp 300w, https:\/\/studiokook.ee\/wp-content\/uploads\/2024\/02\/Le-Mans-150x150.webp 150w\" sizes=\"(max-width: 599px) 100vw, 599px\" \/>\t\t\t\t\t<\/div>\n\t\n\t<div class=\"xpro-post-grid-content\">\n\n\t\t\n\t\t\n\t\t<a href=\"https:\/\/studiokook.ee\/ru\/nurgamehhanismid\/\">\n\t\t\t<h2 class=\"xpro-post-grid-title\">\u0423\u0433\u043b\u043e\u0432\u044b\u0435 \u043c\u0435\u0445\u0430\u043d\u0438\u0437\u043c\u044b<\/h2>\n\t\t<\/a>\n\n\t\t\n\t\t\t\t\t\t\n\t\t\n\t<\/div>\n<\/div>\n\n<div class=\"cbp-item xpro-post-grid-item\">\n\t\t\t<div class=\"xpro-post-grid-image\">\n\t\t\t<img decoding=\"async\" width=\"600\" height=\"599\" src=\"https:\/\/studiokook.ee\/wp-content\/uploads\/2024\/02\/Movento.webp\" class=\"attachment-full size-full\" alt=\"K\u00f6\u00f6gim\u00f6\u00f6bli sahtel reguleeritavate taldrikuhoidjatega eritellimusk\u00f6\u00f6gis\" srcset=\"https:\/\/studiokook.ee\/wp-content\/uploads\/2024\/02\/Movento.webp 600w, https:\/\/studiokook.ee\/wp-content\/uploads\/2024\/02\/Movento-300x300.webp 300w, https:\/\/studiokook.ee\/wp-content\/uploads\/2024\/02\/Movento-150x150.webp 150w\" sizes=\"(max-width: 600px) 100vw, 600px\" \/>\t\t\t\t\t<\/div>\n\t\n\t<div class=\"xpro-post-grid-content\">\n\n\t\t\n\t\t\n\t\t<a href=\"https:\/\/studiokook.ee\/ru\/sahtlid\/\">\n\t\t\t<h2 class=\"xpro-post-grid-title\">\u042f\u0449\u0438\u043a\u0438<\/h2>\n\t\t<\/a>\n\n\t\t\n\t\t\t\t\t\t\n\t\t\n\t<\/div>\n<\/div>\n\n<div class=\"cbp-item xpro-post-grid-item\">\n\t\t\t<div class=\"xpro-post-grid-image\">\n\t\t\t<img loading=\"lazy\" decoding=\"async\" width=\"599\" height=\"598\" src=\"https:\/\/studiokook.ee\/wp-content\/uploads\/2024\/02\/Aventos-HK.webp\" class=\"attachment-full size-full\" alt=\"Aventos-HK - Studiok\u00f6\u00f6k eritellimusk\u00f6\u00f6k\" srcset=\"https:\/\/studiokook.ee\/wp-content\/uploads\/2024\/02\/Aventos-HK.webp 599w, https:\/\/studiokook.ee\/wp-content\/uploads\/2024\/02\/Aventos-HK-300x300.webp 300w, https:\/\/studiokook.ee\/wp-content\/uploads\/2024\/02\/Aventos-HK-150x150.webp 150w\" sizes=\"(max-width: 599px) 100vw, 599px\" \/>\t\t\t\t\t<\/div>\n\t\n\t<div class=\"xpro-post-grid-content\">\n\n\t\t\n\t\t\n\t\t<a href=\"https:\/\/studiokook.ee\/ru\/tostemehhanismid\/\">\n\t\t\t<h2 class=\"xpro-post-grid-title\">\u041f\u043e\u0434\u044a\u0435\u043c\u043d\u044b\u0435 \u043c\u0435\u0445\u0430\u043d\u0438\u0437\u043c\u044b<\/h2>\n\t\t<\/a>\n\n\t\t\n\t\t\t\t\t\t\n\t\t\n\t<\/div>\n<\/div>\n\n\t\t\t\t<\/div>\n\n\t\t\t\t\n\t\t<\/div>\n\n\t\t\t\t<\/div>\n\t\t\t\t<\/div>\n\t\t\t\t<div class=\"elementor-element elementor-element-c169da1 elementor-widget elementor-widget-text-editor\" data-id=\"c169da1\" data-element_type=\"widget\" data-widget_type=\"text-editor.default\">\n\t\t\t\t<div class=\"elementor-widget-container\">\n\t\t\t\t\t\t\t<p>\u0414\u043e\u0431\u0440\u043e \u043f\u043e\u0436\u0430\u043b\u043e\u0432\u0430\u0442\u044c \u0432 \u043d\u0430\u0448 \u0440\u0430\u0437\u0434\u0435\u043b \u043a\u0443\u0445\u043e\u043d\u043d\u043e\u0439 \u043c\u0435\u0431\u0435\u043b\u0438, \u0433\u0434\u0435 \u043c\u044b \u043f\u0440\u0435\u0434\u0441\u0442\u0430\u0432\u043b\u044f\u0435\u043c \u0432\u044b\u0441\u043e\u043a\u043e\u043a\u0430\u0447\u0435\u0441\u0442\u0432\u0435\u043d\u043d\u044b\u0435 \u0430\u043a\u0441\u0435\u0441\u0441\u0443\u0430\u0440\u044b, \u043a\u043e\u0442\u043e\u0440\u044b\u0435 \u043c\u044b \u0438\u0441\u043f\u043e\u043b\u044c\u0437\u0443\u0435\u043c \u0434\u043b\u044f \u0441\u043e\u0437\u0434\u0430\u043d\u0438\u044f \u043a\u0443\u0445\u043e\u043d\u044c \u043d\u0430 \u0437\u0430\u043a\u0430\u0437 \u0432 \u0422\u0430\u043b\u043b\u0438\u043d\u043d\u0435. \u041d\u0430\u0448\u0430 \u0446\u0435\u043b\u044c \u2013 \u043f\u0440\u0435\u0434\u043e\u0441\u0442\u0430\u0432\u0438\u0442\u044c \u043a\u043b\u0438\u0435\u043d\u0442\u0430\u043c \u043d\u0435 \u0442\u043e\u043b\u044c\u043a\u043e \u044d\u0441\u0442\u0435\u0442\u0438\u0447\u043d\u043e\u0435, \u043d\u043e \u0438 \u0444\u0443\u043d\u043a\u0446\u0438\u043e\u043d\u0430\u043b\u044c\u043d\u043e\u0435 \u0440\u0435\u0448\u0435\u043d\u0438\u0435, \u043e\u0442\u0432\u0435\u0447\u0430\u044e\u0449\u0435\u0435 \u0432\u0441\u0435\u043c \u0432\u0430\u0448\u0438\u043c \u043f\u043e\u0442\u0440\u0435\u0431\u043d\u043e\u0441\u0442\u044f\u043c.<\/p><p>\u041d\u0430\u0448\u0430 \u0444\u0443\u0440\u043d\u0438\u0442\u0443\u0440\u0430 \u0434\u043b\u044f \u043a\u0443\u0445\u043e\u043d\u043d\u043e\u0439 \u043c\u0435\u0431\u0435\u043b\u0438 \u0432\u043a\u043b\u044e\u0447\u0430\u0435\u0442 \u0432 \u0441\u0435\u0431\u044f \u0448\u0438\u0440\u043e\u043a\u0438\u0439 \u0441\u043f\u0435\u043a\u0442\u0440 \u043a\u043e\u043c\u043f\u043e\u043d\u0435\u043d\u0442\u043e\u0432, \u0432 \u0442\u043e\u043c \u0447\u0438\u0441\u043b\u0435:<\/p><p>- \u0412\u044b\u0441\u043e\u043a\u043e\u043a\u0430\u0447\u0435\u0441\u0442\u0432\u0435\u043d\u043d\u044b\u0435 \u043f\u0435\u0442\u043b\u0438 \u0438 \u0440\u0430\u0437\u0434\u0432\u0438\u0436\u043d\u044b\u0435 \u043c\u0435\u0445\u0430\u043d\u0438\u0437\u043c\u044b: \u041c\u044b \u043f\u0440\u0435\u0434\u043b\u0430\u0433\u0430\u0435\u043c \u0440\u0430\u0437\u043b\u0438\u0447\u043d\u044b\u0435 \u043f\u0435\u0442\u043b\u0438 \u0438 \u0440\u0430\u0437\u0434\u0432\u0438\u0436\u043d\u044b\u0435 \u043c\u0435\u0445\u0430\u043d\u0438\u0437\u043c\u044b, \u043e\u0431\u0435\u0441\u043f\u0435\u0447\u0438\u0432\u0430\u044e\u0449\u0438\u0435 \u043f\u043b\u0430\u0432\u043d\u043e\u0435 \u0438 \u0431\u0435\u0441\u0448\u0443\u043c\u043d\u043e\u0435 \u043e\u0442\u043a\u0440\u044b\u0432\u0430\u043d\u0438\u0435 \u0438 \u0437\u0430\u043a\u0440\u044b\u0432\u0430\u043d\u0438\u0435. \u0412 \u043d\u0430\u0448\u0435\u043c \u0430\u0441\u0441\u043e\u0440\u0442\u0438\u043c\u0435\u043d\u0442\u0435 \u0435\u0441\u0442\u044c \u043a\u0430\u043a \u043a\u043b\u0430\u0441\u0441\u0438\u0447\u0435\u0441\u043a\u0438\u0435, \u0442\u0430\u043a \u0438 \u0441\u043e\u0432\u0440\u0435\u043c\u0435\u043d\u043d\u044b\u0435 \u0440\u0435\u0448\u0435\u043d\u0438\u044f.<\/p><p>- \u0421\u0438\u0441\u0442\u0435\u043c\u044b \u0432\u044b\u0434\u0432\u0438\u0436\u043d\u044b\u0445 \u044f\u0449\u0438\u043a\u043e\u0432: \u041d\u0430\u0448\u0438 \u0441\u0438\u0441\u0442\u0435\u043c\u044b \u0432\u044b\u0434\u0432\u0438\u0436\u043d\u044b\u0445 \u044f\u0449\u0438\u043a\u043e\u0432 \u0440\u0430\u0437\u0440\u0430\u0431\u043e\u0442\u0430\u043d\u044b \u0434\u043b\u044f \u043c\u0430\u043a\u0441\u0438\u043c\u0430\u043b\u044c\u043d\u043e\u0433\u043e \u043a\u043e\u043c\u0444\u043e\u0440\u0442\u0430 \u0438 \u0438\u0441\u043f\u043e\u043b\u044c\u0437\u043e\u0432\u0430\u043d\u0438\u044f \u043f\u0440\u043e\u0441\u0442\u0440\u0430\u043d\u0441\u0442\u0432\u0430. \u042f\u0449\u0438\u043a\u0438 \u0434\u043e\u0441\u0442\u0443\u043f\u043d\u044b \u0432 \u0440\u0430\u0437\u043b\u0438\u0447\u043d\u044b\u0445 \u0440\u0430\u0437\u043c\u0435\u0440\u0430\u0445 \u0438 \u043c\u0430\u0442\u0435\u0440\u0438\u0430\u043b\u0430\u0445, \u0447\u0442\u043e\u0431\u044b \u0441\u043e\u043e\u0442\u0432\u0435\u0442\u0441\u0442\u0432\u043e\u0432\u0430\u0442\u044c \u043b\u044e\u0431\u043e\u043c\u0443 \u0441\u0442\u0438\u043b\u044e \u043a\u0443\u0445\u043d\u0438.<\/p><p>\u041d\u0430\u0448\u0430 \u043a\u043e\u043c\u0430\u043d\u0434\u0430 \u0431\u0443\u0434\u0435\u0442 \u0440\u0430\u0431\u043e\u0442\u0430\u0442\u044c \u0441 \u0432\u0430\u043c\u0438 \u043d\u0430\u0434 \u0441\u043e\u0437\u0434\u0430\u043d\u0438\u0435\u043c 3D-\u0438\u0437\u043e\u0431\u0440\u0430\u0436\u0435\u043d\u0438\u0439, \u043a\u043e\u0442\u043e\u0440\u044b\u0435 \u0434\u0430\u0434\u0443\u0442 \u0432\u0430\u043c \u0447\u0435\u0442\u043a\u043e\u0435 \u043f\u0440\u0435\u0434\u0441\u0442\u0430\u0432\u043b\u0435\u043d\u0438\u0435 \u043e \u043a\u043e\u043d\u0435\u0447\u043d\u043e\u043c \u043f\u0440\u043e\u0434\u0443\u043a\u0442\u0435 \u0435\u0449\u0435 \u0434\u043e \u043d\u0430\u0447\u0430\u043b\u0430 \u043f\u0440\u043e\u0438\u0437\u0432\u043e\u0434\u0441\u0442\u0432\u0435\u043d\u043d\u043e\u0433\u043e \u043f\u0440\u043e\u0446\u0435\u0441\u0441\u0430. \u041c\u044b \u0441\u0447\u0438\u0442\u0430\u0435\u043c, \u0447\u0442\u043e \u043a\u0430\u0436\u0434\u0430\u044f \u043a\u0443\u0445\u043d\u044f \u0443\u043d\u0438\u043a\u0430\u043b\u044c\u043d\u0430 \u0438 \u0437\u0430\u0441\u043b\u0443\u0436\u0438\u0432\u0430\u0435\u0442 \u043e\u0441\u043e\u0431\u043e\u0433\u043e \u043f\u043e\u0434\u0445\u043e\u0434\u0430.<\/p><p>\u041c\u044b \u043f\u0440\u0438\u0433\u043b\u0430\u0448\u0430\u0435\u043c \u0432\u0430\u0441 \u0432 \u043d\u0430\u0448\u0443 \u0441\u0442\u0443\u0434\u0438\u044e, \u0447\u0442\u043e\u0431\u044b \u043e\u0431\u0441\u0443\u0434\u0438\u0442\u044c \u0432\u0430\u0448\u0438 \u043c\u0435\u0447\u0442\u044b \u0438 \u043f\u043e\u0442\u0440\u0435\u0431\u043d\u043e\u0441\u0442\u0438 \u0432 \u043a\u0443\u0445\u043e\u043d\u043d\u043e\u0439 \u043c\u0435\u0431\u0435\u043b\u0438!<\/p>\t\t\t\t\t\t<\/div>\n\t\t\t\t<\/div>\n\t\t\t\t\t<\/div>\n\t\t\t\t<\/div>\n\t\t\t\t<\/div>","protected":false},"excerpt":{"rendered":"<p>\u041d\u0430\u0448\u0430 \u0444\u0443\u0440\u043d\u0438\u0442\u0443\u0440\u0430 \u0441\u0438\u0441\u0442\u0435\u043c\u044b \u0445\u0440\u0430\u043d\u0435\u043d\u0438\u044f \u0423\u0433\u043b\u043e\u0432\u044b\u0435 \u043c\u0435\u0445\u0430\u043d\u0438\u0437\u043c\u044b \u042f\u0449\u0438\u043a\u0438 \u041f\u043e\u0434\u044a\u0451\u043c\u043d\u044b\u0435 \u043c\u0435\u0445\u0430\u043d\u0438\u0437\u043c\u044b \u0414\u043e\u0431\u0440\u043e \u043f\u043e\u0436\u0430\u043b\u043e\u0432\u0430\u0442\u044c \u0432 \u043d\u0430\u0448 \u0440\u0430\u0437\u0434\u0435\u043b \u043a\u0443\u0445\u043e\u043d\u043d\u043e\u0439 \u043c\u0435\u0431\u0435\u043b\u0438, \u0433\u0434\u0435 \u043c\u044b \u043f\u0440\u0435\u0434\u0441\u0442\u0430\u0432\u043b\u044f\u0435\u043c \u043a\u0430\u0447\u0435\u0441\u0442\u0432\u0435\u043d\u043d\u0443\u044e \u0444\u0443\u0440\u043d\u0438\u0442\u0443\u0440\u0443, \u043a\u043e\u0442\u043e\u0440\u0443\u044e \u043c\u044b \u0438\u0441\u043f\u043e\u043b\u044c\u0437\u0443\u0435\u043c \u0432 \u043d\u0430\u0448\u0438\u0445 \u043a\u0443\u0445\u043d\u044f\u0445 \u043d\u0430 \u0437\u0430\u043a\u0430\u0437 [\u2026]<\/p>","protected":false},"author":1,"featured_media":0,"parent":0,"menu_order":0,"comment_status":"closed","ping_status":"closed","template":"","meta":{"_yoast_wpseo_focuskw":"","_yoast_wpseo_title":"BLUM ja Hettich furnituur | Austria kvaliteet | Studiok\u00f6\u00f6k","_yoast_wpseo_metadesc":"Usaldusv\u00e4\u00e4rsed k\u00f6\u00f6gifurnituurid: hinged, juhikud, k\u00e4epidemed ja hoiustamiss\u00fcsteemid. Tagame vastupidavuse ja funktsionaalsuse.","site-sidebar-layout":"no-sidebar","site-content-layout":"","ast-site-content-layout":"full-width-container","site-content-style":"default","site-sidebar-style":"default","ast-global-header-display":"","ast-banner-title-visibility":"","ast-main-header-display":"","ast-hfb-above-header-display":"","ast-hfb-below-header-display":"","ast-hfb-mobile-header-display":"","site-post-title":"disabled","ast-breadcrumbs-content":"","ast-featured-img":"disabled","footer-sml-layout":"","theme-transparent-header-meta":"","adv-header-id-meta":"","stick-header-meta":"","header-above-stick-meta":"","header-main-stick-meta":"","header-below-stick-meta":"","astra-migrate-meta-layouts":"default","ast-page-background-enabled":"default","ast-page-background-meta":{"desktop":{"background-color":"var(--ast-global-color-4)","background-image":"","background-repeat":"repeat","background-position":"center center","background-size":"auto","background-attachment":"scroll","background-type":"","background-media":"","overlay-type":"","overlay-color":"","overlay-opacity":"","overlay-gradient":""},"tablet":{"background-color":"","background-image":"","background-repeat":"repeat","background-position":"center center","background-size":"auto","background-attachment":"scroll","background-type":"","background-media":"","overlay-type":"","overlay-color":"","overlay-opacity":"","overlay-gradient":""},"mobile":{"background-color":"","background-image":"","background-repeat":"repeat","background-position":"center center","background-size":"auto","background-attachment":"scroll","background-type":"","background-media":"","overlay-type":"","overlay-color":"","overlay-opacity":"","overlay-gradient":""}},"ast-content-background-meta":{"desktop":{"background-color":"var(--ast-global-color-5)","background-image":"","background-repeat":"repeat","background-position":"center center","background-size":"auto","background-attachment":"scroll","background-type":"","background-media":"","overlay-type":"","overlay-color":"","overlay-opacity":"","overlay-gradient":""},"tablet":{"background-color":"var(--ast-global-color-5)","background-image":"","background-repeat":"repeat","background-position":"center center","background-size":"auto","background-attachment":"scroll","background-type":"","background-media":"","overlay-type":"","overlay-color":"","overlay-opacity":"","overlay-gradient":""},"mobile":{"background-color":"var(--ast-global-color-5)","background-image":"","background-repeat":"repeat","background-position":"center center","background-size":"auto","background-attachment":"scroll","background-type":"","background-media":"","overlay-type":"","overlay-color":"","overlay-opacity":"","overlay-gradient":""}},"ngg_post_thumbnail":0,"footnotes":""},"class_list":["post-2706","page","type-page","status-publish","hentry"],"yoast_head":"<!-- This site is optimized with the Yoast SEO plugin v26.3 - https:\/\/yoast.com\/wordpress\/plugins\/seo\/ -->\n<title>BLUM ja Hettich furnituur | Austria kvaliteet | Studiok\u00f6\u00f6k<\/title>\n<meta name=\"description\" content=\"Usaldusv\u00e4\u00e4rsed k\u00f6\u00f6gifurnituurid: hinged, juhikud, k\u00e4epidemed ja hoiustamiss\u00fcsteemid. Tagame vastupidavuse ja funktsionaalsuse.\" \/>\n<meta name=\"robots\" content=\"index, follow, max-snippet:-1, max-image-preview:large, max-video-preview:-1\" \/>\n<link rel=\"canonical\" href=\"https:\/\/studiokook.ee\/ru\/meie-furnituur\/\" \/>\n<meta property=\"og:locale\" content=\"ru_RU\" \/>\n<meta property=\"og:type\" content=\"article\" \/>\n<meta property=\"og:title\" content=\"BLUM ja Hettich furnituur | Austria kvaliteet | Studiok\u00f6\u00f6k\" \/>\n<meta property=\"og:description\" content=\"Usaldusv\u00e4\u00e4rsed k\u00f6\u00f6gifurnituurid: hinged, juhikud, k\u00e4epidemed ja hoiustamiss\u00fcsteemid. Tagame vastupidavuse ja funktsionaalsuse.\" \/>\n<meta property=\"og:url\" content=\"https:\/\/studiokook.ee\/ru\/meie-furnituur\/\" \/>\n<meta property=\"og:site_name\" content=\"Studiok\u00f6\u00f6k\" \/>\n<meta property=\"article:modified_time\" content=\"2026-02-27T07:25:48+00:00\" \/>\n<meta property=\"og:image\" content=\"https:\/\/studiokook.ee\/wp-content\/uploads\/2024\/02\/DS0334_DS_FRD_FO_BAU_-SALL_-APR2I_-V1_StageImageLarge.webp\" \/>\n<meta name=\"twitter:card\" content=\"summary_large_image\" \/>\n<meta name=\"twitter:label1\" content=\"\u041f\u0440\u0438\u043c\u0435\u0440\u043d\u043e\u0435 \u0432\u0440\u0435\u043c\u044f \u0434\u043b\u044f \u0447\u0442\u0435\u043d\u0438\u044f\" \/>\n\t<meta name=\"twitter:data1\" content=\"2 \u043c\u0438\u043d\u0443\u0442\u044b\" \/>\n<script type=\"application\/ld+json\" class=\"yoast-schema-graph\">{\"@context\":\"https:\/\/schema.org\",\"@graph\":[{\"@type\":\"WebPage\",\"@id\":\"https:\/\/studiokook.ee\/meie-furnituur\/\",\"url\":\"https:\/\/studiokook.ee\/meie-furnituur\/\",\"name\":\"BLUM ja Hettich furnituur | Austria kvaliteet | Studiok\u00f6\u00f6k\",\"isPartOf\":{\"@id\":\"https:\/\/studiokook.ee\/#website\"},\"primaryImageOfPage\":{\"@id\":\"https:\/\/studiokook.ee\/meie-furnituur\/#primaryimage\"},\"image\":{\"@id\":\"https:\/\/studiokook.ee\/meie-furnituur\/#primaryimage\"},\"thumbnailUrl\":\"https:\/\/studiokook.ee\/wp-content\/uploads\/2024\/02\/DS0334_DS_FRD_FO_BAU_-SALL_-APR2I_-V1_StageImageLarge.webp\",\"datePublished\":\"2024-02-20T17:16:28+00:00\",\"dateModified\":\"2026-02-27T07:25:48+00:00\",\"description\":\"\u041a\u0443\u0445\u043e\u043d\u043d\u0430\u044f \u043c\u0435\u0431\u0435\u043b\u044c \u043d\u0430 \u0437\u0430\u043a\u0430\u0437 \u0432 \u0422\u0430\u043b\u043b\u0438\u043d\u043d\u0435. \u0418\u043d\u0434\u0438\u0432\u0438\u0434\u0443\u0430\u043b\u044c\u043d\u044b\u0435 \u043a\u0443\u0445\u043d\u0438 \u043f\u043e \u0432\u0430\u0448\u0438\u043c \u0440\u0430\u0437\u043c\u0435\u0440\u0430\u043c \u0438 \u0434\u0438\u0437\u0430\u0439\u043d\u0443. \u0410\u0432\u0441\u0442\u0440\u0438\u0439\u0441\u043a\u0430\u044f \u0444\u0443\u0440\u043d\u0438\u0442\u0443\u0440\u0430, \u0433\u0430\u0440\u0430\u043d\u0442\u0438\u044f 5 \u043b\u0435\u0442.\",\"breadcrumb\":{\"@id\":\"https:\/\/studiokook.ee\/meie-furnituur\/#breadcrumb\"},\"inLanguage\":\"ru-RU\",\"potentialAction\":[{\"@type\":\"ReadAction\",\"target\":[\"https:\/\/studiokook.ee\/meie-furnituur\/\"]}]},{\"@type\":\"ImageObject\",\"inLanguage\":\"ru-RU\",\"@id\":\"https:\/\/studiokook.ee\/meie-furnituur\/#primaryimage\",\"url\":\"https:\/\/studiokook.ee\/wp-content\/uploads\/2024\/02\/DS0334_DS_FRD_FO_BAU_-SALL_-APR2I_-V1_StageImageLarge.webp\",\"contentUrl\":\"https:\/\/studiokook.ee\/wp-content\/uploads\/2024\/02\/DS0334_DS_FRD_FO_BAU_-SALL_-APR2I_-V1_StageImageLarge.webp\"},{\"@type\":\"WebSite\",\"@id\":\"https:\/\/studiokook.ee\/#website\",\"url\":\"https:\/\/studiokook.ee\/\",\"name\":\"Studiok\u00f6\u00f6k\",\"description\":\"\",\"potentialAction\":[{\"@type\":\"SearchAction\",\"target\":{\"@type\":\"EntryPoint\",\"urlTemplate\":\"https:\/\/studiokook.ee\/?s={search_term_string}\"},\"query-input\":{\"@type\":\"PropertyValueSpecification\",\"valueRequired\":true,\"valueName\":\"search_term_string\"}}],\"inLanguage\":\"ru-RU\"}]}<\/script>\n<!-- \/ Yoast SEO plugin. -->","yoast_head_json":{"title":"BLUM ja Hettich furnituur | Austria kvaliteet | Studiok\u00f6\u00f6k","description":"Usaldusv\u00e4\u00e4rsed k\u00f6\u00f6gifurnituurid: hinged, juhikud, k\u00e4epidemed ja hoiustamiss\u00fcsteemid. Tagame vastupidavuse ja funktsionaalsuse.","robots":{"index":"index","follow":"follow","max-snippet":"max-snippet:-1","max-image-preview":"max-image-preview:large","max-video-preview":"max-video-preview:-1"},"canonical":"https:\/\/studiokook.ee\/ru\/meie-furnituur\/","og_locale":"ru_RU","og_type":"article","og_title":"BLUM ja Hettich furnituur | Austria kvaliteet | Studiok\u00f6\u00f6k","og_description":"Usaldusv\u00e4\u00e4rsed k\u00f6\u00f6gifurnituurid: hinged, juhikud, k\u00e4epidemed ja hoiustamiss\u00fcsteemid. Tagame vastupidavuse ja funktsionaalsuse.","og_url":"https:\/\/studiokook.ee\/ru\/meie-furnituur\/","og_site_name":"Studiok\u00f6\u00f6k","article_modified_time":"2026-02-27T07:25:48+00:00","og_image":[{"url":"https:\/\/studiokook.ee\/wp-content\/uploads\/2024\/02\/DS0334_DS_FRD_FO_BAU_-SALL_-APR2I_-V1_StageImageLarge.webp","type":"","width":"","height":""}],"twitter_card":"summary_large_image","twitter_misc":{"\u041f\u0440\u0438\u043c\u0435\u0440\u043d\u043e\u0435 \u0432\u0440\u0435\u043c\u044f \u0434\u043b\u044f \u0447\u0442\u0435\u043d\u0438\u044f":"2 \u043c\u0438\u043d\u0443\u0442\u044b"},"schema":{"@context":"https:\/\/schema.org","@graph":[{"@type":"WebPage","@id":"https:\/\/studiokook.ee\/meie-furnituur\/","url":"https:\/\/studiokook.ee\/meie-furnituur\/","name":"BLUM ja Hettich furnituur | Austria kvaliteet | Studiok\u00f6\u00f6k","isPartOf":{"@id":"https:\/\/studiokook.ee\/#website"},"primaryImageOfPage":{"@id":"https:\/\/studiokook.ee\/meie-furnituur\/#primaryimage"},"image":{"@id":"https:\/\/studiokook.ee\/meie-furnituur\/#primaryimage"},"thumbnailUrl":"https:\/\/studiokook.ee\/wp-content\/uploads\/2024\/02\/DS0334_DS_FRD_FO_BAU_-SALL_-APR2I_-V1_StageImageLarge.webp","datePublished":"2024-02-20T17:16:28+00:00","dateModified":"2026-02-27T07:25:48+00:00","description":"\u041a\u0443\u0445\u043e\u043d\u043d\u0430\u044f \u043c\u0435\u0431\u0435\u043b\u044c \u043d\u0430 \u0437\u0430\u043a\u0430\u0437 \u0432 \u0422\u0430\u043b\u043b\u0438\u043d\u043d\u0435. \u0418\u043d\u0434\u0438\u0432\u0438\u0434\u0443\u0430\u043b\u044c\u043d\u044b\u0435 \u043a\u0443\u0445\u043d\u0438 \u043f\u043e \u0432\u0430\u0448\u0438\u043c \u0440\u0430\u0437\u043c\u0435\u0440\u0430\u043c \u0438 \u0434\u0438\u0437\u0430\u0439\u043d\u0443. \u0410\u0432\u0441\u0442\u0440\u0438\u0439\u0441\u043a\u0430\u044f \u0444\u0443\u0440\u043d\u0438\u0442\u0443\u0440\u0430, \u0433\u0430\u0440\u0430\u043d\u0442\u0438\u044f 5 \u043b\u0435\u0442.","breadcrumb":{"@id":"https:\/\/studiokook.ee\/meie-furnituur\/#breadcrumb"},"inLanguage":"ru-RU","potentialAction":[{"@type":"ReadAction","target":["https:\/\/studiokook.ee\/meie-furnituur\/"]}]},{"@type":"ImageObject","inLanguage":"ru-RU","@id":"https:\/\/studiokook.ee\/meie-furnituur\/#primaryimage","url":"https:\/\/studiokook.ee\/wp-content\/uploads\/2024\/02\/DS0334_DS_FRD_FO_BAU_-SALL_-APR2I_-V1_StageImageLarge.webp","contentUrl":"https:\/\/studiokook.ee\/wp-content\/uploads\/2024\/02\/DS0334_DS_FRD_FO_BAU_-SALL_-APR2I_-V1_StageImageLarge.webp"},{"@type":"WebSite","@id":"https:\/\/studiokook.ee\/#website","url":"https:\/\/studiokook.ee\/","name":"Studiok\u00f6\u00f6k","description":"","potentialAction":[{"@type":"SearchAction","target":{"@type":"EntryPoint","urlTemplate":"https:\/\/studiokook.ee\/?s={search_term_string}"},"query-input":{"@type":"PropertyValueSpecification","valueRequired":true,"valueName":"search_term_string"}}],"inLanguage":"ru-RU"}]}},"_links":{"self":[{"href":"https:\/\/studiokook.ee\/ru\/wp-json\/wp\/v2\/pages\/2706","targetHints":{"allow":["GET"]}}],"collection":[{"href":"https:\/\/studiokook.ee\/ru\/wp-json\/wp\/v2\/pages"}],"about":[{"href":"https:\/\/studiokook.ee\/ru\/wp-json\/wp\/v2\/types\/page"}],"author":[{"embeddable":true,"href":"https:\/\/studiokook.ee\/ru\/wp-json\/wp\/v2\/users\/1"}],"replies":[{"embeddable":true,"href":"https:\/\/studiokook.ee\/ru\/wp-json\/wp\/v2\/comments?post=2706"}],"version-history":[{"count":10,"href":"https:\/\/studiokook.ee\/ru\/wp-json\/wp\/v2\/pages\/2706\/revisions"}],"predecessor-version":[{"id":4144,"href":"https:\/\/studiokook.ee\/ru\/wp-json\/wp\/v2\/pages\/2706\/revisions\/4144"}],"wp:attachment":[{"href":"https:\/\/studiokook.ee\/ru\/wp-json\/wp\/v2\/media?parent=2706"}],"curies":[{"name":"wp","href":"https:\/\/api.w.org\/{rel}","templated":true}]}}