{"id":2776,"date":"2024-03-01T12:53:07","date_gmt":"2024-03-01T09:53:07","guid":{"rendered":"https:\/\/studiokook.ee\/?page_id=2776"},"modified":"2026-02-16T22:13:59","modified_gmt":"2026-02-16T19:13:59","slug":"toopinnad","status":"publish","type":"page","link":"https:\/\/studiokook.ee\/ru\/toopinnad\/","title":{"rendered":"\u0421\u0442\u043e\u043b\u0435\u0448\u043d\u0438\u0446\u044b"},"content":{"rendered":"<h1>\u0421\u0442\u043e\u043b\u0435\u0448\u043d\u0438\u0446\u044b \u0434\u043b\u044f \u043a\u0443\u0445\u043d\u0438 \u2014 \u0438\u0437\u043d\u043e\u0441\u043e\u0441\u0442\u043e\u0439\u043a\u043e\u0441\u0442\u044c \u0438 \u0441\u0442\u0438\u043b\u044c<\/h1>\n<p>\u041d\u0430 \u043a\u0443\u0445\u043d\u0435 \u0441\u0442\u043e\u043b\u0435\u0448\u043d\u0438\u0446\u0430 \u0438\u0441\u043f\u043e\u043b\u044c\u0437\u0443\u0435\u0442\u0441\u044f \u043a\u0430\u0436\u0434\u044b\u0439 \u0434\u0435\u043d\u044c \u2014 \u043d\u0430 \u043d\u0435\u0451 \u0441\u0442\u0430\u0432\u044f\u0442 \u0433\u043e\u0440\u044f\u0447\u0438\u0435 \u043a\u0430\u0441\u0442\u0440\u044e\u043b\u0438, \u0440\u0435\u0436\u0443\u0442, \u0447\u0438\u0441\u0442\u044f\u0442. \u0421\u0442\u043e\u043b\u0435\u0448\u043d\u0438\u0446\u0430 \u0434\u043e\u043b\u0436\u043d\u0430 \u0431\u044b\u0442\u044c \u0443\u0441\u0442\u043e\u0439\u0447\u0438\u0432\u0430 \u043a \u0436\u0430\u0440\u0443, \u0446\u0430\u0440\u0430\u043f\u0438\u043d\u0430\u043c \u0438 \u0432\u043b\u0430\u0433\u0435. \u041f\u0440\u0438 \u0432\u044b\u0431\u043e\u0440\u0435 \u043c\u0430\u0442\u0435\u0440\u0438\u0430\u043b\u0430 \u0432\u0430\u0436\u043d\u043e, \u0447\u0442\u043e\u0431\u044b \u043e\u043d \u0434\u043e\u043b\u0433\u043e \u0432\u044b\u0433\u043b\u044f\u0434\u0435\u043b \u0445\u043e\u0440\u043e\u0448\u043e \u0438 \u043d\u0435 \u0442\u0440\u0435\u0431\u043e\u0432\u0430\u043b \u043b\u0438\u0448\u043d\u0435\u0433\u043e \u0443\u0445\u043e\u0434\u0430. Studiok\u00f6\u00f6k \u043f\u0440\u0435\u0434\u043b\u0430\u0433\u0430\u0435\u0442 \u0442\u0440\u0438 \u043a\u0430\u0442\u0435\u0433\u043e\u0440\u0438\u0438 \u043c\u0430\u0442\u0435\u0440\u0438\u0430\u043b\u043e\u0432 \u2014 \u043b\u0430\u043c\u0438\u043d\u0430\u0442, \u043a\u0430\u043c\u0435\u043d\u044c \u0438 HPL \u2014 \u0447\u0442\u043e\u0431\u044b \u0443 \u0432\u0430\u0441 \u0431\u044b\u043b \u0432\u044b\u0431\u043e\u0440 \u043f\u043e \u0431\u044e\u0434\u0436\u0435\u0442\u0443 \u0438 \u0441\u0442\u0438\u043b\u044e.<\/p>\n<h3>\u041b\u0430\u043c\u0438\u043d\u0430\u0442\u043d\u044b\u0435 \u0441\u0442\u043e\u043b\u0435\u0448\u043d\u0438\u0446\u044b \u2014 EGGER<\/h3>\n<p>\u041b\u0430\u043c\u0438\u043d\u0430\u0442 \u2014 \u043f\u0440\u0430\u043a\u0442\u0438\u0447\u043d\u044b\u0439 \u0438 \u0440\u0430\u0446\u0438\u043e\u043d\u0430\u043b\u044c\u043d\u044b\u0439 \u0432\u044b\u0431\u043e\u0440. \u0423 Egger \u0431\u043e\u043b\u0435\u0435 100 \u0446\u0432\u0435\u0442\u043e\u0432 \u0438 \u0442\u0435\u043a\u0441\u0442\u0443\u0440, \u043a\u043e\u0442\u043e\u0440\u044b\u0435 \u043c\u043e\u0436\u043d\u043e \u043a\u043e\u043c\u0431\u0438\u043d\u0438\u0440\u043e\u0432\u0430\u0442\u044c \u0441 \u0444\u0430\u0441\u0430\u0434\u0430\u043c\u0438. \u0423\u0445\u043e\u0434 \u043f\u0440\u043e\u0441\u0442\u043e\u0439: \u043f\u0440\u043e\u0442\u0440\u0438\u0442\u0435 \u0432\u043b\u0430\u0436\u043d\u043e\u0439 \u0442\u0440\u044f\u043f\u043a\u043e\u0439 \u0438 \u0432\u044b\u0441\u0443\u0448\u0438\u0442\u0435 \u043f\u043e\u0432\u0435\u0440\u0445\u043d\u043e\u0441\u0442\u044c. \u0422\u043e\u043b\u0449\u0438\u043d\u0430 38 \u043c\u043c \u043e\u0431\u0435\u0441\u043f\u0435\u0447\u0438\u0432\u0430\u0435\u0442 \u043d\u0435\u043e\u0431\u0445\u043e\u0434\u0438\u043c\u0443\u044e \u043f\u0440\u043e\u0447\u043d\u043e\u0441\u0442\u044c. \u041f\u043e \u0446\u0435\u043d\u0435 \u043b\u0430\u043c\u0438\u043d\u0430\u0442 \u0432 Studiok\u00f6\u00f6k \u043d\u0430\u0445\u043e\u0434\u0438\u0442\u0441\u044f \u0432 \u0434\u0438\u0430\u043f\u0430\u0437\u043e\u043d\u0435 \u20ac \u2014 \u20ac\u20ac. <a href=\"https:\/\/studiokook.ee\/ru\/laminaadist-tootasapinnad\/\">\u041e\u0437\u043d\u0430\u043a\u043e\u043c\u044c\u0442\u0435\u0441\u044c \u0441 \u043b\u0430\u043c\u0438\u043d\u0430\u0442\u0430\u043c\u0438 Egger<\/a>.<\/p>\n<h3>\u041a\u0430\u043c\u0435\u043d\u043d\u044b\u0435 \u0441\u0442\u043e\u043b\u0435\u0448\u043d\u0438\u0446\u044b \u2014 \u0433\u0440\u0430\u043d\u0438\u0442, \u043a\u0432\u0430\u0440\u0446 \u0438 \u043c\u0440\u0430\u043c\u043e\u0440<\/h3>\n<p>\u041a\u0430\u043c\u0435\u043d\u043d\u044b\u0435 \u0441\u0442\u043e\u043b\u0435\u0448\u043d\u0438\u0446\u044b \u2014 \u043f\u0440\u0435\u043c\u0438\u0430\u043b\u044c\u043d\u044b\u0439 \u0432\u044b\u0431\u043e\u0440. \u041a\u0430\u0436\u0434\u0430\u044f \u043f\u043b\u0438\u0442\u0430 \u0443\u043d\u0438\u043a\u0430\u043b\u044c\u043d\u0430 \u0441\u043e \u0441\u0432\u043e\u0438\u043c \u0440\u0438\u0441\u0443\u043d\u043a\u043e\u043c. \u0413\u0440\u0430\u043d\u0438\u0442 \u0438 \u043a\u0432\u0430\u0440\u0446 \u0447\u0440\u0435\u0437\u0432\u044b\u0447\u0430\u0439\u043d\u043e \u0443\u0441\u0442\u043e\u0439\u0447\u0438\u0432\u044b \u043a \u0436\u0430\u0440\u0443 \u0438 \u0446\u0430\u0440\u0430\u043f\u0438\u043d\u0430\u043c, \u043c\u0440\u0430\u043c\u043e\u0440 \u044d\u043b\u0435\u0433\u0430\u043d\u0442\u043d\u0435\u0435, \u043d\u043e \u0442\u0440\u0435\u0431\u0443\u0435\u0442 \u0431\u043e\u043b\u044c\u0448\u0435\u0433\u043e \u0443\u0445\u043e\u0434\u0430. \u041a\u0430\u043c\u0435\u043d\u044c \u2014 \u0434\u043e\u043b\u0433\u043e\u0441\u0440\u043e\u0447\u043d\u0430\u044f \u0438\u043d\u0432\u0435\u0441\u0442\u0438\u0446\u0438\u044f \u043d\u0430 \u0432\u0441\u044e \u0436\u0438\u0437\u043d\u044c. <a href=\"https:\/\/studiokook.ee\/ru\/kividest-tootasapinnad\/\">\u0421\u043c\u043e\u0442\u0440\u0438\u0442\u0435 \u0432\u044b\u0431\u043e\u0440 \u043a\u0430\u043c\u0435\u043d\u043d\u044b\u0445 \u0441\u0442\u043e\u043b\u0435\u0448\u043d\u0438\u0446<\/a>.<\/p>\n<h3>HPL \u043a\u043e\u043c\u043f\u0430\u043a\u0442\u043d\u044b\u0439 \u043b\u0430\u043c\u0438\u043d\u0430\u0442 \u2014 \u043f\u0440\u043e\u0444\u0435\u0441\u0441\u0438\u043e\u043d\u0430\u043b\u044c\u043d\u044b\u0439 \u0438 \u0441\u043e\u0432\u0440\u0435\u043c\u0435\u043d\u043d\u044b\u0439 \u0432\u044b\u0431\u043e\u0440<\/h3>\n<p>HPL \u2014 \u0442\u043e\u043d\u043a\u0438\u0439 (12 \u043c\u043c), \u043d\u043e \u043e\u0447\u0435\u043d\u044c \u043f\u0440\u043e\u0447\u043d\u044b\u0439 \u043b\u0430\u043c\u0438\u043d\u0430\u0442, \u043a\u043e\u0442\u043e\u0440\u044b\u0439 \u0438\u0441\u043f\u043e\u043b\u044c\u0437\u0443\u0435\u0442\u0441\u044f \u0432 \u043f\u0440\u043e\u0444\u0435\u0441\u0441\u0438\u043e\u043d\u0430\u043b\u044c\u043d\u044b\u0445 \u043a\u0443\u0445\u043d\u044f\u0445. \u041f\u043e\u0432\u0435\u0440\u0445\u043d\u043e\u0441\u0442\u044c \u043d\u0435 \u0432\u043f\u0438\u0442\u044b\u0432\u0430\u0435\u0442 \u0432\u043e\u0434\u0443 \u0434\u0430\u0436\u0435 \u043d\u0430 \u0442\u043e\u0440\u0446\u0430\u0445, \u0447\u0442\u043e \u0434\u0435\u043b\u0430\u0435\u0442 \u0435\u0433\u043e \u0438\u0434\u0435\u0430\u043b\u044c\u043d\u044b\u043c \u0434\u043b\u044f \u0432\u043b\u0430\u0436\u043d\u043e\u0439 \u0441\u0440\u0435\u0434\u044b. HPL \u0432\u044b\u0433\u043b\u044f\u0434\u0438\u0442 \u043e\u0447\u0435\u043d\u044c \u0441\u043e\u0432\u0440\u0435\u043c\u0435\u043d\u043d\u043e \u0438 \u043c\u0438\u043d\u0438\u043c\u0430\u043b\u0438\u0441\u0442\u0438\u0447\u043d\u043e, \u0432\u0441\u0435 \u043a\u0440\u0430\u044f \u0447\u0451\u0442\u043a\u0438\u0435 \u0438 \u0447\u0438\u0441\u0442\u044b\u0435. \u041f\u043e \u0446\u0435\u043d\u0435 HPL \u043d\u0430\u0445\u043e\u0434\u0438\u0442\u0441\u044f \u0432 \u0434\u0438\u0430\u043f\u0430\u0437\u043e\u043d\u0435 \u20ac\u20ac. <a href=\"https:\/\/studiokook.ee\/ru\/toopinnad\/hpl-tootasapinnad\/\">\u0423\u0437\u043d\u0430\u0439\u0442\u0435 \u043e HPL \u043a\u043e\u043c\u043f\u0430\u043a\u0442\u043d\u043e\u043c \u043b\u0430\u043c\u0438\u043d\u0430\u0442\u0435<\/a>.<\/p>\n<h3>\u0421\u0440\u0430\u0432\u043d\u0438\u0442\u0435\u043b\u044c\u043d\u0430\u044f \u0442\u0430\u0431\u043b\u0438\u0446\u0430<\/h3>\n<table>\n<thead>\n<tr>\n<th>\u0421\u0432\u043e\u0439\u0441\u0442\u0432\u043e<\/th>\n<th>Laminaat<\/th>\n<th>\u041a\u0430\u043c\u0435\u043d\u044c<\/th>\n<th>HPL<\/th>\n<\/tr>\n<\/thead>\n<tbody>\n<tr>\n<td>\u0426\u0435\u043d\u0430<\/td>\n<td>\u20ac<\/td>\n<td>\u20ac\u20ac\u20ac<\/td>\n<td>\u20ac\u20ac<\/td>\n<\/tr>\n<tr>\n<td>\u0418\u0437\u043d\u043e\u0441\u043e\u0441\u0442\u043e\u0439\u043a\u043e\u0441\u0442\u044c<\/td>\n<td>\u0425\u043e\u0440\u043e\u0448\u0430\u044f<\/td>\n<td>\u041e\u0442\u043b\u0438\u0447\u043d\u0430\u044f<\/td>\n<td>\u041e\u0447\u0435\u043d\u044c \u0445\u043e\u0440\u043e\u0448\u0430\u044f<\/td>\n<\/tr>\n<tr>\n<td>\u0416\u0430\u0440\u043e\u0441\u0442\u043e\u0439\u043a\u043e\u0441\u0442\u044c<\/td>\n<td>\u0421\u0440\u0435\u0434\u043d\u044f\u044f<\/td>\n<td>\u041e\u0442\u043b\u0438\u0447\u043d\u0430\u044f<\/td>\n<td>\u0425\u043e\u0440\u043e\u0448\u0430\u044f<\/td>\n<\/tr>\n<tr>\n<td>\u0412\u043b\u0430\u0433\u043e\u0441\u0442\u043e\u0439\u043a\u043e\u0441\u0442\u044c<\/td>\n<td>\u0425\u043e\u0440\u043e\u0448\u0430\u044f<\/td>\n<td>\u041e\u0442\u043b\u0438\u0447\u043d\u0430\u044f<\/td>\n<td>\u041e\u0442\u043b\u0438\u0447\u043d\u0430\u044f<\/td>\n<\/tr>\n<tr>\n<td>Paksus<\/td>\n<td>38 \u043c\u043c<\/td>\n<td>20\u201330 \u043c\u043c<\/td>\n<td>12 mm<\/td>\n<\/tr>\n<tr>\n<td>\u0423\u0445\u043e\u0434<\/td>\n<td>\u041f\u0440\u043e\u0441\u0442\u043e\u0439<\/td>\n<td>\u0422\u0440\u0435\u0431\u0443\u0435\u0442 \u0443\u0445\u043e\u0434\u0430<\/td>\n<td>\u041f\u0440\u043e\u0441\u0442\u043e\u0439<\/td>\n<\/tr>\n<\/tbody>\n<\/table>\n<h3>\u041a\u0430\u043a \u0432\u044b\u0431\u0440\u0430\u0442\u044c \u0441\u0442\u043e\u043b\u0435\u0448\u043d\u0438\u0446\u0443?<\/h3>\n<p>\u0412\u044b\u0431\u0438\u0440\u0430\u0439\u0442\u0435 \u043b\u0430\u043c\u0438\u043d\u0430\u0442, \u0435\u0441\u043b\u0438 \u0445\u043e\u0442\u0438\u0442\u0435 \u0445\u043e\u0440\u043e\u0448\u0443\u044e \u0446\u0435\u043d\u0443, \u043f\u0440\u043e\u0441\u0442\u043e\u0439 \u0443\u0445\u043e\u0434 \u0438 \u043c\u043d\u043e\u0433\u043e \u0446\u0432\u0435\u0442\u043e\u0432. \u0412\u044b\u0431\u0438\u0440\u0430\u0439\u0442\u0435 \u043a\u0430\u043c\u0435\u043d\u044c, \u0435\u0441\u043b\u0438 \u0438\u0449\u0435\u0442\u0435 \u043f\u0440\u0435\u043c\u0438\u0430\u043b\u044c\u043d\u044b\u0439 \u0438 \u0443\u043d\u0438\u043a\u0430\u043b\u044c\u043d\u044b\u0439 \u0432\u0438\u0434 \u0438 \u0433\u043e\u0442\u043e\u0432\u044b \u0431\u043e\u043b\u044c\u0448\u0435 \u0438\u043d\u0432\u0435\u0441\u0442\u0438\u0440\u043e\u0432\u0430\u0442\u044c. \u0412\u044b\u0431\u0438\u0440\u0430\u0439\u0442\u0435 HPL, \u0435\u0441\u043b\u0438 \u0432\u0430\u043c \u043d\u0440\u0430\u0432\u0438\u0442\u0441\u044f \u0441\u043e\u0432\u0440\u0435\u043c\u0435\u043d\u043d\u044b\u0439 \u043c\u0438\u043d\u0438\u043c\u0430\u043b\u0438\u0441\u0442\u0438\u0447\u043d\u044b\u0439 \u0441\u0442\u0438\u043b\u044c \u2014 HPL \u043d\u0435 \u0431\u043e\u0438\u0442\u0441\u044f \u0432\u043b\u0430\u0433\u0438. \u041d\u0430\u0448\u0438 \u0441\u043f\u0435\u0446\u0438\u0430\u043b\u0438\u0441\u0442\u044b \u043f\u043e\u043c\u043e\u0433\u0443\u0442 \u043f\u043e\u0434\u043e\u0431\u0440\u0430\u0442\u044c \u043f\u0440\u0430\u0432\u0438\u043b\u044c\u043d\u0443\u044e \u043a\u043e\u043c\u0431\u0438\u043d\u0430\u0446\u0438\u044e \u0441\u0442\u043e\u043b\u0435\u0448\u043d\u0438\u0446\u044b \u0438 \u0444\u0430\u0441\u0430\u0434\u0430.<\/p>\n<p>K\u00fclastage meie salongi aadressil Paldiski mnt 21, Tallinn ja vaadake materjale kohapeal. Tel: 555 25 143.<\/p>","protected":false},"excerpt":{"rendered":"<p>T\u00f6\u00f6tasapinnad k\u00f6\u00f6gile \u2014 vastupidavus ja stiil K\u00f6\u00f6gis kasutatakse t\u00f6\u00f6pinda iga p\u00e4ev \u2014 sellele pannakse kuumad potid, l\u00f5igatakse, puhastatakse. T\u00f6\u00f6tasapind peab [&hellip;]<\/p>","protected":false},"author":1,"featured_media":0,"parent":0,"menu_order":0,"comment_status":"closed","ping_status":"closed","template":"","meta":{"_yoast_wpseo_focuskw":"","_yoast_wpseo_title":"T\u00f6\u00f6tasapinnad k\u00f6\u00f6gile | Kivi, graniit, kvarts | Studiok\u00f6\u00f6k","_yoast_wpseo_metadesc":"Kvaliteetsed k\u00f6\u00f6git\u00f6\u00f6pinnad Tallinnas: EGGER laminaat, graniit, kvarts, HPL kompaktlaminaat. Vastupidavad materjalid soodsate hindadega.","site-sidebar-layout":"no-sidebar","site-content-layout":"","ast-site-content-layout":"full-width-container","site-content-style":"default","site-sidebar-style":"default","ast-global-header-display":"","ast-banner-title-visibility":"","ast-main-header-display":"","ast-hfb-above-header-display":"","ast-hfb-below-header-display":"","ast-hfb-mobile-header-display":"","site-post-title":"disabled","ast-breadcrumbs-content":"","ast-featured-img":"disabled","footer-sml-layout":"","theme-transparent-header-meta":"","adv-header-id-meta":"","stick-header-meta":"","header-above-stick-meta":"","header-main-stick-meta":"","header-below-stick-meta":"","astra-migrate-meta-layouts":"default","ast-page-background-enabled":"default","ast-page-background-meta":{"desktop":{"background-color":"var(--ast-global-color-4)","background-image":"","background-repeat":"repeat","background-position":"center center","background-size":"auto","background-attachment":"scroll","background-type":"","background-media":"","overlay-type":"","overlay-color":"","overlay-opacity":"","overlay-gradient":""},"tablet":{"background-color":"","background-image":"","background-repeat":"repeat","background-position":"center center","background-size":"auto","background-attachment":"scroll","background-type":"","background-media":"","overlay-type":"","overlay-color":"","overlay-opacity":"","overlay-gradient":""},"mobile":{"background-color":"","background-image":"","background-repeat":"repeat","background-position":"center center","background-size":"auto","background-attachment":"scroll","background-type":"","background-media":"","overlay-type":"","overlay-color":"","overlay-opacity":"","overlay-gradient":""}},"ast-content-background-meta":{"desktop":{"background-color":"var(--ast-global-color-5)","background-image":"","background-repeat":"repeat","background-position":"center center","background-size":"auto","background-attachment":"scroll","background-type":"","background-media":"","overlay-type":"","overlay-color":"","overlay-opacity":"","overlay-gradient":""},"tablet":{"background-color":"var(--ast-global-color-5)","background-image":"","background-repeat":"repeat","background-position":"center center","background-size":"auto","background-attachment":"scroll","background-type":"","background-media":"","overlay-type":"","overlay-color":"","overlay-opacity":"","overlay-gradient":""},"mobile":{"background-color":"var(--ast-global-color-5)","background-image":"","background-repeat":"repeat","background-position":"center center","background-size":"auto","background-attachment":"scroll","background-type":"","background-media":"","overlay-type":"","overlay-color":"","overlay-opacity":"","overlay-gradient":""}},"ngg_post_thumbnail":0,"footnotes":""},"class_list":["post-2776","page","type-page","status-publish","hentry"],"yoast_head":"<!-- This site is optimized with the Yoast SEO plugin v26.3 - https:\/\/yoast.com\/wordpress\/plugins\/seo\/ -->\n<title>T\u00f6\u00f6tasapinnad k\u00f6\u00f6gile | Kivi, graniit, kvarts | Studiok\u00f6\u00f6k<\/title>\n<meta name=\"description\" content=\"Kvaliteetsed k\u00f6\u00f6git\u00f6\u00f6pinnad Tallinnas: EGGER laminaat, graniit, kvarts, HPL kompaktlaminaat. Vastupidavad materjalid soodsate hindadega.\" \/>\n<meta name=\"robots\" content=\"index, follow, max-snippet:-1, max-image-preview:large, max-video-preview:-1\" \/>\n<link rel=\"canonical\" href=\"https:\/\/studiokook.ee\/ru\/toopinnad\/\" \/>\n<meta property=\"og:locale\" content=\"ru_RU\" \/>\n<meta property=\"og:type\" content=\"article\" \/>\n<meta property=\"og:title\" content=\"T\u00f6\u00f6tasapinnad k\u00f6\u00f6gile | Kivi, graniit, kvarts | Studiok\u00f6\u00f6k\" \/>\n<meta property=\"og:description\" content=\"Kvaliteetsed k\u00f6\u00f6git\u00f6\u00f6pinnad Tallinnas: EGGER laminaat, graniit, kvarts, HPL kompaktlaminaat. Vastupidavad materjalid soodsate hindadega.\" \/>\n<meta property=\"og:url\" content=\"https:\/\/studiokook.ee\/ru\/toopinnad\/\" \/>\n<meta property=\"og:site_name\" content=\"Studiok\u00f6\u00f6k\" \/>\n<meta property=\"article:modified_time\" content=\"2026-02-16T19:13:59+00:00\" \/>\n<meta property=\"og:image\" content=\"https:\/\/studiokook.ee\/wp-content\/uploads\/2024\/02\/IKL3101-scaled-1.webp\" \/>\n\t<meta property=\"og:image:width\" content=\"2560\" \/>\n\t<meta property=\"og:image:height\" content=\"1708\" \/>\n\t<meta property=\"og:image:type\" content=\"image\/webp\" \/>\n<meta name=\"twitter:card\" content=\"summary_large_image\" \/>\n<meta name=\"twitter:label1\" content=\"\u041f\u0440\u0438\u043c\u0435\u0440\u043d\u043e\u0435 \u0432\u0440\u0435\u043c\u044f \u0434\u043b\u044f \u0447\u0442\u0435\u043d\u0438\u044f\" \/>\n\t<meta name=\"twitter:data1\" content=\"2 \u043c\u0438\u043d\u0443\u0442\u044b\" \/>\n<script type=\"application\/ld+json\" class=\"yoast-schema-graph\">{\"@context\":\"https:\/\/schema.org\",\"@graph\":[{\"@type\":\"WebPage\",\"@id\":\"https:\/\/studiokook.ee\/toopinnad\/\",\"url\":\"https:\/\/studiokook.ee\/toopinnad\/\",\"name\":\"T\u00f6\u00f6tasapinnad k\u00f6\u00f6gile | Kivi, graniit, kvarts | Studiok\u00f6\u00f6k\",\"isPartOf\":{\"@id\":\"https:\/\/studiokook.ee\/#website\"},\"datePublished\":\"2024-03-01T09:53:07+00:00\",\"dateModified\":\"2026-02-16T19:13:59+00:00\",\"description\":\"\u041a\u0443\u0445\u043e\u043d\u043d\u0430\u044f \u043c\u0435\u0431\u0435\u043b\u044c \u043d\u0430 \u0437\u0430\u043a\u0430\u0437 \u0432 \u0422\u0430\u043b\u043b\u0438\u043d\u043d\u0435. \u0418\u043d\u0434\u0438\u0432\u0438\u0434\u0443\u0430\u043b\u044c\u043d\u044b\u0435 \u043a\u0443\u0445\u043d\u0438 \u043f\u043e \u0432\u0430\u0448\u0438\u043c \u0440\u0430\u0437\u043c\u0435\u0440\u0430\u043c \u0438 \u0434\u0438\u0437\u0430\u0439\u043d\u0443. \u0410\u0432\u0441\u0442\u0440\u0438\u0439\u0441\u043a\u0430\u044f \u0444\u0443\u0440\u043d\u0438\u0442\u0443\u0440\u0430, \u0433\u0430\u0440\u0430\u043d\u0442\u0438\u044f 5 \u043b\u0435\u0442.\",\"breadcrumb\":{\"@id\":\"https:\/\/studiokook.ee\/toopinnad\/#breadcrumb\"},\"inLanguage\":\"ru-RU\",\"potentialAction\":[{\"@type\":\"ReadAction\",\"target\":[\"https:\/\/studiokook.ee\/toopinnad\/\"]}]},{\"@type\":\"WebSite\",\"@id\":\"https:\/\/studiokook.ee\/#website\",\"url\":\"https:\/\/studiokook.ee\/\",\"name\":\"Studiok\u00f6\u00f6k\",\"description\":\"\",\"potentialAction\":[{\"@type\":\"SearchAction\",\"target\":{\"@type\":\"EntryPoint\",\"urlTemplate\":\"https:\/\/studiokook.ee\/?s={search_term_string}\"},\"query-input\":{\"@type\":\"PropertyValueSpecification\",\"valueRequired\":true,\"valueName\":\"search_term_string\"}}],\"inLanguage\":\"ru-RU\"}]}<\/script>\n<!-- \/ Yoast SEO plugin. -->","yoast_head_json":{"title":"T\u00f6\u00f6tasapinnad k\u00f6\u00f6gile | Kivi, graniit, kvarts | Studiok\u00f6\u00f6k","description":"Kvaliteetsed k\u00f6\u00f6git\u00f6\u00f6pinnad Tallinnas: EGGER laminaat, graniit, kvarts, HPL kompaktlaminaat. Vastupidavad materjalid soodsate hindadega.","robots":{"index":"index","follow":"follow","max-snippet":"max-snippet:-1","max-image-preview":"max-image-preview:large","max-video-preview":"max-video-preview:-1"},"canonical":"https:\/\/studiokook.ee\/ru\/toopinnad\/","og_locale":"ru_RU","og_type":"article","og_title":"T\u00f6\u00f6tasapinnad k\u00f6\u00f6gile | Kivi, graniit, kvarts | Studiok\u00f6\u00f6k","og_description":"Kvaliteetsed k\u00f6\u00f6git\u00f6\u00f6pinnad Tallinnas: EGGER laminaat, graniit, kvarts, HPL kompaktlaminaat. Vastupidavad materjalid soodsate hindadega.","og_url":"https:\/\/studiokook.ee\/ru\/toopinnad\/","og_site_name":"Studiok\u00f6\u00f6k","article_modified_time":"2026-02-16T19:13:59+00:00","og_image":[{"width":2560,"height":1708,"url":"https:\/\/studiokook.ee\/wp-content\/uploads\/2024\/02\/IKL3101-scaled-1.webp","type":"image\/webp"}],"twitter_card":"summary_large_image","twitter_misc":{"\u041f\u0440\u0438\u043c\u0435\u0440\u043d\u043e\u0435 \u0432\u0440\u0435\u043c\u044f \u0434\u043b\u044f \u0447\u0442\u0435\u043d\u0438\u044f":"2 \u043c\u0438\u043d\u0443\u0442\u044b"},"schema":{"@context":"https:\/\/schema.org","@graph":[{"@type":"WebPage","@id":"https:\/\/studiokook.ee\/toopinnad\/","url":"https:\/\/studiokook.ee\/toopinnad\/","name":"T\u00f6\u00f6tasapinnad k\u00f6\u00f6gile | Kivi, graniit, kvarts | Studiok\u00f6\u00f6k","isPartOf":{"@id":"https:\/\/studiokook.ee\/#website"},"datePublished":"2024-03-01T09:53:07+00:00","dateModified":"2026-02-16T19:13:59+00:00","description":"\u041a\u0443\u0445\u043e\u043d\u043d\u0430\u044f \u043c\u0435\u0431\u0435\u043b\u044c \u043d\u0430 \u0437\u0430\u043a\u0430\u0437 \u0432 \u0422\u0430\u043b\u043b\u0438\u043d\u043d\u0435. \u0418\u043d\u0434\u0438\u0432\u0438\u0434\u0443\u0430\u043b\u044c\u043d\u044b\u0435 \u043a\u0443\u0445\u043d\u0438 \u043f\u043e \u0432\u0430\u0448\u0438\u043c \u0440\u0430\u0437\u043c\u0435\u0440\u0430\u043c \u0438 \u0434\u0438\u0437\u0430\u0439\u043d\u0443. \u0410\u0432\u0441\u0442\u0440\u0438\u0439\u0441\u043a\u0430\u044f \u0444\u0443\u0440\u043d\u0438\u0442\u0443\u0440\u0430, \u0433\u0430\u0440\u0430\u043d\u0442\u0438\u044f 5 \u043b\u0435\u0442.","breadcrumb":{"@id":"https:\/\/studiokook.ee\/toopinnad\/#breadcrumb"},"inLanguage":"ru-RU","potentialAction":[{"@type":"ReadAction","target":["https:\/\/studiokook.ee\/toopinnad\/"]}]},{"@type":"WebSite","@id":"https:\/\/studiokook.ee\/#website","url":"https:\/\/studiokook.ee\/","name":"Studiok\u00f6\u00f6k","description":"","potentialAction":[{"@type":"SearchAction","target":{"@type":"EntryPoint","urlTemplate":"https:\/\/studiokook.ee\/?s={search_term_string}"},"query-input":{"@type":"PropertyValueSpecification","valueRequired":true,"valueName":"search_term_string"}}],"inLanguage":"ru-RU"}]}},"_links":{"self":[{"href":"https:\/\/studiokook.ee\/ru\/wp-json\/wp\/v2\/pages\/2776","targetHints":{"allow":["GET"]}}],"collection":[{"href":"https:\/\/studiokook.ee\/ru\/wp-json\/wp\/v2\/pages"}],"about":[{"href":"https:\/\/studiokook.ee\/ru\/wp-json\/wp\/v2\/types\/page"}],"author":[{"embeddable":true,"href":"https:\/\/studiokook.ee\/ru\/wp-json\/wp\/v2\/users\/1"}],"replies":[{"embeddable":true,"href":"https:\/\/studiokook.ee\/ru\/wp-json\/wp\/v2\/comments?post=2776"}],"version-history":[{"count":75,"href":"https:\/\/studiokook.ee\/ru\/wp-json\/wp\/v2\/pages\/2776\/revisions"}],"predecessor-version":[{"id":6408,"href":"https:\/\/studiokook.ee\/ru\/wp-json\/wp\/v2\/pages\/2776\/revisions\/6408"}],"wp:attachment":[{"href":"https:\/\/studiokook.ee\/ru\/wp-json\/wp\/v2\/media?parent=2776"}],"curies":[{"name":"wp","href":"https:\/\/api.w.org\/{rel}","templated":true}]}}