{"id":3010,"date":"2024-03-01T15:10:14","date_gmt":"2024-03-01T12:10:14","guid":{"rendered":"https:\/\/studiokook.ee\/?page_id=3010"},"modified":"2026-03-22T14:04:07","modified_gmt":"2026-03-22T11:04:07","slug":"valmistamine","status":"publish","type":"page","link":"https:\/\/studiokook.ee\/ru\/valmistamine\/","title":{"rendered":"\u0418\u0437\u0433\u043e\u0442\u043e\u0432\u043b\u0435\u043d\u0438\u0435"},"content":{"rendered":"<div data-elementor-type=\"wp-page\" data-elementor-id=\"3010\" class=\"elementor elementor-3010\">\n\t\t\t\t<div class=\"elementor-element elementor-element-c2a1224 e-flex e-con-boxed elementor-section-parallax-no e-con e-parent\" data-id=\"c2a1224\" data-element_type=\"container\" data-settings=\"{&quot;background_background&quot;:&quot;classic&quot;}\">\n\t\t\t\t\t<div class=\"e-con-inner\">\n\t\t\t\t<div class=\"elementor-element elementor-element-6ab525d elementor-position-left elementor-mobile-position-left elementor-vertical-align-middle elementor-vertical-align-bottom elementor-view-default elementor-widget elementor-widget-icon-box\" data-id=\"6ab525d\" data-element_type=\"widget\" data-widget_type=\"icon-box.default\">\n\t\t\t\t<div class=\"elementor-widget-container\">\n\t\t\t\t\t<div class=\"elementor-icon-box-wrapper\">\n\n\t\t\t\t\t\t<div class=\"elementor-icon-box-icon\">\n\t\t\t\t<span  class=\"elementor-icon elementor-animation-\">\n\t\t\t\t<i aria-hidden=\"true\" class=\"xi xi-outside-border\"><\/i>\t\t\t\t<\/span>\n\t\t\t<\/div>\n\t\t\t\n\t\t\t\t\t\t<div class=\"elementor-icon-box-content\">\n\n\t\t\t\t\t\t\t\t\t<h1 class=\"elementor-icon-box-title\">\n\t\t\t\t\t\t<span  >\n\t\t\t\t\t\t\t\u0418\u0437\u0433\u043e\u0442\u043e\u0432\u043b\u0435\u043d\u0438\u0435 \u043a\u0443\u0445\u043e\u043d\u043d\u043e\u0439 \u043c\u0435\u0431\u0435\u043b\u0438\t\t\t\t\t\t<\/span>\n\t\t\t\t\t<\/h1>\n\t\t\t\t\n\t\t\t\t\n\t\t\t<\/div>\n\t\t\t\n\t\t<\/div>\n\t\t\t\t<\/div>\n\t\t\t\t<\/div>\n\t\t\t\t\t<\/div>\n\t\t\t\t<\/div>\n\t\t<div class=\"elementor-element elementor-element-a35cbc5 e-con-full e-flex elementor-section-parallax-no e-con e-parent\" data-id=\"a35cbc5\" data-element_type=\"container\">\n\t\t\t\t<div class=\"elementor-element elementor-element-b6f683a elementor-widget__width-initial elementor-widget-mobile__width-inherit elementor-widget elementor-widget-text-editor\" data-id=\"b6f683a\" data-element_type=\"widget\" data-widget_type=\"text-editor.default\">\n\t\t\t\t<div class=\"elementor-widget-container\">\n\t\t\t\t\t\t\t<h3 class=\"et_pb_module_header\">\u041a\u0443\u0445\u043d\u0438 \u0432 \u0441\u043e\u0432\u0440\u0435\u043c\u0435\u043d\u043d\u043e\u043c \u0441\u0442\u0438\u043b\u0435<\/h3><div><p>\u0412 \u0441\u043e\u0432\u0440\u0435\u043c\u0435\u043d\u043d\u043e\u043c \u0441\u0442\u0438\u043b\u0435\u00a0<a href=\"https:\/\/studiokook.ee\/ru\/koogid-eritellimusel\/\">\u043a\u0443\u0445\u043d\u0438<\/a>\u00a0\u2013 \u044d\u0442\u043e \u043f\u0440\u0430\u043a\u0442\u0438\u0447\u043d\u043e\u0441\u0442\u044c, \u043b\u0430\u043a\u043e\u043d\u0438\u0447\u043d\u043e\u0441\u0442\u044c \u0438 \u0441\u0435\u0433\u043e\u0434\u043d\u044f\u0448\u043d\u044f\u044f \u0434\u0438\u043d\u0430\u043c\u0438\u043a\u0430. \u0414\u043b\u044f \u043d\u0435\u0433\u043e \u0445\u0430\u0440\u0430\u043a\u0442\u0435\u0440\u043d\u0430 \u0433\u0430\u0440\u043c\u043e\u043d\u0438\u044f \u043b\u0438\u043d\u0438\u0439, \u044d\u043b\u0435\u0433\u0430\u043d\u0442\u043d\u0430\u044f \u043f\u0440\u043e\u0441\u0442\u043e\u0442\u0430 \u0444\u043e\u0440\u043c \u0438, \u043a\u043e\u043d\u0435\u0447\u043d\u043e \u0436\u0435, \u043c\u0438\u043d\u0438\u043c\u0430\u043b\u0438\u0437\u043c. \u041c\u0435\u0431\u0435\u043b\u044c \u0432 \u0441\u043e\u0432\u0440\u0435\u043c\u0435\u043d\u043d\u043e\u043c \u0441\u0442\u0438\u043b\u0435 \u044f\u0432\u043b\u044f\u0435\u0442\u0441\u044f \u0443\u043a\u0440\u0430\u0448\u0435\u043d\u0438\u0435\u043c \u043a\u0443\u0445\u043d\u0438, \u043e\u0431\u0435\u0441\u043f\u0435\u0447\u0438\u0432\u0430\u0435\u0442 \u043a\u043e\u043c\u0444\u043e\u0440\u0442 \u0438 \u0432\u0434\u043e\u0445\u043d\u043e\u0432\u043b\u044f\u0435\u0442 \u043d\u0430 \u0442\u0432\u043e\u0440\u0447\u0435\u0441\u0442\u0432\u043e. \u041e\u0442\u043a\u0440\u044b\u0442\u044b\u0435 \u043f\u0440\u043e\u0441\u0442\u0440\u0430\u043d\u0441\u0442\u0432\u0430, \u043b\u0435\u0433\u043a\u043e\u0441\u0442\u044c \u043a\u043e\u043d\u0441\u0442\u0440\u0443\u043a\u0446\u0438\u0439 \u0438 \u043a\u043e\u043d\u0442\u0440\u0430\u0441\u0442\u044b \u2013 \u044d\u0442\u043e \u043d\u0430\u043f\u0440\u0430\u0432\u043b\u0435\u043d\u0438\u0435 \u043d\u0435 \u0442\u043e\u043b\u044c\u043a\u043e \u043f\u043e\u0437\u0432\u043e\u043b\u044f\u0435\u0442, \u043d\u043e \u0438 \u0442\u0440\u0435\u0431\u0443\u0435\u0442 \u044d\u043a\u0441\u043f\u0435\u0440\u0438\u043c\u0435\u043d\u0442\u043e\u0432 \u0441 \u0438\u043d\u0442\u0435\u0440\u044c\u0435\u0440\u043e\u043c!!<\/p><\/div>\t\t\t\t\t\t<\/div>\n\t\t\t\t<\/div>\n\t\t\t\t<div class=\"elementor-element elementor-element-98a52cb elementor-widget__width-initial elementor-widget-mobile__width-inherit elementor-widget elementor-widget-image\" data-id=\"98a52cb\" data-element_type=\"widget\" data-widget_type=\"image.default\">\n\t\t\t\t<div class=\"elementor-widget-container\">\n\t\t\t\t\t\t\t\t\t\t\t\t\t<img fetchpriority=\"high\" decoding=\"async\" width=\"563\" height=\"492\" src=\"https:\/\/studiokook.ee\/wp-content\/uploads\/2024\/02\/modern.webp\" class=\"attachment-full size-full wp-image-2596\" alt=\"Kaasaegne eritellimusk\u00f6\u00f6k halli ja valge k\u00f6\u00f6gim\u00f6\u00f6bliga, puitpinnaga k\u00f6\u00f6giisarek ja rippuvad laelambid\" srcset=\"https:\/\/studiokook.ee\/wp-content\/uploads\/2024\/02\/modern.webp 563w, https:\/\/studiokook.ee\/wp-content\/uploads\/2024\/02\/modern-300x262.webp 300w\" sizes=\"(max-width: 563px) 100vw, 563px\" \/>\t\t\t\t\t\t\t\t\t\t\t\t\t<\/div>\n\t\t\t\t<\/div>\n\t\t\t\t<div class=\"elementor-element elementor-element-eab7685 elementor-widget elementor-widget-menu-anchor\" data-id=\"eab7685\" data-element_type=\"widget\" data-widget_type=\"menu-anchor.default\">\n\t\t\t\t<div class=\"elementor-widget-container\">\n\t\t\t\t\t<div class=\"elementor-menu-anchor\" id=\"order\"><\/div>\n\t\t\t\t<\/div>\n\t\t\t\t<\/div>\n\t\t\t\t<\/div>\n\t\t<div class=\"elementor-element elementor-element-1ab529e e-con-full e-flex elementor-section-parallax-no e-con e-parent\" data-id=\"1ab529e\" data-element_type=\"container\">\n\t\t\t\t<div class=\"elementor-element elementor-element-598b1a7 elementor-widget__width-initial elementor-widget-mobile__width-inherit elementor-widget elementor-widget-image\" data-id=\"598b1a7\" data-element_type=\"widget\" data-widget_type=\"image.default\">\n\t\t\t\t<div class=\"elementor-widget-container\">\n\t\t\t\t\t\t\t\t\t\t\t\t\t<img decoding=\"async\" width=\"564\" height=\"564\" src=\"https:\/\/studiokook.ee\/wp-content\/uploads\/2024\/03\/klassika.webp\" class=\"attachment-full size-full wp-image-3016\" alt=\"Kaasaegne eritellimusk\u00f6\u00f6k helehalli k\u00f6\u00f6gim\u00f6\u00f6bliga ja LED-valgustusega\" srcset=\"https:\/\/studiokook.ee\/wp-content\/uploads\/2024\/03\/klassika.webp 564w, https:\/\/studiokook.ee\/wp-content\/uploads\/2024\/03\/klassika-300x300.webp 300w, https:\/\/studiokook.ee\/wp-content\/uploads\/2024\/03\/klassika-150x150.webp 150w\" sizes=\"(max-width: 564px) 100vw, 564px\" \/>\t\t\t\t\t\t\t\t\t\t\t\t\t<\/div>\n\t\t\t\t<\/div>\n\t\t\t\t<div class=\"elementor-element elementor-element-7b6762d elementor-widget__width-initial elementor-widget-mobile__width-inherit elementor-widget elementor-widget-text-editor\" data-id=\"7b6762d\" data-element_type=\"widget\" data-widget_type=\"text-editor.default\">\n\t\t\t\t<div class=\"elementor-widget-container\">\n\t\t\t\t\t\t\t<h3 class=\"et_pb_module_header\">\u041a\u0443\u0445\u043d\u0438 \u0432 \u043a\u043b\u0430\u0441\u0441\u0438\u0447\u0435\u0441\u043a\u043e\u043c \u0441\u0442\u0438\u043b\u0435<\/h3><div><p>\u041a\u043b\u0430\u0441\u0441\u0438\u0447\u0435\u0441\u043a\u0438\u0439 \u0441\u0442\u0438\u043b\u044c \u0432\u044b\u0431\u0438\u0440\u0430\u044e\u0442 \u043b\u044e\u0434\u0438 \u0441 \u0443\u0442\u043e\u043d\u0447\u0435\u043d\u043d\u044b\u043c \u0432\u043a\u0443\u0441\u043e\u043c \u0438 \u0442\u0440\u0435\u0431\u043e\u0432\u0430\u0442\u0435\u043b\u044c\u043d\u044b\u043c\u0438 \u043a \u043a\u0430\u0447\u0435\u0441\u0442\u0432\u0443 \u043c\u0435\u0431\u0435\u043b\u0438. \u041a\u043b\u0430\u0441\u0441\u0438\u0447\u0435\u0441\u043a\u0430\u044f \u043a\u0443\u0445\u043d\u044f \u043f\u0440\u0438\u0434\u0430\u0435\u0442 \u0434\u043e\u043c\u0443 \u0443\u044e\u0442 \u0438 \u0442\u0435\u043f\u043b\u043e. \u0425\u0430\u0440\u0430\u043a\u0442\u0435\u0440\u043d\u044b\u0435 \u0447\u0435\u0440\u0442\u044b \u043a\u043b\u0430\u0441\u0441\u0438\u043a\u0438 \u2013 \u0442\u043e\u043d\u043a\u0438\u0435 \u0434\u0435\u043a\u043e\u0440\u0430\u0442\u0438\u0432\u043d\u044b\u0435 \u044d\u043b\u0435\u043c\u0435\u043d\u0442\u044b, \u0433\u0430\u0440\u043c\u043e\u043d\u0438\u0447\u043d\u0430\u044f \u0441\u0438\u043c\u043c\u0435\u0442\u0440\u0438\u044f \u0438 \u0438\u0437\u044f\u0449\u043d\u044b\u0435 \u0444\u043e\u0440\u043c\u044b. \u041a\u043b\u0430\u0441\u0441\u0438\u0447\u0435\u0441\u043a\u0430\u044f \u043a\u0443\u0445\u043d\u044f \u0432\u044b\u0433\u043b\u044f\u0434\u0438\u0442 \u0432 \u0438\u043d\u0442\u0435\u0440\u044c\u0435\u0440\u0435 \u0440\u043e\u0441\u043a\u043e\u0448\u043d\u043e \u0438 \u0432\u0435\u043b\u0438\u0447\u0435\u0441\u0442\u0432\u0435\u043d\u043d\u043e.<\/p><\/div>\t\t\t\t\t\t<\/div>\n\t\t\t\t<\/div>\n\t\t\t\t<\/div>\n\t\t<div class=\"elementor-element elementor-element-de967a8 e-flex e-con-boxed elementor-section-parallax-no e-con e-parent\" data-id=\"de967a8\" data-element_type=\"container\">\n\t\t\t\t\t<div class=\"e-con-inner\">\n\t\t\t\t<div class=\"elementor-element elementor-element-667021e elementor-widget elementor-widget-heading\" data-id=\"667021e\" data-element_type=\"widget\" data-widget_type=\"heading.default\">\n\t\t\t\t<div class=\"elementor-widget-container\">\n\t\t\t<h2 class=\"elementor-heading-title elementor-size-default\">\u041f\u043e\u0447\u0443\u0432\u0441\u0442\u0432\u0443\u0439\u0442\u0435 \u0441\u0435\u0431\u044f \u043f\u043e-\u043d\u0430\u0441\u0442\u043e\u044f\u0449\u0435\u043c\u0443 \u0414\u043e\u043c\u0430!<\/h2>\t\t<\/div>\n\t\t\t\t<\/div>\n\t\t\t\t<div class=\"elementor-element elementor-element-3d0cdf0 elementor-align-center elementor-widget elementor-widget-button\" data-id=\"3d0cdf0\" data-element_type=\"widget\" data-widget_type=\"button.default\">\n\t\t\t\t<div class=\"elementor-widget-container\">\n\t\t\t\t\t\t\t<div class=\"elementor-button-wrapper\">\n\t\t\t\t\t<a class=\"elementor-button elementor-button-link elementor-size-sm\" href=\"https:\/\/studiokook.ee\/ru\/hinnaparing\/\">\n\t\t\t\t\t\t<span class=\"elementor-button-content-wrapper\">\n\t\t\t\t\t\t\t\t\t<span class=\"elementor-button-text\">\u041d\u0430\u043f\u0438\u0448\u0438\u0442\u0435 \u043d\u0430\u043c \u043f\u0440\u044f\u043c\u043e \u0441\u0435\u0439\u0447\u0430\u0441!<\/span>\n\t\t\t\t\t<\/span>\n\t\t\t\t\t<\/a>\n\t\t\t\t<\/div>\n\t\t\t\t\t\t<\/div>\n\t\t\t\t<\/div>\n\t\t\t\t\t<\/div>\n\t\t\t\t<\/div>\n\t\t\t\t<\/div>","protected":false},"excerpt":{"rendered":"<p>K\u00f6\u00f6gim\u00f6\u00f6bli valmistamine T\u00e4nap\u00e4evases stiilis k\u00f6\u00f6gid T\u00e4nap\u00e4evases stiilis\u00a0k\u00f6\u00f6gid\u00a0\u2013 see on praktilisus, lakoonilisus ja t\u00e4nase p\u00e4eva d\u00fcnaamika. Sellele on omane joonte harmoonia, [&hellip;]<\/p>","protected":false},"author":1,"featured_media":0,"parent":0,"menu_order":0,"comment_status":"closed","ping_status":"closed","template":"","meta":{"_yoast_wpseo_focuskw":"","_yoast_wpseo_title":"K\u00f6\u00f6gim\u00f6\u00f6bli valmistamine Tallinnas | Studiok\u00f6\u00f6k","_yoast_wpseo_metadesc":"K\u00f6\u00f6gim\u00f6\u00f6bli valmistamine eritellimusel Tallinnas. Austria materjalid, kvaliteedikontroll igal etapil. Valmimisaeg 4-6 n\u00e4dalat. 5a garantii.","site-sidebar-layout":"no-sidebar","site-content-layout":"","ast-site-content-layout":"full-width-container","site-content-style":"default","site-sidebar-style":"default","ast-global-header-display":"","ast-banner-title-visibility":"","ast-main-header-display":"","ast-hfb-above-header-display":"","ast-hfb-below-header-display":"","ast-hfb-mobile-header-display":"","site-post-title":"disabled","ast-breadcrumbs-content":"","ast-featured-img":"disabled","footer-sml-layout":"","theme-transparent-header-meta":"","adv-header-id-meta":"","stick-header-meta":"","header-above-stick-meta":"","header-main-stick-meta":"","header-below-stick-meta":"","astra-migrate-meta-layouts":"default","ast-page-background-enabled":"default","ast-page-background-meta":{"desktop":{"background-color":"var(--ast-global-color-4)","background-image":"","background-repeat":"repeat","background-position":"center center","background-size":"auto","background-attachment":"scroll","background-type":"","background-media":"","overlay-type":"","overlay-color":"","overlay-opacity":"","overlay-gradient":""},"tablet":{"background-color":"","background-image":"","background-repeat":"repeat","background-position":"center center","background-size":"auto","background-attachment":"scroll","background-type":"","background-media":"","overlay-type":"","overlay-color":"","overlay-opacity":"","overlay-gradient":""},"mobile":{"background-color":"","background-image":"","background-repeat":"repeat","background-position":"center center","background-size":"auto","background-attachment":"scroll","background-type":"","background-media":"","overlay-type":"","overlay-color":"","overlay-opacity":"","overlay-gradient":""}},"ast-content-background-meta":{"desktop":{"background-color":"var(--ast-global-color-5)","background-image":"","background-repeat":"repeat","background-position":"center center","background-size":"auto","background-attachment":"scroll","background-type":"","background-media":"","overlay-type":"","overlay-color":"","overlay-opacity":"","overlay-gradient":""},"tablet":{"background-color":"var(--ast-global-color-5)","background-image":"","background-repeat":"repeat","background-position":"center center","background-size":"auto","background-attachment":"scroll","background-type":"","background-media":"","overlay-type":"","overlay-color":"","overlay-opacity":"","overlay-gradient":""},"mobile":{"background-color":"var(--ast-global-color-5)","background-image":"","background-repeat":"repeat","background-position":"center center","background-size":"auto","background-attachment":"scroll","background-type":"","background-media":"","overlay-type":"","overlay-color":"","overlay-opacity":"","overlay-gradient":""}},"ngg_post_thumbnail":0,"footnotes":""},"class_list":["post-3010","page","type-page","status-publish","hentry"],"yoast_head":"<!-- This site is optimized with the Yoast SEO plugin v26.3 - https:\/\/yoast.com\/wordpress\/plugins\/seo\/ -->\n<title>K\u00f6\u00f6gim\u00f6\u00f6bli valmistamine Tallinnas | Studiok\u00f6\u00f6k<\/title>\n<meta name=\"description\" content=\"K\u00f6\u00f6gim\u00f6\u00f6bli valmistamine eritellimusel Tallinnas. Austria materjalid, kvaliteedikontroll igal etapil. Valmimisaeg 4-6 n\u00e4dalat. 5a garantii.\" \/>\n<meta name=\"robots\" content=\"index, follow, max-snippet:-1, max-image-preview:large, max-video-preview:-1\" \/>\n<link rel=\"canonical\" href=\"https:\/\/studiokook.ee\/ru\/valmistamine\/\" \/>\n<meta property=\"og:locale\" content=\"ru_RU\" \/>\n<meta property=\"og:type\" content=\"article\" \/>\n<meta property=\"og:title\" content=\"K\u00f6\u00f6gim\u00f6\u00f6bli valmistamine Tallinnas | Studiok\u00f6\u00f6k\" \/>\n<meta property=\"og:description\" content=\"K\u00f6\u00f6gim\u00f6\u00f6bli valmistamine eritellimusel Tallinnas. Austria materjalid, kvaliteedikontroll igal etapil. Valmimisaeg 4-6 n\u00e4dalat. 5a garantii.\" \/>\n<meta property=\"og:url\" content=\"https:\/\/studiokook.ee\/ru\/valmistamine\/\" \/>\n<meta property=\"og:site_name\" content=\"Studiok\u00f6\u00f6k\" \/>\n<meta property=\"article:modified_time\" content=\"2026-03-22T11:04:07+00:00\" \/>\n<meta property=\"og:image\" content=\"https:\/\/studiokook.ee\/wp-content\/uploads\/2024\/02\/modern.webp\" \/>\n\t<meta property=\"og:image:width\" content=\"563\" \/>\n\t<meta property=\"og:image:height\" content=\"492\" \/>\n\t<meta property=\"og:image:type\" content=\"image\/webp\" \/>\n<meta name=\"twitter:card\" content=\"summary_large_image\" \/>\n<meta name=\"twitter:label1\" content=\"\u041f\u0440\u0438\u043c\u0435\u0440\u043d\u043e\u0435 \u0432\u0440\u0435\u043c\u044f \u0434\u043b\u044f \u0447\u0442\u0435\u043d\u0438\u044f\" \/>\n\t<meta name=\"twitter:data1\" content=\"1 \u043c\u0438\u043d\u0443\u0442\u0430\" \/>\n<script type=\"application\/ld+json\" class=\"yoast-schema-graph\">{\"@context\":\"https:\/\/schema.org\",\"@graph\":[{\"@type\":\"WebPage\",\"@id\":\"https:\/\/studiokook.ee\/valmistamine\/\",\"url\":\"https:\/\/studiokook.ee\/valmistamine\/\",\"name\":\"K\u00f6\u00f6gim\u00f6\u00f6bli valmistamine Tallinnas | Studiok\u00f6\u00f6k\",\"isPartOf\":{\"@id\":\"https:\/\/studiokook.ee\/#website\"},\"primaryImageOfPage\":{\"@id\":\"https:\/\/studiokook.ee\/valmistamine\/#primaryimage\"},\"image\":{\"@id\":\"https:\/\/studiokook.ee\/valmistamine\/#primaryimage\"},\"thumbnailUrl\":\"https:\/\/studiokook.ee\/wp-content\/uploads\/2024\/02\/modern.webp\",\"datePublished\":\"2024-03-01T12:10:14+00:00\",\"dateModified\":\"2026-03-22T11:04:07+00:00\",\"description\":\"\u041a\u0443\u0445\u043e\u043d\u043d\u0430\u044f \u043c\u0435\u0431\u0435\u043b\u044c \u043d\u0430 \u0437\u0430\u043a\u0430\u0437 \u0432 \u0422\u0430\u043b\u043b\u0438\u043d\u043d\u0435. \u0418\u043d\u0434\u0438\u0432\u0438\u0434\u0443\u0430\u043b\u044c\u043d\u044b\u0435 \u043a\u0443\u0445\u043d\u0438 \u043f\u043e \u0432\u0430\u0448\u0438\u043c \u0440\u0430\u0437\u043c\u0435\u0440\u0430\u043c \u0438 \u0434\u0438\u0437\u0430\u0439\u043d\u0443. \u0410\u0432\u0441\u0442\u0440\u0438\u0439\u0441\u043a\u0430\u044f \u0444\u0443\u0440\u043d\u0438\u0442\u0443\u0440\u0430, \u0433\u0430\u0440\u0430\u043d\u0442\u0438\u044f 5 \u043b\u0435\u0442.\",\"breadcrumb\":{\"@id\":\"https:\/\/studiokook.ee\/valmistamine\/#breadcrumb\"},\"inLanguage\":\"ru-RU\",\"potentialAction\":[{\"@type\":\"ReadAction\",\"target\":[\"https:\/\/studiokook.ee\/valmistamine\/\"]}]},{\"@type\":\"ImageObject\",\"inLanguage\":\"ru-RU\",\"@id\":\"https:\/\/studiokook.ee\/valmistamine\/#primaryimage\",\"url\":\"https:\/\/studiokook.ee\/wp-content\/uploads\/2024\/02\/modern.webp\",\"contentUrl\":\"https:\/\/studiokook.ee\/wp-content\/uploads\/2024\/02\/modern.webp\"},{\"@type\":\"WebSite\",\"@id\":\"https:\/\/studiokook.ee\/#website\",\"url\":\"https:\/\/studiokook.ee\/\",\"name\":\"Studiok\u00f6\u00f6k\",\"description\":\"\",\"potentialAction\":[{\"@type\":\"SearchAction\",\"target\":{\"@type\":\"EntryPoint\",\"urlTemplate\":\"https:\/\/studiokook.ee\/?s={search_term_string}\"},\"query-input\":{\"@type\":\"PropertyValueSpecification\",\"valueRequired\":true,\"valueName\":\"search_term_string\"}}],\"inLanguage\":\"ru-RU\"}]}<\/script>\n<!-- \/ Yoast SEO plugin. -->","yoast_head_json":{"title":"K\u00f6\u00f6gim\u00f6\u00f6bli valmistamine Tallinnas | Studiok\u00f6\u00f6k","description":"K\u00f6\u00f6gim\u00f6\u00f6bli valmistamine eritellimusel Tallinnas. Austria materjalid, kvaliteedikontroll igal etapil. Valmimisaeg 4-6 n\u00e4dalat. 5a garantii.","robots":{"index":"index","follow":"follow","max-snippet":"max-snippet:-1","max-image-preview":"max-image-preview:large","max-video-preview":"max-video-preview:-1"},"canonical":"https:\/\/studiokook.ee\/ru\/valmistamine\/","og_locale":"ru_RU","og_type":"article","og_title":"K\u00f6\u00f6gim\u00f6\u00f6bli valmistamine Tallinnas | Studiok\u00f6\u00f6k","og_description":"K\u00f6\u00f6gim\u00f6\u00f6bli valmistamine eritellimusel Tallinnas. Austria materjalid, kvaliteedikontroll igal etapil. Valmimisaeg 4-6 n\u00e4dalat. 5a garantii.","og_url":"https:\/\/studiokook.ee\/ru\/valmistamine\/","og_site_name":"Studiok\u00f6\u00f6k","article_modified_time":"2026-03-22T11:04:07+00:00","og_image":[{"width":563,"height":492,"url":"https:\/\/studiokook.ee\/wp-content\/uploads\/2024\/02\/modern.webp","type":"image\/webp"}],"twitter_card":"summary_large_image","twitter_misc":{"\u041f\u0440\u0438\u043c\u0435\u0440\u043d\u043e\u0435 \u0432\u0440\u0435\u043c\u044f \u0434\u043b\u044f \u0447\u0442\u0435\u043d\u0438\u044f":"1 \u043c\u0438\u043d\u0443\u0442\u0430"},"schema":{"@context":"https:\/\/schema.org","@graph":[{"@type":"WebPage","@id":"https:\/\/studiokook.ee\/valmistamine\/","url":"https:\/\/studiokook.ee\/valmistamine\/","name":"K\u00f6\u00f6gim\u00f6\u00f6bli valmistamine Tallinnas | Studiok\u00f6\u00f6k","isPartOf":{"@id":"https:\/\/studiokook.ee\/#website"},"primaryImageOfPage":{"@id":"https:\/\/studiokook.ee\/valmistamine\/#primaryimage"},"image":{"@id":"https:\/\/studiokook.ee\/valmistamine\/#primaryimage"},"thumbnailUrl":"https:\/\/studiokook.ee\/wp-content\/uploads\/2024\/02\/modern.webp","datePublished":"2024-03-01T12:10:14+00:00","dateModified":"2026-03-22T11:04:07+00:00","description":"\u041a\u0443\u0445\u043e\u043d\u043d\u0430\u044f \u043c\u0435\u0431\u0435\u043b\u044c \u043d\u0430 \u0437\u0430\u043a\u0430\u0437 \u0432 \u0422\u0430\u043b\u043b\u0438\u043d\u043d\u0435. \u0418\u043d\u0434\u0438\u0432\u0438\u0434\u0443\u0430\u043b\u044c\u043d\u044b\u0435 \u043a\u0443\u0445\u043d\u0438 \u043f\u043e \u0432\u0430\u0448\u0438\u043c \u0440\u0430\u0437\u043c\u0435\u0440\u0430\u043c \u0438 \u0434\u0438\u0437\u0430\u0439\u043d\u0443. \u0410\u0432\u0441\u0442\u0440\u0438\u0439\u0441\u043a\u0430\u044f \u0444\u0443\u0440\u043d\u0438\u0442\u0443\u0440\u0430, \u0433\u0430\u0440\u0430\u043d\u0442\u0438\u044f 5 \u043b\u0435\u0442.","breadcrumb":{"@id":"https:\/\/studiokook.ee\/valmistamine\/#breadcrumb"},"inLanguage":"ru-RU","potentialAction":[{"@type":"ReadAction","target":["https:\/\/studiokook.ee\/valmistamine\/"]}]},{"@type":"ImageObject","inLanguage":"ru-RU","@id":"https:\/\/studiokook.ee\/valmistamine\/#primaryimage","url":"https:\/\/studiokook.ee\/wp-content\/uploads\/2024\/02\/modern.webp","contentUrl":"https:\/\/studiokook.ee\/wp-content\/uploads\/2024\/02\/modern.webp"},{"@type":"WebSite","@id":"https:\/\/studiokook.ee\/#website","url":"https:\/\/studiokook.ee\/","name":"Studiok\u00f6\u00f6k","description":"","potentialAction":[{"@type":"SearchAction","target":{"@type":"EntryPoint","urlTemplate":"https:\/\/studiokook.ee\/?s={search_term_string}"},"query-input":{"@type":"PropertyValueSpecification","valueRequired":true,"valueName":"search_term_string"}}],"inLanguage":"ru-RU"}]}},"_links":{"self":[{"href":"https:\/\/studiokook.ee\/ru\/wp-json\/wp\/v2\/pages\/3010","targetHints":{"allow":["GET"]}}],"collection":[{"href":"https:\/\/studiokook.ee\/ru\/wp-json\/wp\/v2\/pages"}],"about":[{"href":"https:\/\/studiokook.ee\/ru\/wp-json\/wp\/v2\/types\/page"}],"author":[{"embeddable":true,"href":"https:\/\/studiokook.ee\/ru\/wp-json\/wp\/v2\/users\/1"}],"replies":[{"embeddable":true,"href":"https:\/\/studiokook.ee\/ru\/wp-json\/wp\/v2\/comments?post=3010"}],"version-history":[{"count":16,"href":"https:\/\/studiokook.ee\/ru\/wp-json\/wp\/v2\/pages\/3010\/revisions"}],"predecessor-version":[{"id":3031,"href":"https:\/\/studiokook.ee\/ru\/wp-json\/wp\/v2\/pages\/3010\/revisions\/3031"}],"wp:attachment":[{"href":"https:\/\/studiokook.ee\/ru\/wp-json\/wp\/v2\/media?parent=3010"}],"curies":[{"name":"wp","href":"https:\/\/api.w.org\/{rel}","templated":true}]}}