{"id":5800,"date":"2026-02-01T13:34:21","date_gmt":"2026-02-01T10:34:21","guid":{"rendered":"https:\/\/studiokook.ee\/?page_id=5800"},"modified":"2026-03-22T14:04:10","modified_gmt":"2026-03-22T11:04:10","slug":"fassaadid","status":"publish","type":"page","link":"https:\/\/studiokook.ee\/ru\/fassaadid\/","title":{"rendered":"\u0424\u0430\u0441\u0430\u0434\u044b"},"content":{"rendered":"<h2>\u041a\u0443\u0445\u043e\u043d\u043d\u044b\u0435 \u0444\u0430\u0441\u0430\u0434\u044b \u2014 \u043b\u0438\u0446\u043e \u0432\u0430\u0448\u0435\u0439 \u043a\u0443\u0445\u043d\u0438<\/h2>\n<p>\u041a\u0443\u0445\u043e\u043d\u043d\u044b\u0435 \u0444\u0430\u0441\u0430\u0434\u044b \u0441\u043e\u0441\u0442\u0430\u0432\u043b\u044f\u044e\u0442 60\u201380% \u0432\u0438\u0437\u0443\u0430\u043b\u044c\u043d\u043e\u0439 \u0447\u0430\u0441\u0442\u0438 \u043a\u0443\u0445\u043e\u043d\u043d\u043e\u0439 \u043c\u0435\u0431\u0435\u043b\u0438. \u0418\u043c\u0435\u043d\u043d\u043e \u0446\u0432\u0435\u0442, \u0442\u0435\u043a\u0441\u0442\u0443\u0440\u0430 \u0438 \u043c\u0430\u0442\u0435\u0440\u0438\u0430\u043b \u0444\u0430\u0441\u0430\u0434\u043e\u0432 \u0441\u043e\u0437\u0434\u0430\u044e\u0442 \u0445\u0430\u0440\u0430\u043a\u0442\u0435\u0440 \u043a\u0443\u0445\u043d\u0438 \u2014 \u0441\u043e\u0432\u0440\u0435\u043c\u0435\u043d\u043d\u044b\u0439, \u043a\u043b\u0430\u0441\u0441\u0438\u0447\u0435\u0441\u043a\u0438\u0439 \u0438\u043b\u0438 \u043c\u0438\u043d\u0438\u043c\u0430\u043b\u0438\u0441\u0442\u0438\u0447\u043d\u044b\u0439. Studiok\u00f6\u00f6k \u043f\u0440\u0435\u0434\u043b\u0430\u0433\u0430\u0435\u0442 \u0434\u0432\u0430 \u043f\u0440\u0435\u043c\u0438\u0430\u043b\u044c\u043d\u044b\u0445 \u043c\u0430\u0442\u0435\u0440\u0438\u0430\u043b\u0430: Egger (\u0432\u0435\u0434\u0443\u0449\u0438\u0439 \u0435\u0432\u0440\u043e\u043f\u0435\u0439\u0441\u043a\u0438\u0439 \u043f\u0440\u043e\u0438\u0437\u0432\u043e\u0434\u0438\u0442\u0435\u043b\u044c \u043b\u0430\u043c\u0438\u043d\u0430\u0442\u0430) \u0438 Fenix NTM (\u0438\u0442\u0430\u043b\u044c\u044f\u043d\u0441\u043a\u0430\u044f \u043d\u0430\u043d\u043e\u0442\u0435\u0445\u043d\u043e\u043b\u043e\u0433\u0438\u0447\u0435\u0441\u043a\u0430\u044f \u043f\u043e\u0432\u0435\u0440\u0445\u043d\u043e\u0441\u0442\u044c). \u041e\u0431\u0430 \u0441\u043e\u043e\u0442\u0432\u0435\u0442\u0441\u0442\u0432\u0443\u044e\u0442 \u0441\u0442\u0440\u043e\u0433\u0438\u043c \u0435\u0432\u0440\u043e\u043f\u0435\u0439\u0441\u043a\u0438\u043c \u0441\u0442\u0430\u043d\u0434\u0430\u0440\u0442\u0430\u043c.<\/p>\n<h3>Egger vs Fenix NTM \u2014 \u0441\u0440\u0430\u0432\u043d\u0435\u043d\u0438\u0435<\/h3>\n<table>\n<thead>\n<tr>\n<th>\u0421\u0432\u043e\u0439\u0441\u0442\u0432\u043e<\/th>\n<th>Egger PerfectSense<\/th>\n<th>Fenix NTM<\/th>\n<\/tr>\n<\/thead>\n<tbody>\n<tr>\n<td><strong>\u041f\u0440\u043e\u0438\u0437\u0432\u043e\u0434\u0438\u0442\u0435\u043b\u044c<\/strong><\/td>\n<td>\u0410\u0432\u0441\u0442\u0440\u0438\u044f \/ \u0415\u0432\u0440\u043e\u043f\u0430<\/td>\n<td>Arpa, \u0418\u0442\u0430\u043b\u0438\u044f<\/td>\n<\/tr>\n<tr>\n<td><strong>\u041f\u043e\u043a\u0440\u044b\u0442\u0438\u0435<\/strong><\/td>\n<td>\u041c\u0430\u0442\u043e\u0432\u044b\u0439 \u043b\u0430\u043c\u0438\u043d\u0430\u0442<\/td>\n<td>\u041d\u0430\u043d\u043e\u0442\u0435\u0445\u043d\u043e\u043b\u043e\u0433\u0438\u0447\u0435\u0441\u043a\u0438\u0439 \u043c\u0430\u0442\u043e\u0432\u044b\u0439<\/td>\n<\/tr>\n<tr>\n<td><strong>\u0411\u0435\u0437 \u043e\u0442\u043f\u0435\u0447\u0430\u0442\u043a\u043e\u0432<\/strong><\/td>\n<td>\u0427\u0430\u0441\u0442\u0438\u0447\u043d\u043e<\/td>\n<td>\u0414\u0430 (anti-fingerprint)<\/td>\n<\/tr>\n<tr>\n<td><strong>\u0421\u0430\u043c\u043e\u0432\u043e\u0441\u0441\u0442\u0430\u043d\u0430\u0432\u043b\u0438\u0432\u0430\u044e\u0449\u0430\u044f\u0441\u044f \u043f\u043e\u0432\u0435\u0440\u0445\u043d\u043e\u0441\u0442\u044c<\/strong><\/td>\n<td>\u041d\u0435\u0442<\/td>\n<td>\u0414\u0430 \u2014 \u0432\u043e\u0441\u0441\u0442\u0430\u043d\u0430\u0432\u043b\u0438\u0432\u0430\u0435\u0442\u0441\u044f \u043f\u0440\u0438 \u043d\u0430\u0433\u0440\u0435\u0432\u0435<\/td>\n<\/tr>\n<tr>\n<td><strong>\u0410\u043d\u0442\u0438\u0431\u0430\u043a\u0442\u0435\u0440\u0438\u0430\u043b\u044c\u043d\u043e\u0441\u0442\u044c<\/strong><\/td>\n<td>\u041d\u0435\u0442<\/td>\n<td>\u0414\u0430<\/td>\n<\/tr>\n<tr>\n<td><strong>\u0412\u044b\u0431\u043e\u0440 \u0446\u0432\u0435\u0442\u043e\u0432<\/strong><\/td>\n<td>100+ \u0446\u0432\u0435\u0442\u043e\u0432 \u0438 \u0442\u0435\u043a\u0441\u0442\u0443\u0440<\/td>\n<td>~20 \u0446\u0432\u0435\u0442\u043e\u0432<\/td>\n<\/tr>\n<tr>\n<td><strong>\u0418\u043c\u0438\u0442\u0430\u0446\u0438\u044f \u0434\u0435\u0440\u0435\u0432\u0430<\/strong><\/td>\n<td>\u0414\u0430 \u2014 \u0434\u0443\u0431, \u043e\u0440\u0435\u0445 \u0438 \u0434\u0440.<\/td>\n<td>\u041d\u0435\u0442 \u2014 \u043e\u0434\u043d\u043e\u0442\u043e\u043d\u043d\u044b\u0435<\/td>\n<\/tr>\n<tr>\n<td><strong>\u0418\u0437\u043d\u043e\u0441\u043e\u0441\u0442\u043e\u0439\u043a\u043e\u0441\u0442\u044c<\/strong><\/td>\n<td>\u041e\u0442\u043b\u0438\u0447\u043d\u0430\u044f<\/td>\n<td>\u041e\u0442\u043b\u0438\u0447\u043d\u0430\u044f<\/td>\n<\/tr>\n<tr>\n<td><strong>\u0423\u0445\u043e\u0434<\/strong><\/td>\n<td>\u041f\u0440\u043e\u0441\u0442\u043e\u0439 \u2014 \u0432\u043b\u0430\u0436\u043d\u0430\u044f \u0442\u0440\u044f\u043f\u043a\u0430<\/td>\n<td>\u041f\u0440\u043e\u0441\u0442\u043e\u0439 \u2014 \u0432\u043b\u0430\u0436\u043d\u0430\u044f \u0442\u0440\u044f\u043f\u043a\u0430<\/td>\n<\/tr>\n<tr>\n<td><strong>\u0426\u0435\u043d\u043e\u0432\u043e\u0439 \u043a\u043b\u0430\u0441\u0441<\/strong><\/td>\n<td>\u20ac\u2013\u20ac\u20ac<\/td>\n<td>\u20ac\u20ac\u2013\u20ac\u20ac\u20ac<\/td>\n<\/tr>\n<tr>\n<td><strong>\u041b\u0443\u0447\u0448\u0438\u0439 \u0432\u044b\u0431\u043e\u0440<\/strong><\/td>\n<td>\u0421\u0435\u043c\u0435\u0439\u043d\u044b\u0435 \u043a\u0443\u0445\u043d\u0438, \u0431\u043e\u043b\u044c\u0448\u043e\u0439 \u0432\u044b\u0431\u043e\u0440<\/td>\n<td>\u0414\u0438\u0437\u0430\u0439\u043d\u0435\u0440\u0441\u043a\u0438\u0435 \u043a\u0443\u0445\u043d\u0438, \u043f\u0440\u0435\u043c\u0438\u0443\u043c<\/td>\n<\/tr>\n<\/tbody>\n<\/table>\n<h3>\u0424\u0430\u0441\u0430\u0434\u044b Egger \u2014 \u043f\u0440\u0430\u043a\u0442\u0438\u0447\u043d\u044b\u0439 \u0438 \u0431\u044e\u0434\u0436\u0435\u0442\u043d\u044b\u0439 \u0432\u044b\u0431\u043e\u0440<\/h3>\n<p>\u0414\u0430 \u2014 \u0434\u0443\u0431, \u043e\u0440\u0435\u0445 \u0438 \u0434\u0440. <a href=\"https:\/\/studiokook.ee\/ru\/fassaadid\/egger-fassaadid\/\">\u041f\u043e\u0434\u0440\u043e\u0431\u043d\u0435\u0435 \u043e \u0444\u0430\u0441\u0430\u0434\u0430\u0445 Egger<\/a>.<\/p>\n<h3>Fenix NTM \u2014 \u043f\u0440\u0435\u043c\u0438\u0443\u043c \u0441 \u043d\u0430\u043d\u043e\u0442\u0435\u0445\u043d\u043e\u043b\u043e\u0433\u0438\u0435\u0439<\/h3>\n<p>Fenix \u2014 \u043d\u0430\u043d\u043e\u0442\u0435\u0445\u043d\u043e\u043b\u043e\u0433\u0438\u0447\u0435\u0441\u043a\u0430\u044f \u043f\u043e\u0432\u0435\u0440\u0445\u043d\u043e\u0441\u0442\u044c \u0438\u0442\u0430\u043b\u044c\u044f\u043d\u0441\u043a\u043e\u0433\u043e \u043f\u0440\u043e\u0438\u0437\u0432\u043e\u0434\u0438\u0442\u0435\u043b\u044f Arpa. \u0411\u0435\u0437 \u043e\u0442\u043f\u0435\u0447\u0430\u0442\u043a\u043e\u0432 \u043f\u0430\u043b\u044c\u0446\u0435\u0432, \u0430\u043d\u0442\u0438\u0431\u0430\u043a\u0442\u0435\u0440\u0438\u0430\u043b\u044c\u043d\u0430\u044f \u0438 \u0441\u0430\u043c\u043e\u0432\u043e\u0441\u0441\u0442\u0430\u043d\u0430\u0432\u043b\u0438\u0432\u0430\u044e\u0449\u0430\u044f\u0441\u044f \u2014 \u043c\u0435\u043b\u043a\u0438\u0435 \u0446\u0430\u0440\u0430\u043f\u0438\u043d\u044b \u0438\u0441\u0447\u0435\u0437\u0430\u044e\u0442 \u043f\u0440\u0438 \u043d\u0430\u0433\u0440\u0435\u0432\u0435. \u041f\u0440\u0435\u043c\u0438\u0430\u043b\u044c\u043d\u044b\u0439 \u0432\u044b\u0431\u043e\u0440 \u0434\u043b\u044f \u0442\u0435\u0445, \u043a\u0442\u043e \u0445\u043e\u0447\u0435\u0442 \u043a\u0443\u0445\u043d\u044e \u043a\u0430\u043a \u0438\u0437 \u0430\u0440\u0445\u0438\u0442\u0435\u043a\u0442\u0443\u0440\u043d\u043e\u0433\u043e \u0436\u0443\u0440\u043d\u0430\u043b\u0430. \u041f\u043e\u0432\u0435\u0440\u0445\u043d\u043e\u0441\u0442\u044c \u0448\u0435\u043b\u043a\u043e\u0432\u0438\u0441\u0442\u043e-\u043c\u0430\u0442\u043e\u0432\u0430\u044f \u0438 \u043f\u0440\u0438\u044f\u0442\u043d\u043e \u0442\u0451\u043f\u043b\u0430\u044f \u043d\u0430 \u043e\u0449\u0443\u043f\u044c. <a href=\"https:\/\/studiokook.ee\/ru\/fassaadid\/fenix\/\">\u041e\u0442\u043a\u0440\u043e\u0439\u0442\u0435 \u0444\u0430\u0441\u0430\u0434\u044b Fenix NTM<\/a>.<\/p>\n<h3>\u041a\u0430\u043a \u0432\u044b\u0431\u0440\u0430\u0442\u044c?<\/h3>\n<p><strong>\u0412\u044b\u0431\u0438\u0440\u0430\u0439\u0442\u0435 Egger, \u0435\u0441\u043b\u0438 \u043f\u0440\u0438\u043e\u0440\u0438\u0442\u0435\u0442 \u2014 \u0431\u043e\u043b\u044c\u0448\u043e\u0439 \u0432\u044b\u0431\u043e\u0440 \u0446\u0432\u0435\u0442\u043e\u0432, \u0438\u043c\u0438\u0442\u0430\u0446\u0438\u044f \u0434\u0435\u0440\u0435\u0432\u0430 \u0438 \u0445\u043e\u0440\u043e\u0448\u0430\u044f \u0446\u0435\u043d\u0430. \u0412\u044b\u0431\u0438\u0440\u0430\u0439\u0442\u0435 Fenix, \u0435\u0441\u043b\u0438 \u0445\u043e\u0442\u0438\u0442\u0435 \u043f\u0440\u0435\u043c\u0438\u0430\u043b\u044c\u043d\u0443\u044e \u043f\u043e\u0432\u0435\u0440\u0445\u043d\u043e\u0441\u0442\u044c \u0431\u0435\u0437 \u043e\u0442\u043f\u0435\u0447\u0430\u0442\u043a\u043e\u0432, \u0430\u043d\u0442\u0438\u0431\u0430\u043a\u0442\u0435\u0440\u0438\u0430\u043b\u044c\u043d\u0443\u044e \u0437\u0430\u0449\u0438\u0442\u0443 \u0438 \u043c\u0438\u043d\u0438\u043c\u0430\u043b\u0438\u0441\u0442\u0438\u0447\u043d\u044b\u0439 \u0434\u0438\u0437\u0430\u0439\u043d. \u041e\u0431\u0430 \u043c\u0430\u0442\u0435\u0440\u0438\u0430\u043b\u0430 \u0447\u0440\u0435\u0437\u0432\u044b\u0447\u0430\u0439\u043d\u043e \u0438\u0437\u043d\u043e\u0441\u043e\u0441\u0442\u043e\u0439\u043a\u0438 \u0438 \u0441\u043e\u043e\u0442\u0432\u0435\u0442\u0441\u0442\u0432\u0443\u044e\u0442 \u0435\u0432\u0440\u043e\u043f\u0435\u0439\u0441\u043a\u0438\u043c \u0441\u0442\u0430\u043d\u0434\u0430\u0440\u0442\u0430\u043c.<\/strong>, \u0435\u0441\u043b\u0438 \u043f\u0440\u0438\u043e\u0440\u0438\u0442\u0435\u0442 \u2014 \u0431\u043e\u043b\u044c\u0448\u043e\u0439 \u0432\u044b\u0431\u043e\u0440 \u0446\u0432\u0435\u0442\u043e\u0432, \u0438\u043c\u0438\u0442\u0430\u0446\u0438\u044f \u0434\u0435\u0440\u0435\u0432\u0430 \u0438 \u0445\u043e\u0440\u043e\u0448\u0430\u044f \u0446\u0435\u043d\u0430. <strong>\u0412\u044b\u0431\u0438\u0440\u0430\u0439\u0442\u0435 Fenix<\/strong>, \u0435\u0441\u043b\u0438 \u0445\u043e\u0442\u0438\u0442\u0435 \u043f\u0440\u0435\u043c\u0438\u0430\u043b\u044c\u043d\u0443\u044e \u043f\u043e\u0432\u0435\u0440\u0445\u043d\u043e\u0441\u0442\u044c \u0431\u0435\u0437 \u043e\u0442\u043f\u0435\u0447\u0430\u0442\u043a\u043e\u0432, \u0430\u043d\u0442\u0438\u0431\u0430\u043a\u0442\u0435\u0440\u0438\u0430\u043b\u044c\u043d\u0443\u044e \u0437\u0430\u0449\u0438\u0442\u0443 \u0438 \u043c\u0438\u043d\u0438\u043c\u0430\u043b\u0438\u0441\u0442\u0438\u0447\u043d\u044b\u0439 \u0434\u0438\u0437\u0430\u0439\u043d. \u041e\u0431\u0430 \u043c\u0430\u0442\u0435\u0440\u0438\u0430\u043b\u0430 \u0447\u0440\u0435\u0437\u0432\u044b\u0447\u0430\u0439\u043d\u043e \u0438\u0437\u043d\u043e\u0441\u043e\u0441\u0442\u043e\u0439\u043a\u0438 \u0438 \u0441\u043e\u043e\u0442\u0432\u0435\u0442\u0441\u0442\u0432\u0443\u044e\u0442 \u0435\u0432\u0440\u043e\u043f\u0435\u0439\u0441\u043a\u0438\u043c \u0441\u0442\u0430\u043d\u0434\u0430\u0440\u0442\u0430\u043c.<\/p>\n<p>\u0412 \u043d\u0430\u0448\u0435\u043c \u0441\u0430\u043b\u043e\u043d\u0435 \u0432\u044b \u043d\u0430\u0439\u0434\u0451\u0442\u0435 \u0444\u0438\u0437\u0438\u0447\u0435\u0441\u043a\u0438\u0435 \u043e\u0431\u0440\u0430\u0437\u0446\u044b \u043e\u0431\u043e\u0438\u0445 \u043c\u0430\u0442\u0435\u0440\u0438\u0430\u043b\u043e\u0432 \u2014 \u043f\u043e\u0442\u0440\u043e\u0433\u0430\u0439\u0442\u0435 \u0438 \u0441\u0440\u0430\u0432\u043d\u0438\u0442\u0435 \u043f\u0435\u0440\u0435\u0434 \u043f\u0440\u0438\u043d\u044f\u0442\u0438\u0435\u043c \u0440\u0435\u0448\u0435\u043d\u0438\u044f. \u0414\u043b\u044f \u043a\u0430\u0436\u0434\u043e\u0439 \u043a\u0443\u0445\u043d\u0438 \u0432\u044b \u043f\u043e\u043b\u0443\u0447\u0438\u0442\u0435 <strong>\u0431\u0435\u0441\u043f\u043b\u0430\u0442\u043d\u0443\u044e 3D-\u0432\u0438\u0437\u0443\u0430\u043b\u0438\u0437\u0430\u0446\u0438\u044e<\/strong>.<\/p>\n<p>\u041f\u043e\u0441\u0435\u0442\u0438\u0442\u0435 \u0441\u0430\u043b\u043e\u043d: <strong>\u041f\u043e\u0441\u0435\u0442\u0438\u0442\u0435 \u043d\u0430\u0448 \u0441\u0430\u043b\u043e\u043d \u043f\u043e \u0430\u0434\u0440\u0435\u0441\u0443 Paldiski mnt 21, \u0422\u0430\u043b\u043b\u0438\u043d\u043d \u0438 \u043f\u043e\u0441\u043c\u043e\u0442\u0440\u0438\u0442\u0435 \u043c\u0430\u0442\u0435\u0440\u0438\u0430\u043b\u044b \u043d\u0430 \u043c\u0435\u0441\u0442\u0435. \u0422\u0435\u043b: 555 25 143.<\/strong>. \u041f\u043d\u2013\u041f\u0442 10\u201318, \u0421\u0431 11\u201317. <strong>\u0422\u0435\u043b: 555 25 143<\/strong>.<\/p>","protected":false},"excerpt":{"rendered":"<p>K\u00f6\u00f6gifassaadid \u2014 teie k\u00f6\u00f6gi n\u00e4gu K\u00f6\u00f6gifassaadid moodustavad k\u00f6\u00f6gim\u00f6\u00f6bli visuaalsest k\u00fcljest 60\u201380%. Just fassaadide v\u00e4rv, tekstuur ja materjal loob teie k\u00f6\u00f6gi [&hellip;]<\/p>","protected":false},"author":1,"featured_media":0,"parent":0,"menu_order":0,"comment_status":"closed","ping_status":"closed","template":"","meta":{"_yoast_wpseo_focuskw":"","_yoast_wpseo_title":"K\u00f6\u00f6gifassaadid \u2014 Egger, Fenix NTM | Studiok\u00f6\u00f6k","_yoast_wpseo_metadesc":"K\u00f6\u00f6gifassaadid: Egger laminaat, Fenix NTM nanotehnoloogia. Austria ja Itaalia kvaliteet. Lai valik v\u00e4rve ja tekstuure. Tel: 55 525 143","site-sidebar-layout":"default","site-content-layout":"","ast-site-content-layout":"","site-content-style":"default","site-sidebar-style":"default","ast-global-header-display":"","ast-banner-title-visibility":"","ast-main-header-display":"","ast-hfb-above-header-display":"","ast-hfb-below-header-display":"","ast-hfb-mobile-header-display":"","site-post-title":"","ast-breadcrumbs-content":"","ast-featured-img":"","footer-sml-layout":"","theme-transparent-header-meta":"","adv-header-id-meta":"","stick-header-meta":"","header-above-stick-meta":"","header-main-stick-meta":"","header-below-stick-meta":"","astra-migrate-meta-layouts":"default","ast-page-background-enabled":"default","ast-page-background-meta":{"desktop":{"background-color":"var(--ast-global-color-4)","background-image":"","background-repeat":"repeat","background-position":"center center","background-size":"auto","background-attachment":"scroll","background-type":"","background-media":"","overlay-type":"","overlay-color":"","overlay-opacity":"","overlay-gradient":""},"tablet":{"background-color":"","background-image":"","background-repeat":"repeat","background-position":"center center","background-size":"auto","background-attachment":"scroll","background-type":"","background-media":"","overlay-type":"","overlay-color":"","overlay-opacity":"","overlay-gradient":""},"mobile":{"background-color":"","background-image":"","background-repeat":"repeat","background-position":"center center","background-size":"auto","background-attachment":"scroll","background-type":"","background-media":"","overlay-type":"","overlay-color":"","overlay-opacity":"","overlay-gradient":""}},"ast-content-background-meta":{"desktop":{"background-color":"var(--ast-global-color-5)","background-image":"","background-repeat":"repeat","background-position":"center center","background-size":"auto","background-attachment":"scroll","background-type":"","background-media":"","overlay-type":"","overlay-color":"","overlay-opacity":"","overlay-gradient":""},"tablet":{"background-color":"var(--ast-global-color-5)","background-image":"","background-repeat":"repeat","background-position":"center center","background-size":"auto","background-attachment":"scroll","background-type":"","background-media":"","overlay-type":"","overlay-color":"","overlay-opacity":"","overlay-gradient":""},"mobile":{"background-color":"var(--ast-global-color-5)","background-image":"","background-repeat":"repeat","background-position":"center center","background-size":"auto","background-attachment":"scroll","background-type":"","background-media":"","overlay-type":"","overlay-color":"","overlay-opacity":"","overlay-gradient":""}},"ngg_post_thumbnail":0,"footnotes":""},"class_list":["post-5800","page","type-page","status-publish","hentry"],"yoast_head":"<!-- This site is optimized with the Yoast SEO plugin v26.3 - https:\/\/yoast.com\/wordpress\/plugins\/seo\/ -->\n<title>K\u00f6\u00f6gifassaadid \u2014 Egger, Fenix NTM | Studiok\u00f6\u00f6k<\/title>\n<meta name=\"description\" content=\"K\u00f6\u00f6gifassaadid: Egger laminaat, Fenix NTM nanotehnoloogia. Austria ja Itaalia kvaliteet. Lai valik v\u00e4rve ja tekstuure. Tel: 55 525 143\" \/>\n<meta name=\"robots\" content=\"index, follow, max-snippet:-1, max-image-preview:large, max-video-preview:-1\" \/>\n<link rel=\"canonical\" href=\"https:\/\/studiokook.ee\/ru\/fassaadid\/\" \/>\n<meta property=\"og:locale\" content=\"ru_RU\" \/>\n<meta property=\"og:type\" content=\"article\" \/>\n<meta property=\"og:title\" content=\"K\u00f6\u00f6gifassaadid \u2014 Egger, Fenix NTM | Studiok\u00f6\u00f6k\" \/>\n<meta property=\"og:description\" content=\"K\u00f6\u00f6gifassaadid: Egger laminaat, Fenix NTM nanotehnoloogia. Austria ja Itaalia kvaliteet. Lai valik v\u00e4rve ja tekstuure. Tel: 55 525 143\" \/>\n<meta property=\"og:url\" content=\"https:\/\/studiokook.ee\/ru\/fassaadid\/\" \/>\n<meta property=\"og:site_name\" content=\"Studiok\u00f6\u00f6k\" \/>\n<meta property=\"article:modified_time\" content=\"2026-03-22T11:04:10+00:00\" \/>\n<meta property=\"og:image\" content=\"https:\/\/studiokook.ee\/wp-content\/uploads\/2024\/02\/IKL3101-scaled-1.webp\" \/>\n\t<meta property=\"og:image:width\" content=\"2560\" \/>\n\t<meta property=\"og:image:height\" content=\"1708\" \/>\n\t<meta property=\"og:image:type\" content=\"image\/webp\" \/>\n<meta name=\"twitter:card\" content=\"summary_large_image\" \/>\n<script type=\"application\/ld+json\" class=\"yoast-schema-graph\">{\"@context\":\"https:\/\/schema.org\",\"@graph\":[{\"@type\":\"WebPage\",\"@id\":\"https:\/\/studiokook.ee\/fassaadid\/\",\"url\":\"https:\/\/studiokook.ee\/fassaadid\/\",\"name\":\"K\u00f6\u00f6gifassaadid \u2014 Egger, Fenix NTM | Studiok\u00f6\u00f6k\",\"isPartOf\":{\"@id\":\"https:\/\/studiokook.ee\/#website\"},\"datePublished\":\"2026-02-01T10:34:21+00:00\",\"dateModified\":\"2026-03-22T11:04:10+00:00\",\"description\":\"\u041a\u0443\u0445\u043e\u043d\u043d\u0430\u044f \u043c\u0435\u0431\u0435\u043b\u044c \u043d\u0430 \u0437\u0430\u043a\u0430\u0437 \u0432 \u0422\u0430\u043b\u043b\u0438\u043d\u043d\u0435. \u0418\u043d\u0434\u0438\u0432\u0438\u0434\u0443\u0430\u043b\u044c\u043d\u044b\u0435 \u043a\u0443\u0445\u043d\u0438 \u043f\u043e \u0432\u0430\u0448\u0438\u043c \u0440\u0430\u0437\u043c\u0435\u0440\u0430\u043c \u0438 \u0434\u0438\u0437\u0430\u0439\u043d\u0443. \u0410\u0432\u0441\u0442\u0440\u0438\u0439\u0441\u043a\u0430\u044f \u0444\u0443\u0440\u043d\u0438\u0442\u0443\u0440\u0430, \u0433\u0430\u0440\u0430\u043d\u0442\u0438\u044f 5 \u043b\u0435\u0442.\",\"breadcrumb\":{\"@id\":\"https:\/\/studiokook.ee\/fassaadid\/#breadcrumb\"},\"inLanguage\":\"ru-RU\",\"potentialAction\":[{\"@type\":\"ReadAction\",\"target\":[\"https:\/\/studiokook.ee\/fassaadid\/\"]}]},{\"@type\":\"WebSite\",\"@id\":\"https:\/\/studiokook.ee\/#website\",\"url\":\"https:\/\/studiokook.ee\/\",\"name\":\"Studiok\u00f6\u00f6k\",\"description\":\"\",\"potentialAction\":[{\"@type\":\"SearchAction\",\"target\":{\"@type\":\"EntryPoint\",\"urlTemplate\":\"https:\/\/studiokook.ee\/?s={search_term_string}\"},\"query-input\":{\"@type\":\"PropertyValueSpecification\",\"valueRequired\":true,\"valueName\":\"search_term_string\"}}],\"inLanguage\":\"ru-RU\"}]}<\/script>\n<!-- \/ Yoast SEO plugin. -->","yoast_head_json":{"title":"K\u00f6\u00f6gifassaadid \u2014 Egger, Fenix NTM | Studiok\u00f6\u00f6k","description":"K\u00f6\u00f6gifassaadid: Egger laminaat, Fenix NTM nanotehnoloogia. Austria ja Itaalia kvaliteet. Lai valik v\u00e4rve ja tekstuure. Tel: 55 525 143","robots":{"index":"index","follow":"follow","max-snippet":"max-snippet:-1","max-image-preview":"max-image-preview:large","max-video-preview":"max-video-preview:-1"},"canonical":"https:\/\/studiokook.ee\/ru\/fassaadid\/","og_locale":"ru_RU","og_type":"article","og_title":"K\u00f6\u00f6gifassaadid \u2014 Egger, Fenix NTM | Studiok\u00f6\u00f6k","og_description":"K\u00f6\u00f6gifassaadid: Egger laminaat, Fenix NTM nanotehnoloogia. Austria ja Itaalia kvaliteet. Lai valik v\u00e4rve ja tekstuure. Tel: 55 525 143","og_url":"https:\/\/studiokook.ee\/ru\/fassaadid\/","og_site_name":"Studiok\u00f6\u00f6k","article_modified_time":"2026-03-22T11:04:10+00:00","og_image":[{"width":2560,"height":1708,"url":"https:\/\/studiokook.ee\/wp-content\/uploads\/2024\/02\/IKL3101-scaled-1.webp","type":"image\/webp"}],"twitter_card":"summary_large_image","schema":{"@context":"https:\/\/schema.org","@graph":[{"@type":"WebPage","@id":"https:\/\/studiokook.ee\/fassaadid\/","url":"https:\/\/studiokook.ee\/fassaadid\/","name":"K\u00f6\u00f6gifassaadid \u2014 Egger, Fenix NTM | Studiok\u00f6\u00f6k","isPartOf":{"@id":"https:\/\/studiokook.ee\/#website"},"datePublished":"2026-02-01T10:34:21+00:00","dateModified":"2026-03-22T11:04:10+00:00","description":"\u041a\u0443\u0445\u043e\u043d\u043d\u0430\u044f \u043c\u0435\u0431\u0435\u043b\u044c \u043d\u0430 \u0437\u0430\u043a\u0430\u0437 \u0432 \u0422\u0430\u043b\u043b\u0438\u043d\u043d\u0435. \u0418\u043d\u0434\u0438\u0432\u0438\u0434\u0443\u0430\u043b\u044c\u043d\u044b\u0435 \u043a\u0443\u0445\u043d\u0438 \u043f\u043e \u0432\u0430\u0448\u0438\u043c \u0440\u0430\u0437\u043c\u0435\u0440\u0430\u043c \u0438 \u0434\u0438\u0437\u0430\u0439\u043d\u0443. \u0410\u0432\u0441\u0442\u0440\u0438\u0439\u0441\u043a\u0430\u044f \u0444\u0443\u0440\u043d\u0438\u0442\u0443\u0440\u0430, \u0433\u0430\u0440\u0430\u043d\u0442\u0438\u044f 5 \u043b\u0435\u0442.","breadcrumb":{"@id":"https:\/\/studiokook.ee\/fassaadid\/#breadcrumb"},"inLanguage":"ru-RU","potentialAction":[{"@type":"ReadAction","target":["https:\/\/studiokook.ee\/fassaadid\/"]}]},{"@type":"WebSite","@id":"https:\/\/studiokook.ee\/#website","url":"https:\/\/studiokook.ee\/","name":"Studiok\u00f6\u00f6k","description":"","potentialAction":[{"@type":"SearchAction","target":{"@type":"EntryPoint","urlTemplate":"https:\/\/studiokook.ee\/?s={search_term_string}"},"query-input":{"@type":"PropertyValueSpecification","valueRequired":true,"valueName":"search_term_string"}}],"inLanguage":"ru-RU"}]}},"_links":{"self":[{"href":"https:\/\/studiokook.ee\/ru\/wp-json\/wp\/v2\/pages\/5800","targetHints":{"allow":["GET"]}}],"collection":[{"href":"https:\/\/studiokook.ee\/ru\/wp-json\/wp\/v2\/pages"}],"about":[{"href":"https:\/\/studiokook.ee\/ru\/wp-json\/wp\/v2\/types\/page"}],"author":[{"embeddable":true,"href":"https:\/\/studiokook.ee\/ru\/wp-json\/wp\/v2\/users\/1"}],"replies":[{"embeddable":true,"href":"https:\/\/studiokook.ee\/ru\/wp-json\/wp\/v2\/comments?post=5800"}],"version-history":[{"count":6,"href":"https:\/\/studiokook.ee\/ru\/wp-json\/wp\/v2\/pages\/5800\/revisions"}],"predecessor-version":[{"id":6406,"href":"https:\/\/studiokook.ee\/ru\/wp-json\/wp\/v2\/pages\/5800\/revisions\/6406"}],"wp:attachment":[{"href":"https:\/\/studiokook.ee\/ru\/wp-json\/wp\/v2\/media?parent=5800"}],"curies":[{"name":"wp","href":"https:\/\/api.w.org\/{rel}","templated":true}]}}