{"id":6309,"date":"2026-02-02T19:49:08","date_gmt":"2026-02-02T16:49:08","guid":{"rendered":"https:\/\/studiokook.ee\/fassaadid\/egger-fassaadid\/"},"modified":"2026-04-26T09:23:14","modified_gmt":"2026-04-26T06:23:14","slug":"egger-fassaadid","status":"publish","type":"page","link":"https:\/\/studiokook.ee\/ru\/fassaadid\/egger-fassaadid\/","title":{"rendered":"\u0424\u0430\u0441\u0430\u0434\u043d\u044b\u0435 \u043c\u0430\u0442\u0435\u0440\u0438\u0430\u043b\u044b Egger"},"content":{"rendered":"<p class=\"lead\">Egger pakub laia valiku kvaliteetseid dekoore k\u00f6\u00f6gifassaadide jaoks. Valige sobiv dekoor kolmest kategooriast.<\/p>\n<h2>F-\u0441\u0435\u0440\u0438\u044f<\/h2>\n<p>\u0414\u0435\u043a\u043e\u0440\u0430\u0442\u0438\u0432\u043d\u044b\u0435 \u0444\u0430\u0441\u0430\u0434\u043d\u044b\u0435 \u043c\u0430\u0442\u0435\u0440\u0438\u0430\u043b\u044b \u0441 \u0442\u0435\u043a\u0441\u0442\u0443\u0440\u043e\u0439 \u043a\u0430\u043c\u043d\u044f \u0438 \u043c\u0438\u043d\u0435\u0440\u0430\u043b\u043e\u0432.<\/p>\nngg_shortcode_0_placeholder\n<h2>H-\u0441\u0435\u0440\u0438\u044f<\/h2>\n<p>\u0424\u0430\u0441\u0430\u0434\u043d\u044b\u0435 \u043c\u0430\u0442\u0435\u0440\u0438\u0430\u043b\u044b \u0441 \u043d\u0430\u0442\u0443\u0440\u0430\u043b\u044c\u043d\u043e\u0439 \u0442\u0435\u043a\u0441\u0442\u0443\u0440\u043e\u0439 \u0434\u0435\u0440\u0435\u0432\u0430.<\/p>\nngg_shortcode_1_placeholder\n<h2>U-\u0441\u0435\u0440\u0438\u044f<\/h2>\n<p>\u041e\u0434\u043d\u043e\u0442\u043e\u043d\u043d\u044b\u0435 \u043c\u0438\u043d\u0438\u043c\u0430\u043b\u0438\u0441\u0442\u0438\u0447\u043d\u044b\u0435 \u0444\u0430\u0441\u0430\u0434\u043d\u044b\u0435 \u043c\u0430\u0442\u0435\u0440\u0438\u0430\u043b\u044b.<\/p>\nngg_shortcode_2_placeholder","protected":false},"excerpt":{"rendered":"<p>Egger pakub laia valiku kvaliteetseid dekoore k\u00f6\u00f6gifassaadide jaoks. Valige sobiv dekoor kolmest kategooriast. F-series Kivi- ja mineraaltekstuuridega dekoratiivsed fassaadimaterjalid. H-series [&hellip;]<\/p>","protected":false},"author":1,"featured_media":0,"parent":5800,"menu_order":0,"comment_status":"closed","ping_status":"closed","template":"","meta":{"_yoast_wpseo_focuskw":"","_yoast_wpseo_title":"EGGER k\u00f6\u00f6gifassaadid | 200+ dekoori | Studiok\u00f6\u00f6k","_yoast_wpseo_metadesc":"EGGER k\u00f6\u00f6gifassaadid: k\u00f5rgsurvlaminaat ja PerfectSense matt. \u00dcle 200 dekoori, niiskuskindlad ja vastupidavad. Studiok\u00f6\u00f6k Tallinn.","site-sidebar-layout":"default","site-content-layout":"","ast-site-content-layout":"","site-content-style":"default","site-sidebar-style":"default","ast-global-header-display":"","ast-banner-title-visibility":"","ast-main-header-display":"","ast-hfb-above-header-display":"","ast-hfb-below-header-display":"","ast-hfb-mobile-header-display":"","site-post-title":"","ast-breadcrumbs-content":"","ast-featured-img":"","footer-sml-layout":"","theme-transparent-header-meta":"","adv-header-id-meta":"","stick-header-meta":"","header-above-stick-meta":"","header-main-stick-meta":"","header-below-stick-meta":"","astra-migrate-meta-layouts":"default","ast-page-background-enabled":"default","ast-page-background-meta":{"desktop":{"background-color":"var(--ast-global-color-4)","background-image":"","background-repeat":"repeat","background-position":"center center","background-size":"auto","background-attachment":"scroll","background-type":"","background-media":"","overlay-type":"","overlay-color":"","overlay-opacity":"","overlay-gradient":""},"tablet":{"background-color":"","background-image":"","background-repeat":"repeat","background-position":"center center","background-size":"auto","background-attachment":"scroll","background-type":"","background-media":"","overlay-type":"","overlay-color":"","overlay-opacity":"","overlay-gradient":""},"mobile":{"background-color":"","background-image":"","background-repeat":"repeat","background-position":"center center","background-size":"auto","background-attachment":"scroll","background-type":"","background-media":"","overlay-type":"","overlay-color":"","overlay-opacity":"","overlay-gradient":""}},"ast-content-background-meta":{"desktop":{"background-color":"var(--ast-global-color-5)","background-image":"","background-repeat":"repeat","background-position":"center center","background-size":"auto","background-attachment":"scroll","background-type":"","background-media":"","overlay-type":"","overlay-color":"","overlay-opacity":"","overlay-gradient":""},"tablet":{"background-color":"var(--ast-global-color-5)","background-image":"","background-repeat":"repeat","background-position":"center center","background-size":"auto","background-attachment":"scroll","background-type":"","background-media":"","overlay-type":"","overlay-color":"","overlay-opacity":"","overlay-gradient":""},"mobile":{"background-color":"var(--ast-global-color-5)","background-image":"","background-repeat":"repeat","background-position":"center center","background-size":"auto","background-attachment":"scroll","background-type":"","background-media":"","overlay-type":"","overlay-color":"","overlay-opacity":"","overlay-gradient":""}},"ngg_post_thumbnail":0,"footnotes":""},"class_list":["post-6309","page","type-page","status-publish","hentry"],"yoast_head":"<!-- This site is optimized with the Yoast SEO plugin v26.3 - https:\/\/yoast.com\/wordpress\/plugins\/seo\/ -->\n<title>EGGER k\u00f6\u00f6gifassaadid | 200+ dekoori | Studiok\u00f6\u00f6k<\/title>\n<meta name=\"description\" content=\"EGGER k\u00f6\u00f6gifassaadid: k\u00f5rgsurvlaminaat ja PerfectSense matt. \u00dcle 200 dekoori, niiskuskindlad ja vastupidavad. Studiok\u00f6\u00f6k Tallinn.\" \/>\n<meta name=\"robots\" content=\"index, follow, max-snippet:-1, max-image-preview:large, max-video-preview:-1\" \/>\n<link rel=\"canonical\" href=\"https:\/\/studiokook.ee\/ru\/fassaadid\/egger-fassaadid\/\" \/>\n<meta property=\"og:locale\" content=\"ru_RU\" \/>\n<meta property=\"og:type\" content=\"article\" \/>\n<meta property=\"og:title\" content=\"EGGER k\u00f6\u00f6gifassaadid | 200+ dekoori | Studiok\u00f6\u00f6k\" \/>\n<meta property=\"og:description\" content=\"EGGER k\u00f6\u00f6gifassaadid: k\u00f5rgsurvlaminaat ja PerfectSense matt. \u00dcle 200 dekoori, niiskuskindlad ja vastupidavad. Studiok\u00f6\u00f6k Tallinn.\" \/>\n<meta property=\"og:url\" content=\"https:\/\/studiokook.ee\/ru\/fassaadid\/egger-fassaadid\/\" \/>\n<meta property=\"og:site_name\" content=\"Studiok\u00f6\u00f6k\" \/>\n<meta property=\"article:modified_time\" content=\"2026-04-26T06:23:14+00:00\" \/>\n<meta property=\"og:image\" content=\"https:\/\/studiokook.ee\/wp-content\/uploads\/2024\/02\/IKL3101-scaled-1.webp\" \/>\n\t<meta property=\"og:image:width\" content=\"2560\" \/>\n\t<meta property=\"og:image:height\" content=\"1708\" \/>\n\t<meta property=\"og:image:type\" content=\"image\/webp\" \/>\n<meta name=\"twitter:card\" content=\"summary_large_image\" \/>\n<script type=\"application\/ld+json\" class=\"yoast-schema-graph\">{\"@context\":\"https:\/\/schema.org\",\"@graph\":[{\"@type\":\"WebPage\",\"@id\":\"https:\/\/studiokook.ee\/fassaadid\/egger-fassaadid\/\",\"url\":\"https:\/\/studiokook.ee\/fassaadid\/egger-fassaadid\/\",\"name\":\"EGGER k\u00f6\u00f6gifassaadid | 200+ dekoori | Studiok\u00f6\u00f6k\",\"isPartOf\":{\"@id\":\"https:\/\/studiokook.ee\/#website\"},\"datePublished\":\"2026-02-02T16:49:08+00:00\",\"dateModified\":\"2026-04-26T06:23:14+00:00\",\"description\":\"\u041a\u0443\u0445\u043e\u043d\u043d\u0430\u044f \u043c\u0435\u0431\u0435\u043b\u044c \u043d\u0430 \u0437\u0430\u043a\u0430\u0437 \u0432 \u0422\u0430\u043b\u043b\u0438\u043d\u043d\u0435. \u0418\u043d\u0434\u0438\u0432\u0438\u0434\u0443\u0430\u043b\u044c\u043d\u044b\u0435 \u043a\u0443\u0445\u043d\u0438 \u043f\u043e \u0432\u0430\u0448\u0438\u043c \u0440\u0430\u0437\u043c\u0435\u0440\u0430\u043c \u0438 \u0434\u0438\u0437\u0430\u0439\u043d\u0443. \u0410\u0432\u0441\u0442\u0440\u0438\u0439\u0441\u043a\u0430\u044f \u0444\u0443\u0440\u043d\u0438\u0442\u0443\u0440\u0430, \u0433\u0430\u0440\u0430\u043d\u0442\u0438\u044f 5 \u043b\u0435\u0442.\",\"breadcrumb\":{\"@id\":\"https:\/\/studiokook.ee\/fassaadid\/egger-fassaadid\/#breadcrumb\"},\"inLanguage\":\"ru-RU\",\"potentialAction\":[{\"@type\":\"ReadAction\",\"target\":[\"https:\/\/studiokook.ee\/fassaadid\/egger-fassaadid\/\"]}]},{\"@type\":\"WebSite\",\"@id\":\"https:\/\/studiokook.ee\/#website\",\"url\":\"https:\/\/studiokook.ee\/\",\"name\":\"Studiok\u00f6\u00f6k\",\"description\":\"\",\"potentialAction\":[{\"@type\":\"SearchAction\",\"target\":{\"@type\":\"EntryPoint\",\"urlTemplate\":\"https:\/\/studiokook.ee\/?s={search_term_string}\"},\"query-input\":{\"@type\":\"PropertyValueSpecification\",\"valueRequired\":true,\"valueName\":\"search_term_string\"}}],\"inLanguage\":\"ru-RU\"}]}<\/script>\n<!-- \/ Yoast SEO plugin. -->","yoast_head_json":{"title":"EGGER k\u00f6\u00f6gifassaadid | 200+ dekoori | Studiok\u00f6\u00f6k","description":"EGGER k\u00f6\u00f6gifassaadid: k\u00f5rgsurvlaminaat ja PerfectSense matt. \u00dcle 200 dekoori, niiskuskindlad ja vastupidavad. Studiok\u00f6\u00f6k Tallinn.","robots":{"index":"index","follow":"follow","max-snippet":"max-snippet:-1","max-image-preview":"max-image-preview:large","max-video-preview":"max-video-preview:-1"},"canonical":"https:\/\/studiokook.ee\/ru\/fassaadid\/egger-fassaadid\/","og_locale":"ru_RU","og_type":"article","og_title":"EGGER k\u00f6\u00f6gifassaadid | 200+ dekoori | Studiok\u00f6\u00f6k","og_description":"EGGER k\u00f6\u00f6gifassaadid: k\u00f5rgsurvlaminaat ja PerfectSense matt. \u00dcle 200 dekoori, niiskuskindlad ja vastupidavad. Studiok\u00f6\u00f6k Tallinn.","og_url":"https:\/\/studiokook.ee\/ru\/fassaadid\/egger-fassaadid\/","og_site_name":"Studiok\u00f6\u00f6k","article_modified_time":"2026-04-26T06:23:14+00:00","og_image":[{"width":2560,"height":1708,"url":"https:\/\/studiokook.ee\/wp-content\/uploads\/2024\/02\/IKL3101-scaled-1.webp","type":"image\/webp"}],"twitter_card":"summary_large_image","schema":{"@context":"https:\/\/schema.org","@graph":[{"@type":"WebPage","@id":"https:\/\/studiokook.ee\/fassaadid\/egger-fassaadid\/","url":"https:\/\/studiokook.ee\/fassaadid\/egger-fassaadid\/","name":"EGGER k\u00f6\u00f6gifassaadid | 200+ dekoori | Studiok\u00f6\u00f6k","isPartOf":{"@id":"https:\/\/studiokook.ee\/#website"},"datePublished":"2026-02-02T16:49:08+00:00","dateModified":"2026-04-26T06:23:14+00:00","description":"\u041a\u0443\u0445\u043e\u043d\u043d\u0430\u044f \u043c\u0435\u0431\u0435\u043b\u044c \u043d\u0430 \u0437\u0430\u043a\u0430\u0437 \u0432 \u0422\u0430\u043b\u043b\u0438\u043d\u043d\u0435. \u0418\u043d\u0434\u0438\u0432\u0438\u0434\u0443\u0430\u043b\u044c\u043d\u044b\u0435 \u043a\u0443\u0445\u043d\u0438 \u043f\u043e \u0432\u0430\u0448\u0438\u043c \u0440\u0430\u0437\u043c\u0435\u0440\u0430\u043c \u0438 \u0434\u0438\u0437\u0430\u0439\u043d\u0443. \u0410\u0432\u0441\u0442\u0440\u0438\u0439\u0441\u043a\u0430\u044f \u0444\u0443\u0440\u043d\u0438\u0442\u0443\u0440\u0430, \u0433\u0430\u0440\u0430\u043d\u0442\u0438\u044f 5 \u043b\u0435\u0442.","breadcrumb":{"@id":"https:\/\/studiokook.ee\/fassaadid\/egger-fassaadid\/#breadcrumb"},"inLanguage":"ru-RU","potentialAction":[{"@type":"ReadAction","target":["https:\/\/studiokook.ee\/fassaadid\/egger-fassaadid\/"]}]},{"@type":"WebSite","@id":"https:\/\/studiokook.ee\/#website","url":"https:\/\/studiokook.ee\/","name":"Studiok\u00f6\u00f6k","description":"","potentialAction":[{"@type":"SearchAction","target":{"@type":"EntryPoint","urlTemplate":"https:\/\/studiokook.ee\/?s={search_term_string}"},"query-input":{"@type":"PropertyValueSpecification","valueRequired":true,"valueName":"search_term_string"}}],"inLanguage":"ru-RU"}]}},"_links":{"self":[{"href":"https:\/\/studiokook.ee\/ru\/wp-json\/wp\/v2\/pages\/6309","targetHints":{"allow":["GET"]}}],"collection":[{"href":"https:\/\/studiokook.ee\/ru\/wp-json\/wp\/v2\/pages"}],"about":[{"href":"https:\/\/studiokook.ee\/ru\/wp-json\/wp\/v2\/types\/page"}],"author":[{"embeddable":true,"href":"https:\/\/studiokook.ee\/ru\/wp-json\/wp\/v2\/users\/1"}],"replies":[{"embeddable":true,"href":"https:\/\/studiokook.ee\/ru\/wp-json\/wp\/v2\/comments?post=6309"}],"version-history":[{"count":2,"href":"https:\/\/studiokook.ee\/ru\/wp-json\/wp\/v2\/pages\/6309\/revisions"}],"predecessor-version":[{"id":6369,"href":"https:\/\/studiokook.ee\/ru\/wp-json\/wp\/v2\/pages\/6309\/revisions\/6369"}],"up":[{"embeddable":true,"href":"https:\/\/studiokook.ee\/ru\/wp-json\/wp\/v2\/pages\/5800"}],"wp:attachment":[{"href":"https:\/\/studiokook.ee\/ru\/wp-json\/wp\/v2\/media?parent=6309"}],"curies":[{"name":"wp","href":"https:\/\/api.w.org\/{rel}","templated":true}]}}